{"id":529,"date":"2015-09-13T10:46:30","date_gmt":"2015-09-13T10:46:30","guid":{"rendered":"http:\/\/cebilbilitanos.com\/?page_id=529"},"modified":"2019-11-25T12:21:12","modified_gmt":"2019-11-25T12:21:12","slug":"la-escultura-romanista-en-la-comarca-de-la-comunidad-de-calatayud-y-su-area-de-influencia","status":"publish","type":"page","link":"https:\/\/cebilbilitanos.com\/?page_id=529","title":{"rendered":"La escultura romanista en la Comarca de la Comunidad de Calatayud y su \u00e1rea de influencia"},"content":{"rendered":"<p><a href=\"http:\/\/cebilbilitanos.com\/wp-content\/uploads\/2015\/09\/romanista.jpg\"><img decoding=\"async\" loading=\"lazy\" class=\"aligncenter size-full wp-image-530\" src=\"http:\/\/cebilbilitanos.com\/wp-content\/uploads\/2015\/09\/romanista.jpg\" alt=\"romanista\" width=\"178\" height=\"250\" \/><\/a><\/p>\n<p><b>CRIADO MAINAR, Jes\u00fas<\/b>,\u00a0<i>La escultura romanista en la Comarca de la Comunidad de Calatayud y su \u00e1rea de influencia<\/i>. 1589-1639, CEB, Calatayud, 2013, Centro de Estudios Bilbilitanos, 122, 414 p., 207 il., 17&#215;24 cm. ISBN: 978-84-9911-235-0.<\/p>\n<p>A ra\u00edz de la celebraci\u00f3n del Concilio de Trento (1545-1563), la Iglesia Cat\u00f3lica otorg\u00f3 al arte de prop\u00f3sito religioso un papel determinante para trasladar a los fieles su renovado programa doctrinal. En el contexto de la Espa\u00f1a de las \u00faltimas d\u00e9cadas del siglo XVI y las primeras del XVII, los retablos escult\u00f3ricos de inspiraci\u00f3n clasicista o \u00abromanista\u00bb -por el influjo que acusan del arte romano de mediados del siglo XVI- desempe\u00f1aron un papel fundamental que cuenta en los talleres de Calatayud con uno de los ejemplos de mayor relevancia a nivel regional. La revisi\u00f3n de los principales artistas activos por esos a\u00f1os en este centro creador -entre los que sobresalen Pedro Mart\u00ednez <em>el Viejo<\/em>, Jaime Vi\u00f1ola, Lope Garc\u00eda de Tejada, Francisco del Condado, Pedro de J\u00e1uregui y Antonio Bastida- unido al de sus obras m\u00e1s destacadas, realizadas para dentro y fuera del territorio comarcano -como los retablos mayores de la catedral de Tarazona, la colegiata de Santa Mar\u00eda de Calatayud, la parroquia de Nu\u00e9valos o la excepcional serie de la colegiata bilbilitana del Santo Sepulcro- permite dibujar un panorama muy sugerente que rebasa con creces el inter\u00e9s meramente local.<\/p>\n<div class=\"item\">\n<div class=\"nom\"><strong><span class=\"ficha_txt1\">EDICI\u00d3N:<\/span><\/strong><\/div>\n<div class=\"items_block\">\n<ul>\n<li style=\"list-style-type: none;\">\n<ul>\n<li class=\"items_block_nom\"><span class=\"ficha_txt2\">Editado por:\u00a0<\/span><span class=\"normal\">IFC &#8211; CEB &#8211; Comarca Comunidad de Calatayud<\/span><\/li>\n<\/ul>\n<\/li>\n<\/ul>\n<p>\u00a0<\/p>\n<ul>\n<li style=\"list-style-type: none;\">\n<ul>\n<li class=\"items_block_nom\"><span class=\"ficha_txt2\">Edici\u00f3n:\u00a0<\/span><span class=\"normal\">413 p., il., 17&#215;24 cm, ISBN 978-84-9911-235-0<\/span><\/li>\n<\/ul>\n<\/li>\n<\/ul>\n<p>\u00a0<\/p>\n<ul>\n<li class=\"items_block_nom\"><span class=\"ficha_txt2\">A\u00f1o edici\u00f3n:\u00a0<\/span><span class=\"normal\">2013<\/span><\/li>\n<\/ul>\n<\/div>\n<\/div>\n<div class=\"item\">\n<div class=\"nom\"><span class=\"ficha_txt1\"><strong>COLECCI\u00d3N:<\/strong>\u00a0<\/span><span class=\"normal\">Centro de Estudios Bilbilitanos<\/span><\/div>\n<div class=\"nom\">\u00a0<\/div>\n<\/div>\n<div class=\"item\">\n<div class=\"nom\"><strong><span class=\"ficha_txt1\">N\u00ba PUBLICACI\u00d3N:\u00a0<\/span><\/strong><span class=\"normal\">3240 (IFC) &#8211; 122 (CEB)<\/span><\/div>\n<div class=\"nom\">\u00a0<\/div>\n<\/div>\n<div class=\"item\">\n<div class=\"nom\"><span class=\"ficha_txt1\"><strong>PRECIO:<\/strong>\u00a0<\/span><span class=\"normal\">22,00 \u20ac<\/span><\/div>\n<div class=\"nom\">\u00a0<\/div>\n<\/div>\n<div class=\"item\">\n<div class=\"nom\"><strong><span class=\"ficha_txt1\">MATERIAS:<\/span><\/strong><\/div>\n<div class=\"dat\">\n<div class=\"options2\"><a href=\"http:\/\/ifc.dpz.es\/publicaciones\/listado\/categoria\/13\">ARTE<\/a> &gt; <a href=\"http:\/\/ifc.dpz.es\/publicaciones\/listado\/categoria\/18\">Arte renacentista, barroco y neocl\u00e1sico<\/a><\/div>\n<div class=\"options2\"><a href=\"http:\/\/ifc.dpz.es\/publicaciones\/listado\/categoria\/91\">ESTUDIOS LOCALES Y COMARCALES<\/a> &gt; <a href=\"http:\/\/ifc.dpz.es\/publicaciones\/listado\/categoria\/95\">Calatayud<\/a><\/div>\n<\/div>\n<\/div>\n<div class=\"options2\">\u00a0<\/div>\n<div class=\"options2\"><hr \/>\n<p><img decoding=\"async\" loading=\"lazy\" class=\"aligncenter size-medium wp-image-1013\" src=\"http:\/\/cebilbilitanos.com\/wp-content\/uploads\/2016\/04\/bibilioteca-virtual-300x91.jpg\" alt=\"bibilioteca virtual\" width=\"300\" height=\"91\" srcset=\"https:\/\/cebilbilitanos.com\/wp-content\/uploads\/2016\/04\/bibilioteca-virtual-300x91.jpg 300w, https:\/\/cebilbilitanos.com\/wp-content\/uploads\/2016\/04\/bibilioteca-virtual.jpg 513w\" sizes=\"(max-width: 300px) 100vw, 300px\" \/><\/p>\n<p>\u00a0<\/p>\n<\/div>\n<div class=\"options2\"><hr \/><\/div>\n\n\n<div class=\"wp-block-file\"><a href=\"http:\/\/cebilbilitanos.com\/wp-content\/uploads\/2019\/11\/ESCULTURA-ROMANISTA-EN-CALATAYUD.pdf\">La escultura romanista en la Comarca de la Comunidad de Calatayud y su \u00e1rea de influencia<\/a><a href=\"http:\/\/cebilbilitanos.com\/wp-content\/uploads\/2019\/11\/ESCULTURA-ROMANISTA-EN-CALATAYUD.pdf\" class=\"wp-block-file__button\" download>Descargar<\/a><\/div>\n","protected":false},"excerpt":{"rendered":"<p>CRIADO MAINAR, Jes\u00fas,\u00a0La escultura romanista en la Comarca de la Comunidad de Calatayud y su \u00e1rea de influencia. 1589-1639, CEB, Calatayud, 2013, Centro de Estudios Bilbilitanos, 122, 414 p., 207 il., 17&#215;24 cm. ISBN: 978-84-9911-235-0. A ra\u00edz de la celebraci\u00f3n &hellip; <a href=\"https:\/\/cebilbilitanos.com\/?page_id=529\">Sigue leyendo <span class=\"meta-nav\">&rarr;<\/span><\/a><\/p>\n","protected":false},"author":1,"featured_media":0,"parent":193,"menu_order":0,"comment_status":"open","ping_status":"open","template":"","meta":[],"_links":{"self":[{"href":"https:\/\/cebilbilitanos.com\/index.php?rest_route=\/wp\/v2\/pages\/529"}],"collection":[{"href":"https:\/\/cebilbilitanos.com\/index.php?rest_route=\/wp\/v2\/pages"}],"about":[{"href":"https:\/\/cebilbilitanos.com\/index.php?rest_route=\/wp\/v2\/types\/page"}],"author":[{"embeddable":true,"href":"https:\/\/cebilbilitanos.com\/index.php?rest_route=\/wp\/v2\/users\/1"}],"replies":[{"embeddable":true,"href":"https:\/\/cebilbilitanos.com\/index.php?rest_route=%2Fwp%2Fv2%2Fcomments&post=529"}],"version-history":[{"count":5,"href":"https:\/\/cebilbilitanos.com\/index.php?rest_route=\/wp\/v2\/pages\/529\/revisions"}],"predecessor-version":[{"id":2503,"href":"https:\/\/cebilbilitanos.com\/index.php?rest_route=\/wp\/v2\/pages\/529\/revisions\/2503"}],"up":[{"embeddable":true,"href":"https:\/\/cebilbilitanos.com\/index.php?rest_route=\/wp\/v2\/pages\/193"}],"wp:attachment":[{"href":"https:\/\/cebilbilitanos.com\/index.php?rest_route=%2Fwp%2Fv2%2Fmedia&parent=529"}],"curies":[{"name":"wp","href":"https:\/\/api.w.org\/{rel}","templated":true}]}}