{"id":363,"date":"2015-09-12T18:27:54","date_gmt":"2015-09-12T18:27:54","guid":{"rendered":"http:\/\/cebilbilitanos.com\/?page_id=363"},"modified":"2015-09-13T18:06:56","modified_gmt":"2015-09-13T18:06:56","slug":"363-2","status":"publish","type":"page","link":"https:\/\/cebilbilitanos.com\/?page_id=363","title":{"rendered":"VI Centenario del Papa Luna (1394-1994). Jornadas de Estudio"},"content":{"rendered":"<p><a href=\"http:\/\/cebilbilitanos.com\/wp-content\/uploads\/2015\/09\/image_th1-9.jpg\"><img decoding=\"async\" loading=\"lazy\" class=\"aligncenter size-full wp-image-364\" src=\"http:\/\/cebilbilitanos.com\/wp-content\/uploads\/2015\/09\/image_th1-9.jpg\" alt=\"_image_th1 (9)\" width=\"173\" height=\"250\" \/><\/a><\/p>\n<p><i>VI Centenario del Papa Luna (1394-1994). Jornadas de Estudio<\/i>, CEB, Calatayud, 1997, Centro de Estudios Bilbilitanos, 54, 400 p., 92 il., 17&#215;24 cm. ISBN: 84-7820-338-9.<\/p>\n<p>\u00cdndice:<\/p>\n<ul>\n<li><b>Sarasa S\u00e1nchez, Esteban<\/b>, <i>\u00abEl Papa Luna y la Corona de Arag\u00f3n. El Compromiso de Caspe\u00bb<\/i>, 13 p.<\/li>\n<li><b>Cuella Esteban, Ovidio<\/b>, <i>\u00abSanta Mar\u00eda la Mayor de Calatayud durante el pontificado del Papa Luna\u00bb<\/i>, 23 p.<\/li>\n<li><b>Lape\u00f1a Pa\u00fal, Ana Isabel<\/b>, <i>\u00abPedro Mart\u00ednez de Luna y los monasterios aragoneses\u00bb<\/i>, 33 p.<\/li>\n<li><b>Monreal Casamayor, Manuel<\/b>,<u> \u00abEl Papa Luna: Her\u00e1ldica y \u00d3rdenes Militares\u00bb<\/u>, 15 p.<\/li>\n<li><b>Garc\u00eda Marco, Francisco Javier<\/b>, <i>\u00abEl Papa Luna y los mud\u00e9jares de Arag\u00f3n\u00bb<\/i>, 18 p.<\/li>\n<li><b>Motis Dolader, Miguel \u00c1ngel<\/b>, \u00ab<i>Las comunidades jud\u00edas del Reino de Arag\u00f3n en la \u00e9poca de Benedicto XIII (1394-1423): estructuras de poder y gobierno aljamial<\/i>\u00ab, 52 p.<\/li>\n<li><b>Mu\u00f1oz Jim\u00e9nez, Mar\u00eda Isabel<\/b>, <i>\u00abLas Consolaciones de la vida humana de Benedicto XIII\u00bb<\/i>, 11 p.<\/li>\n<li><b>Lacarra Ducay, Mar\u00eda Carmen<\/b>, <i>\u00abEl Papa Luna, la escultura y la pintura\u00bb<\/i>, 10 p.<\/li>\n<li><b>Salanova Orueta, Daniel<\/b>, <i>\u00abEstudio iconogr\u00e1fico sobre el Papa Luna\u00bb<\/i>, 19 p.<\/li>\n<li><b>Lorenzo de la Mata, Francisco Javier<\/b>, <i>\u00abUna l\u00e1mpara de plata, regalo de la casa de los Luna en la Real Colegiata de Santa Mar\u00eda la Mayor de Calatayud\u00bb<\/i>, 4 p.<\/li>\n<li><b>\u00c1lvaro Zamora, Mar\u00eda Isabel<\/b>, <i>\u00abLa decoraci\u00f3n cer\u00e1mica en las obras del Papa Luna\u00bb<\/i>, 26 p.<\/li>\n<li><b>Guitart Aparicio, Crist\u00f3bal<\/b>, <i>\u00abLos castillos de la familia Luna durante los siglos XIV y XV en la cuenca del Jal\u00f3n, Cinco Villas y zonas lim\u00edtrofes\u00bb<\/i>, 11 p.<\/li>\n<li><b>Mill\u00e1n Gil, Juli\u00e1n y otros<\/b>, <i>\u00abEl castillo palacio de los Luna (Illueca, Zaragoza): evoluci\u00f3n hist\u00f3rica y proyecci\u00f3n de futuro\u00bb<\/i>, 12 p.<\/li>\n<li><b>P\u00e9triz Aso, Ana Isabel; Sanmiguel Mateo, Agust\u00edn<\/b>, <i>\u00abLas armas de Benedicto XIII en el Monasterio de Piedra\u00bb<\/i>, 15 p.<\/li>\n<li><b>Sanmiguel Mateo, Agust\u00edn; P\u00e9triz Aso, Ana Isabel<\/b>, <i>\u00abRemodelaci\u00f3n del claustro de la colegiata de Santa Mar\u00eda de Calatayud, sede del Estudio General fundado por Benedicto XIII\u00bb<\/i>, 20 p.<\/li>\n<li><b>Pe\u00f1a Gonzalvo, Javier<\/b>, <i>\u00abMahoma Ram\u00ed. Arquitecto de Benedicto XIII\u00bb<\/i>, 17 p.<\/li>\n<li><b>Sanmiguel Mateo, Agust\u00edn<\/b>, <i>\u00abReconstituci\u00f3n de la Iglesia de San Pedro M\u00e1rtir de Calatayud\u00bb<\/i>, 36 p.<\/li>\n<li><b>Mox\u00f3 y Montoliu, Francisco de<\/b>, <i>\u00abLa legitimidad de Benedicto XIII\u00bb<\/i>, 18 p.<\/li>\n<li><b>Beltr\u00e1n Mart\u00ednez, Antonio<\/b>, <i>\u00abDon Pedro de Luna, Papa Benedicto XIII: semblanza de un aragon\u00e9s excepcional\u00bb<\/i>, 9 p.<\/li>\n<\/ul>\n<div class=\"item\">\n<div class=\"nom\"><strong><span class=\"ficha_txt1\">AUTOR:\u00a0<\/span><\/strong>VV.AA.<\/div>\n<div class=\"nom\"><\/div>\n<\/div>\n<div class=\"item\">\n<div class=\"nom\"><strong>EDICI\u00d3N:<\/strong><\/div>\n<\/div>\n<div class=\"item\">\n<div class=\"items_block\">\n<ul>\n<li class=\"items_block_nom\"><span class=\"ficha_txt2\">Editado por:\u00a0<\/span><span class=\"normal\">IFC-CEB<\/span><\/li>\n<li class=\"items_block_nom\"><span class=\"ficha_txt2\">Edici\u00f3n:\u00a0<\/span><span class=\"normal\">400 p., 92 il., 17&#215;24 cm, ISBN 84-7820-338-9<\/span><\/li>\n<li class=\"items_block_nom\"><span class=\"ficha_txt2\">A\u00f1o edici\u00f3n: \u00a0<\/span><span class=\"normal\">1997<\/span><\/li>\n<\/ul>\n<div class=\"items_block_dat\"><strong>COLECCI\u00d3N:<\/strong> Centro de Estudios Bilbilitanos<\/div>\n<div class=\"items_block_dat\"><\/div>\n<\/div>\n<\/div>\n<div class=\"item\">\n<div class=\"nom\"><span class=\"ficha_txt1\"><strong>N\u00ba PUBLICACI\u00d3N:<\/strong>\u00a0<\/span><span class=\"normal\">1792 (IFC) &#8211; 54\u00a0(CEB)<\/span><\/div>\n<div class=\"nom\"><\/div>\n<\/div>\n<div class=\"item\">\n<div class=\"nom\"><strong><span class=\"ficha_txt1\">PRECIO:\u00a0<\/span><\/strong><span class=\"normal\">No venal<\/span><\/div>\n<div class=\"nom\"><\/div>\n<\/div>\n<div class=\"item\">\n<div class=\"nom\"><strong><span class=\"ficha_txt1\">MATERIAS:<\/span><\/strong><\/div>\n<div class=\"dat\">\n<div class=\"options2\">HISTORIA &gt; Historia medieval<\/div>\n<\/div>\n<\/div>\n","protected":false},"excerpt":{"rendered":"<p>VI Centenario del Papa Luna (1394-1994). Jornadas de Estudio, CEB, Calatayud, 1997, Centro de Estudios Bilbilitanos, 54, 400 p., 92 il., 17&#215;24 cm. ISBN: 84-7820-338-9. \u00cdndice: Sarasa S\u00e1nchez, Esteban, \u00abEl Papa Luna y la Corona de Arag\u00f3n. El Compromiso de &hellip; <a href=\"https:\/\/cebilbilitanos.com\/?page_id=363\">Sigue leyendo <span class=\"meta-nav\">&rarr;<\/span><\/a><\/p>\n","protected":false},"author":1,"featured_media":0,"parent":193,"menu_order":0,"comment_status":"open","ping_status":"open","template":"","meta":[],"_links":{"self":[{"href":"https:\/\/cebilbilitanos.com\/index.php?rest_route=\/wp\/v2\/pages\/363"}],"collection":[{"href":"https:\/\/cebilbilitanos.com\/index.php?rest_route=\/wp\/v2\/pages"}],"about":[{"href":"https:\/\/cebilbilitanos.com\/index.php?rest_route=\/wp\/v2\/types\/page"}],"author":[{"embeddable":true,"href":"https:\/\/cebilbilitanos.com\/index.php?rest_route=\/wp\/v2\/users\/1"}],"replies":[{"embeddable":true,"href":"https:\/\/cebilbilitanos.com\/index.php?rest_route=%2Fwp%2Fv2%2Fcomments&post=363"}],"version-history":[{"count":3,"href":"https:\/\/cebilbilitanos.com\/index.php?rest_route=\/wp\/v2\/pages\/363\/revisions"}],"predecessor-version":[{"id":708,"href":"https:\/\/cebilbilitanos.com\/index.php?rest_route=\/wp\/v2\/pages\/363\/revisions\/708"}],"up":[{"embeddable":true,"href":"https:\/\/cebilbilitanos.com\/index.php?rest_route=\/wp\/v2\/pages\/193"}],"wp:attachment":[{"href":"https:\/\/cebilbilitanos.com\/index.php?rest_route=%2Fwp%2Fv2%2Fmedia&parent=363"}],"curies":[{"name":"wp","href":"https:\/\/api.w.org\/{rel}","templated":true}]}}