{"id":354,"date":"2015-09-12T18:19:15","date_gmt":"2015-09-12T18:19:15","guid":{"rendered":"http:\/\/cebilbilitanos.com\/?page_id=354"},"modified":"2015-09-13T17:49:26","modified_gmt":"2015-09-13T17:49:26","slug":"ordenanzas-de-la-ciudad-de-calatayud-ano-1423","status":"publish","type":"page","link":"https:\/\/cebilbilitanos.com\/?page_id=354","title":{"rendered":"Ordenanzas de la Ciudad de Calatayud. A\u00f1o 1423"},"content":{"rendered":"<p><a href=\"http:\/\/cebilbilitanos.com\/wp-content\/uploads\/2015\/09\/image_th1-6.jpg\"><img decoding=\"async\" loading=\"lazy\" class=\"aligncenter size-full wp-image-355\" src=\"http:\/\/cebilbilitanos.com\/wp-content\/uploads\/2015\/09\/image_th1-6.jpg\" alt=\"_image_th1 (6)\" width=\"176\" height=\"250\" \/><\/a><\/p>\n<p><i>Ordenanzas de la Ciudad de Calatayud. A\u00f1o 1423<\/i>, edici\u00f3n de Jos\u00e9 Galindo Ant\u00f3n, Zaragoza, 1996, Centro de Estudios Bilbilitanos, 51, 16 p. dobles, 32 il. (reproducci\u00f3n facs\u00edmile del manuscrito), 15&#215;24 cm. ISBN: 84-7820-303-6.<\/p>\n<p><b>Introducci\u00f3n<\/b>: \u00ab&#8230; texto que nos habla de la organizaci\u00f3n del Ayuntamiento bilbilitano, en la lejana fecha de 1423. Pieza administrativa, que en cuanto al tiempo, supone el eslab\u00f3n siguiente al Fuero de Calatayud, otorgado en 1131 &#8230; De la lectura de las p\u00e1ginas &#8230; parece deducirse que entre una y otra reglamentaci\u00f3n, han existido otras, todav\u00eda no conocidas&#8230;\u00bb<\/p>\n<div class=\"item\">\n<div class=\"nom\"><strong><span class=\"ficha_txt1\">EDICI\u00d3N:<\/span><\/strong><\/div>\n<div class=\"items_block\">\n<ul>\n<li class=\"items_block_nom\"><span class=\"ficha_txt2\">Editado por:\u00a0<\/span><span class=\"normal\">IFC-CEB<\/span><\/li>\n<li class=\"items_block_nom\"><span class=\"ficha_txt2\">Edici\u00f3n:\u00a0<\/span><span class=\"normal\">16 p. dobles, 32 p. facs\u00edmile, 15&#215;24 cm, ISBN 84-7820-303-6<\/span><\/li>\n<li class=\"items_block_nom\"><span class=\"ficha_txt2\">A\u00f1o edici\u00f3n:\u00a0<\/span><span class=\"normal\">1996<\/span><\/li>\n<\/ul>\n<\/div>\n<\/div>\n<div class=\"item\">\n<div class=\"nom\"><strong><span class=\"ficha_txt1\">COLECCI\u00d3N:\u00a0<\/span><\/strong><span class=\"normal\">Centro de Estudios Bilbilitanos<\/span><\/div>\n<div class=\"nom\"><\/div>\n<div class=\"nom\"><strong>N\u00ba PUBLICACI\u00d3N:<\/strong> \u00a01764 (IFC) &#8211; 51\u00a0(CEB)<\/div>\n<div class=\"nom\"><\/div>\n<\/div>\n<div class=\"item\">\n<div class=\"nom\"><span class=\"ficha_txt1\"><strong>PRECIO:<\/strong> \u00a0<\/span><span class=\"normal\">No venal<\/span><\/div>\n<div class=\"nom\"><\/div>\n<\/div>\n<div class=\"item\">\n<div class=\"nom\"><strong><span class=\"ficha_txt1\">MATERIAS:<\/span><\/strong><\/div>\n<div class=\"dat\">\n<div class=\"options2\">HISTORIA &gt; Historia medieval &gt; Textos y documentos latinos y romances<\/div>\n<div class=\"options2\">ESTUDIOS LOCALES Y COMARCALES &gt; Calatayud<\/div>\n<\/div>\n<\/div>\n","protected":false},"excerpt":{"rendered":"<p>Ordenanzas de la Ciudad de Calatayud. A\u00f1o 1423, edici\u00f3n de Jos\u00e9 Galindo Ant\u00f3n, Zaragoza, 1996, Centro de Estudios Bilbilitanos, 51, 16 p. dobles, 32 il. (reproducci\u00f3n facs\u00edmile del manuscrito), 15&#215;24 cm. ISBN: 84-7820-303-6. Introducci\u00f3n: \u00ab&#8230; texto que nos habla de &hellip; <a href=\"https:\/\/cebilbilitanos.com\/?page_id=354\">Sigue leyendo <span class=\"meta-nav\">&rarr;<\/span><\/a><\/p>\n","protected":false},"author":1,"featured_media":0,"parent":193,"menu_order":0,"comment_status":"open","ping_status":"open","template":"","meta":[],"_links":{"self":[{"href":"https:\/\/cebilbilitanos.com\/index.php?rest_route=\/wp\/v2\/pages\/354"}],"collection":[{"href":"https:\/\/cebilbilitanos.com\/index.php?rest_route=\/wp\/v2\/pages"}],"about":[{"href":"https:\/\/cebilbilitanos.com\/index.php?rest_route=\/wp\/v2\/types\/page"}],"author":[{"embeddable":true,"href":"https:\/\/cebilbilitanos.com\/index.php?rest_route=\/wp\/v2\/users\/1"}],"replies":[{"embeddable":true,"href":"https:\/\/cebilbilitanos.com\/index.php?rest_route=%2Fwp%2Fv2%2Fcomments&post=354"}],"version-history":[{"count":2,"href":"https:\/\/cebilbilitanos.com\/index.php?rest_route=\/wp\/v2\/pages\/354\/revisions"}],"predecessor-version":[{"id":678,"href":"https:\/\/cebilbilitanos.com\/index.php?rest_route=\/wp\/v2\/pages\/354\/revisions\/678"}],"up":[{"embeddable":true,"href":"https:\/\/cebilbilitanos.com\/index.php?rest_route=\/wp\/v2\/pages\/193"}],"wp:attachment":[{"href":"https:\/\/cebilbilitanos.com\/index.php?rest_route=%2Fwp%2Fv2%2Fmedia&parent=354"}],"curies":[{"name":"wp","href":"https:\/\/api.w.org\/{rel}","templated":true}]}}