{"id":2913,"date":"2021-12-28T18:03:16","date_gmt":"2021-12-28T17:03:16","guid":{"rendered":"http:\/\/cebilbilitanos.com\/?page_id=2913"},"modified":"2021-12-28T18:11:27","modified_gmt":"2021-12-28T17:11:27","slug":"revista-cuarta-provincia-no-4","status":"publish","type":"page","link":"https:\/\/cebilbilitanos.com\/?page_id=2913","title":{"rendered":"Revista Cuarta Provincia n\u00ba 4"},"content":{"rendered":"\n<figure class=\"wp-block-image\"><img decoding=\"async\" loading=\"lazy\" width=\"641\" height=\"907\" src=\"http:\/\/cebilbilitanos.com\/wp-content\/uploads\/2021\/12\/Screenshot_1-1.png\" alt=\"\" class=\"wp-image-2918\" srcset=\"https:\/\/cebilbilitanos.com\/wp-content\/uploads\/2021\/12\/Screenshot_1-1.png 641w, https:\/\/cebilbilitanos.com\/wp-content\/uploads\/2021\/12\/Screenshot_1-1-212x300.png 212w\" sizes=\"(max-width: 641px) 100vw, 641px\" \/><\/figure>\n\n\n\n<div class=\"wp-block-button\"><a class=\"wp-block-button__link has-text-color has-background\" href=\"https:\/\/drive.google.com\/file\/d\/1l8uSoffYhFC5Vo5EUDt9ztb5ImeIf1qg\/view?usp=sharing\" style=\"background-color:#8c1a1e;color:#fdc401\">DESCARGAR PDF<\/a><\/div>\n\n\n\n<p>Con esfuerzo e ilusi\u00f3n, antes de\nfinalizar este 2021, ve la luz el n\u00ba 4 de la revista Cuarta Provincia. Este a\u00f1o\nha sido imposible su publicaci\u00f3n en formato papel, pero para cumplir el\ncompromiso que adquiri\u00f3 el CEB de periodicidad anual, lanzamos una primera\nversi\u00f3n digital, esperando que el pr\u00f3ximo a\u00f1o podamos publicar este mismo\nn\u00famero en su formato habitual.<\/p>\n\n\n\n<p>La revista Cuarta Provincia es un\nespacio divulgativo y un referente cient\u00edfico del legado, tanto material como\ninmaterial, que existe en nuestro territorio. Los investigadores que en ella\nparticipan nos van abriendo peque\u00f1as puertas a trav\u00e9s de la cuales poder\nadentrarnos en la historia, el arte, el medio ambiente, la etnograf\u00eda o la\nliteratura de Calatayud y su comarca y as\u00ed poder conocerlo, difundirlo y, sobre\ntodo, defenderlo.<\/p>\n\n\n\n<p>En este cuarto n\u00famero\npresentamos once art\u00edculos de gran inter\u00e9s y, en ocasiones, desconocidos para\nlos lectores. Agradecer a los investigadores el riguroso y exhaustivo trabajo\nrealizado y a Jos\u00e9 Ram\u00f3n Olalla por el magn\u00edfico trabajo de maquetaci\u00f3n.<\/p>\n\n\n\n<p>Francisco Tobajas Gallego,\nprofundiza en las finanzas de la Se\u00f1or\u00eda de Sabi\u00f1\u00e1n, propiedad de la Comunidad\nde Aldeas de Calatayud. Como lugar de se\u00f1or\u00edo, adem\u00e1s de las rentas por la\ntierra cultivada, los vasallos deb\u00edan pagar otros derechos, que generalmente se\ndaban en arriendo por un tiempo determinado. El art\u00edculo ofrece algunos de\nestos contratos de arrendamiento de la Se\u00f1or\u00eda de Savi\u00f1\u00e1n de los siglos XVII y\nXVIII, con sus condiciones y problem\u00e1ticas.<\/p>\n\n\n\n<p>David Ibarra T\u00e9llez analiza la evoluci\u00f3n\ndemogr\u00e1fica de la ciudad en el siglo XVIII, utilizando como fuentes hist\u00f3ricas\nlos censos reales de Campoflorido, del conde de Aranda, el de Floridablanca y el\nde Godoy, adem\u00e1s de un recuento de la Inquisici\u00f3n. Los anexos aportan\ninteresante informaci\u00f3n sobre los oficios desarrollados en la localidad y la situaci\u00f3n\ndel clero regular.<\/p>\n\n\n\n<p>Los eclipses totales de sol\nsiempre han sido un acontecimiento sorprendente para la Humanidad y un momento\nesperado por los cient\u00edficos para sus observaciones astron\u00f3micas. En esta ocasi\u00f3n\nfue Alhama de Arag\u00f3n uno de los puntos elegidos para la observaci\u00f3n del eclipse\nde sol de 1905 por el Observatorio Astron\u00f3mico Lick de California. Jos\u00e9 Juan\nHernando Alca\u00edn ha reconstruido este viaje que buscaba un nuevo planeta entre\nMercurio y el Sol, necesario para corroborar la Ley de la Gravitaci\u00f3n Universal\nde Newton.<\/p>\n\n\n\n<p>Se celebra en 2021 el 275 aniversario\ndel nacimiento de Francisco de Goya en Fuendetodos. Calatayud tiene el\nprivilegio de contar en las pechinas de la iglesia de San Juan el Real con cuatro\npinturas atribuidas al genio aragon\u00e9s. Arturo Ans\u00f3n Navarro reafirma la autor\u00eda\nde Goya de las pinturas de las pechinas de esa iglesia, en las que pint\u00f3 a los\nPadres de la Iglesia Occidental. Adem\u00e1s, aporta novedades sobre el cuadro de <em>San\nLuis Gonzaga<\/em>, que tambi\u00e9n pint\u00f3 para los jesuitas de Calatayud, actualmente\nexpuesto en el Museo de Zaragoza.<\/p>\n\n\n\n<p>Jos\u00e9 Luis Cort\u00e9s Perruca revela\ncon detalle, a trav\u00e9s de correspondencia epistolar entre el Obispado y el\nAyuntamiento de Fuentes de Jiloca, la historia de la venta del retablo que\npresid\u00eda una peque\u00f1a ermita en esta localidad, una venta que se prolong\u00f3 a lo largo\nde cincuenta a\u00f1os y que, cuando se hizo efectiva, provoc\u00f3 la p\u00e9rdida no solo de\nla obra de arte sino de las tradiciones populares que la rodeaban.<\/p>\n\n\n\n<p>El art\u00edculo de Jes\u00fas V. Solanas Donoso\nsobre un cuadro recuperado del pintor aragon\u00e9s Luis Berdejo describe\nminuciosamente todo el proceso de su recuperaci\u00f3n y restauraci\u00f3n. En 1929, con\nmotivo de la creaci\u00f3n del Instituto de Segunda Ense\u00f1anza de Calatayud, se hab\u00eda\nencargado a este pintor un cuadro institucional de Alfonso XIII que el autor\nrepresent\u00f3 con el h\u00e1bito de gran maestre de las ordenes militares. El cuadro\nfue desmontado de su bastidor y se hizo desaparecer. Nadie supo de \u00e9l hasta\nque, cincuenta y cinco a\u00f1os despu\u00e9s, se encontr\u00f3 enrollado entre materiales de desecho,\nen el foso del escenario del sal\u00f3n de actos.<\/p>\n\n\n\n<p>En 2016 public\u00f3 el CEB una Gu\u00eda<em>\nde las orqu\u00eddeas de la Comunidad de Calatayud<\/em> de Alberto Portero Garc\u00e9s. En\nel X Encuentro de Estudios Bilbilitanos este autor present\u00f3 una comunicaci\u00f3n en\nla que daba a conocer varias especies nuevas de orqu\u00eddeas para la comarca.\nAhora, Portero amplia el cat\u00e1logo de estas vistosas plantas de complejas flores\ncon la aportaci\u00f3n de dos especies, que revelan la riqueza y diversidad de\nnuestro patrimonio natural, que continuamente ofrece gratas sorpresas: <em>Ophrys\nsontonica<\/em>, tax\u00f3n que inicialmente fue descrito como end\u00e9mico de Francia, y <em>Neottia\nnidus-avis<\/em>, una singular orqu\u00eddea sin clorofila de la que no exist\u00edan referencias\nen la comarca.<\/p>\n\n\n\n<p>La granja de Cocos est\u00e1\nsumergida bajo las aguas del embalse de La Tranquera. La que fue una de las m\u00e1s\nproductivas propiedades del Monasterio de Piedra, pas\u00f3 a ser, despu\u00e9s de la desamortizaci\u00f3n\nde Mendiz\u00e1bal, propiedad de la familia Muntadas hasta 1962, cuando el llenado\ndel embalse de La Tranquera oblig\u00f3 a todos sus habitantes a abandonarla. Jordi\nP\u00e9rez Mu\u00f1oz centra su relato en la \u00faltima fase de esta granja y desvela su organizaci\u00f3n\ny producci\u00f3n agr\u00edcola, completando de esta forma el vac\u00edo que exist\u00eda en el\nestudio de este hist\u00f3rico enclave situado entre Nu\u00e9valos y Carenas.<\/p>\n\n\n\n<p>A principios del siglo XX\nGuti\u00e9rrez Solana visit\u00f3 Calatayud, retrat\u00f3 la sociedad bilbilitana y describi\u00f3\nla procesi\u00f3n del Santo Entierro del Viernes Santo en uno de los cap\u00edtulos de su\nfamoso libro <em>La Espa\u00f1a negra<\/em>. Elisa S\u00e1nchez Sanz, adem\u00e1s de facilitar el\ntexto sobre el Santo Entierro, ofrece las claves para entender algunos aspectos\nde su vida, de su mentalidad y de su obra. De esta forma, el art\u00edculo de la\nDra. S\u00e1nchez completa la comunicaci\u00f3n que Eduardo Larrea Andr\u00e9s present\u00f3 en el\nII Encuentro de Estudios Bilbilitano de 1986 titulada \u201cGuti\u00e9rrez Solana: La\nEspa\u00f1a Negra y Calatayud\u201d.<\/p>\n\n\n\n<p>Pilar S\u00e1nchez La\u00edlla present\u00f3 en\nel X Encuentro de Estudios Bilbilitanos una comunicaci\u00f3n sobre la posible ubicaci\u00f3n\ndel corral de comedias de Calatayud en el siglo XVII. La reciente localizaci\u00f3n\nde un documento del Archivo Hist\u00f3rico Municipal de Calatayud arroja nuevos\ndatos sobre la localizaci\u00f3n de la casa de comedias en esta ciudad y su\nactividad teatral. Los registros econ\u00f3micos obtenidos de las tempranas\nrepresentaciones desde finales del siglo XV demuestran el \u00e9xito del g\u00e9nero dram\u00e1tico\nen Calatayud durante el periodo barroco.<\/p>\n\n\n\n<p>Son muy numerosas las cr\u00f3nicas\nde viajeros extranjeros por Espa\u00f1a. Calatayud, ciudad estrat\u00e9gicamente situada,\nha sido referenciada con frecuencia por estos cronistas for\u00e1neos que ofrecen\nuna visi\u00f3n a veces plagada de t\u00f3picos, pero que siempre aporta datos para la reflexi\u00f3n.\nEn 1895 la arque\u00f3loga e historiadora del arte Jane Dieulafoy visit\u00f3 la ciudad\nen uno de sus recorridos por Espa\u00f1a. Dej\u00f3 plasmadas sus impresiones en un libro\nde viajes donde la parte dedicada a nuestra ciudad constituye una estampa viva\nde sus gentes. Sergio Garc\u00eda Serrano, adem\u00e1s de traducir el texto al espa\u00f1ol,\ntraza una breve biograf\u00eda de la autora y contextualiza las impresiones de la\nfamosa viajera francesa.<\/p>\n","protected":false},"excerpt":{"rendered":"<p>Con esfuerzo e ilusi\u00f3n, antes de finalizar este 2021, ve la luz el n\u00ba 4 de la revista Cuarta Provincia. Este a\u00f1o ha sido imposible su publicaci\u00f3n en formato papel, pero para cumplir el compromiso que adquiri\u00f3 el CEB de &hellip; <a href=\"https:\/\/cebilbilitanos.com\/?page_id=2913\">Sigue leyendo <span class=\"meta-nav\">&rarr;<\/span><\/a><\/p>\n","protected":false},"author":1,"featured_media":2918,"parent":0,"menu_order":0,"comment_status":"closed","ping_status":"closed","template":"","meta":[],"_links":{"self":[{"href":"https:\/\/cebilbilitanos.com\/index.php?rest_route=\/wp\/v2\/pages\/2913"}],"collection":[{"href":"https:\/\/cebilbilitanos.com\/index.php?rest_route=\/wp\/v2\/pages"}],"about":[{"href":"https:\/\/cebilbilitanos.com\/index.php?rest_route=\/wp\/v2\/types\/page"}],"author":[{"embeddable":true,"href":"https:\/\/cebilbilitanos.com\/index.php?rest_route=\/wp\/v2\/users\/1"}],"replies":[{"embeddable":true,"href":"https:\/\/cebilbilitanos.com\/index.php?rest_route=%2Fwp%2Fv2%2Fcomments&post=2913"}],"version-history":[{"count":2,"href":"https:\/\/cebilbilitanos.com\/index.php?rest_route=\/wp\/v2\/pages\/2913\/revisions"}],"predecessor-version":[{"id":2919,"href":"https:\/\/cebilbilitanos.com\/index.php?rest_route=\/wp\/v2\/pages\/2913\/revisions\/2919"}],"wp:featuredmedia":[{"embeddable":true,"href":"https:\/\/cebilbilitanos.com\/index.php?rest_route=\/wp\/v2\/media\/2918"}],"wp:attachment":[{"href":"https:\/\/cebilbilitanos.com\/index.php?rest_route=%2Fwp%2Fv2%2Fmedia&parent=2913"}],"curies":[{"name":"wp","href":"https:\/\/api.w.org\/{rel}","templated":true}]}}