{"id":2654,"date":"2020-05-17T20:15:03","date_gmt":"2020-05-17T20:15:03","guid":{"rendered":"http:\/\/cebilbilitanos.com\/?page_id=2654"},"modified":"2020-05-17T20:15:03","modified_gmt":"2020-05-17T20:15:03","slug":"bilbilis-desde-la-tardoantiguedad-hasta-el-medievo","status":"publish","type":"page","link":"https:\/\/cebilbilitanos.com\/?page_id=2654","title":{"rendered":"B\u00edlbilis desde la Tardoantig\u00fcedad hasta el Medievo"},"content":{"rendered":"\n<figure class=\"wp-block-image\"><img decoding=\"async\" src=\"https:\/\/ifc.dpz.es\/recursos\/publicaciones\/37\/43\/_image_th1.jpg\" alt=\"Portada de la publicaci\u00f3n\"\/><\/figure>\n\n\n\n<p>Autor:S\u00e1enz Preciado, J. Carlos; Mart\u00edn-Bueno, Manuel; Garc\u00eda Franc\u00e9s, EnrikeEdici\u00f3n:<\/p>\n\n\n\n<ul><li><strong>Editado por:<\/strong>\u00a0IFC &#8211; Centro de Estudios Bilbilitanos<\/li><li><strong>Edici\u00f3n:<\/strong>\u00a0229 p., il., 17 x 24 cm, ISBN 978-84-9911-532-0<\/li><li><strong>A\u00f1o edici\u00f3n:<\/strong>\u00a02019<\/li><li>Colecci\u00f3n:Centro de Estudios Bilbilitanos<\/li><li>N\u00ba Publicaci\u00f3n3670<\/li><li>Precio:No disponible<\/li><li>Materias:<a href=\"https:\/\/ifc.dpz.es\/publicaciones\/listado\/categoria\/1\">ARQUEOLOG\u00cdA. PREHISTORIA. CIENCIAS DE LA ANTIG\u00dcEDAD<\/a>\u00a0>\u00a0<a href=\"https:\/\/ifc.dpz.es\/publicaciones\/listado\/categoria\/3\">Arqueolog\u00eda y Ciencias de la Antig\u00fcedad <\/a>><a href=\"https:\/\/ifc.dpz.es\/publicaciones\/listado\/categoria\/91\">ESTUDIOS LOCALES Y COMARCALES<\/a>\u00a0>\u00a0<a href=\"https:\/\/ifc.dpz.es\/publicaciones\/listado\/categoria\/95\">Calatayud<\/a><\/li><\/ul>\n\n\n\n<p>Los trabajos arqueol\u00f3gicos que desde 1971 se han desarrollado de manera ininterrumpida en el&nbsp;<em>Municipium Augusta Bilbilis<\/em>, lo han convertido en un referente en la investigaci\u00f3n del mundo cl\u00e1sico para entender el proceso de romanizaci\u00f3n de la Pen\u00ednsula Ib\u00e9rica. En este libro se da a conocer una de las etapas m\u00e1s desconocidas de&nbsp;<em>Bilbilis<\/em>, como es su ocupaci\u00f3n desde el siglo III hasta la Edad Media, cuando tras la Conquista de Calatayud en 1120 por Alfonso I el Batallador, se desarroll\u00f3 entre sus ruinas un peque\u00f1o poblado que perdur\u00f3 hasta el siglo XIV. Se expone as\u00ed la ocupaci\u00f3n visigoda, isl\u00e1mica y cristiana del solar bilbilitano, as\u00ed como de su entorno m\u00e1s inmediato.<\/p>\n","protected":false},"excerpt":{"rendered":"<p>Autor:S\u00e1enz Preciado, J. Carlos; Mart\u00edn-Bueno, Manuel; Garc\u00eda Franc\u00e9s, EnrikeEdici\u00f3n: Editado por:\u00a0IFC &#8211; Centro de Estudios Bilbilitanos Edici\u00f3n:\u00a0229 p., il., 17 x 24 cm, ISBN 978-84-9911-532-0 A\u00f1o edici\u00f3n:\u00a02019 Colecci\u00f3n:Centro de Estudios Bilbilitanos N\u00ba Publicaci\u00f3n3670 Precio:No disponible Materias:ARQUEOLOG\u00cdA. PREHISTORIA. CIENCIAS DE LA &hellip; <a href=\"https:\/\/cebilbilitanos.com\/?page_id=2654\">Sigue leyendo <span class=\"meta-nav\">&rarr;<\/span><\/a><\/p>\n","protected":false},"author":1,"featured_media":0,"parent":0,"menu_order":0,"comment_status":"closed","ping_status":"closed","template":"","meta":[],"_links":{"self":[{"href":"https:\/\/cebilbilitanos.com\/index.php?rest_route=\/wp\/v2\/pages\/2654"}],"collection":[{"href":"https:\/\/cebilbilitanos.com\/index.php?rest_route=\/wp\/v2\/pages"}],"about":[{"href":"https:\/\/cebilbilitanos.com\/index.php?rest_route=\/wp\/v2\/types\/page"}],"author":[{"embeddable":true,"href":"https:\/\/cebilbilitanos.com\/index.php?rest_route=\/wp\/v2\/users\/1"}],"replies":[{"embeddable":true,"href":"https:\/\/cebilbilitanos.com\/index.php?rest_route=%2Fwp%2Fv2%2Fcomments&post=2654"}],"version-history":[{"count":1,"href":"https:\/\/cebilbilitanos.com\/index.php?rest_route=\/wp\/v2\/pages\/2654\/revisions"}],"predecessor-version":[{"id":2655,"href":"https:\/\/cebilbilitanos.com\/index.php?rest_route=\/wp\/v2\/pages\/2654\/revisions\/2655"}],"wp:attachment":[{"href":"https:\/\/cebilbilitanos.com\/index.php?rest_route=%2Fwp%2Fv2%2Fmedia&parent=2654"}],"curies":[{"name":"wp","href":"https:\/\/api.w.org\/{rel}","templated":true}]}}