{"id":2606,"date":"2020-05-02T16:44:06","date_gmt":"2020-05-02T16:44:06","guid":{"rendered":"http:\/\/cebilbilitanos.com\/?page_id=2606"},"modified":"2024-05-15T08:34:22","modified_gmt":"2024-05-15T06:34:22","slug":"cuarta-provincia","status":"publish","type":"page","link":"https:\/\/cebilbilitanos.com\/?page_id=2606","title":{"rendered":"Cuarta Provincia"},"content":{"rendered":"\n<p>Esta revista de periodicidad anual se presenta como un espacio cient\u00edfico y divulgativo a disposici\u00f3n de los investigadores de temas comarcales, incluyendo en su \u00e1mbito los grandes apartados que han caracterizado las publicaciones del CEB en sus \u00faltimos a\u00f1os: arqueolog\u00eda y antig\u00fcedad, historia, arte, ciencias de la Tierra y etnograf\u00eda, enmarcados siempre en la investigaci\u00f3n, defensa y difusi\u00f3n del patrimonio comarcal.<\/p>\n\n\n\n<p>Queremos que sirva como soporte difusor anual de los numerosos estudiosos de la comarca para que se convierta a partir de ahora en un referente de la investigaci\u00f3n cient\u00edfica en los campos se\u00f1alados.<\/p>\n\n\n\n<figure class=\"wp-block-image\"><img decoding=\"async\" loading=\"lazy\" width=\"838\" height=\"1024\" src=\"http:\/\/cebilbilitanos.com\/wp-content\/uploads\/2020\/05\/CUARTA-PROVINCIA-WEB-4-838x1024.jpg\" alt=\"\" class=\"wp-image-2607\" srcset=\"https:\/\/cebilbilitanos.com\/wp-content\/uploads\/2020\/05\/CUARTA-PROVINCIA-WEB-4-838x1024.jpg 838w, https:\/\/cebilbilitanos.com\/wp-content\/uploads\/2020\/05\/CUARTA-PROVINCIA-WEB-4-245x300.jpg 245w, https:\/\/cebilbilitanos.com\/wp-content\/uploads\/2020\/05\/CUARTA-PROVINCIA-WEB-4-768x939.jpg 768w, https:\/\/cebilbilitanos.com\/wp-content\/uploads\/2020\/05\/CUARTA-PROVINCIA-WEB-4.jpg 966w\" sizes=\"(max-width: 838px) 100vw, 838px\" \/><\/figure>\n\n\n\n<ul><li><a href=\"http:\/\/cebilbilitanos.com\/?page_id=2314\">Revista Cuarta Provincia n\u00ba 1<\/a><\/li><li><a href=\"http:\/\/cebilbilitanos.com\/?page_id=2624\">Revista Cuarta Provincia n\u00ba 2 <\/a><\/li><li><a href=\"http:\/\/cebilbilitanos.com\/?page_id=2760\">Revista Cuarta Provincia n\u00ba 3<\/a><\/li><li><a href=\"http:\/\/cebilbilitanos.com\/?page_id=2913\">Revista Cuarta Provincia n\u00ba 4<\/a><\/li><li><a href=\"http:\/\/cebilbilitanos.com\/?p=3183\">Revista Cuarta Provincia n\u00ba 5<\/a><\/li><\/ul>\n\n\n\n<p><\/p>\n","protected":false},"excerpt":{"rendered":"<p>Esta revista de periodicidad anual se presenta como un espacio cient\u00edfico y divulgativo a disposici\u00f3n de los investigadores de temas comarcales, incluyendo en su \u00e1mbito los grandes apartados que han caracterizado las publicaciones del CEB en sus \u00faltimos a\u00f1os: arqueolog\u00eda &hellip; <a href=\"https:\/\/cebilbilitanos.com\/?page_id=2606\">Sigue leyendo <span class=\"meta-nav\">&rarr;<\/span><\/a><\/p>\n","protected":false},"author":1,"featured_media":0,"parent":0,"menu_order":0,"comment_status":"closed","ping_status":"closed","template":"","meta":[],"_links":{"self":[{"href":"https:\/\/cebilbilitanos.com\/index.php?rest_route=\/wp\/v2\/pages\/2606"}],"collection":[{"href":"https:\/\/cebilbilitanos.com\/index.php?rest_route=\/wp\/v2\/pages"}],"about":[{"href":"https:\/\/cebilbilitanos.com\/index.php?rest_route=\/wp\/v2\/types\/page"}],"author":[{"embeddable":true,"href":"https:\/\/cebilbilitanos.com\/index.php?rest_route=\/wp\/v2\/users\/1"}],"replies":[{"embeddable":true,"href":"https:\/\/cebilbilitanos.com\/index.php?rest_route=%2Fwp%2Fv2%2Fcomments&post=2606"}],"version-history":[{"count":8,"href":"https:\/\/cebilbilitanos.com\/index.php?rest_route=\/wp\/v2\/pages\/2606\/revisions"}],"predecessor-version":[{"id":3187,"href":"https:\/\/cebilbilitanos.com\/index.php?rest_route=\/wp\/v2\/pages\/2606\/revisions\/3187"}],"wp:attachment":[{"href":"https:\/\/cebilbilitanos.com\/index.php?rest_route=%2Fwp%2Fv2%2Fmedia&parent=2606"}],"curies":[{"name":"wp","href":"https:\/\/api.w.org\/{rel}","templated":true}]}}