{"id":260,"date":"2015-09-12T11:43:00","date_gmt":"2015-09-12T11:43:00","guid":{"rendered":"http:\/\/cebilbilitanos.com\/?page_id=260"},"modified":"2015-09-13T16:40:29","modified_gmt":"2015-09-13T16:40:29","slug":"alguien-en-alguna-parte","status":"publish","type":"page","link":"https:\/\/cebilbilitanos.com\/?page_id=260","title":{"rendered":"Alguien en alguna parte"},"content":{"rendered":"<p><a style=\"clear: left; float: left; margin-bottom: 1em; margin-right: 1em;\" href=\"https:\/\/lh5.googleusercontent.com\/-7E4d09QqRZI\/TWvt0y5KGGI\/AAAAAAAAACU\/ryzdGusZGiE\/s1600\/cat_14.jpg\"><img decoding=\"async\" src=\"http:\/\/lh5.googleusercontent.com\/-7E4d09QqRZI\/TWvt0y5KGGI\/AAAAAAAAACU\/ryzdGusZGiE\/s1600\/cat_14.jpg\" alt=\"\" border=\"0\" \/><\/a><b>ARANDA, Rosa Mar\u00eda<\/b>, <i>Alguien en alguna parte<\/i>, Zaragoza, 1983, Centro de Estudios Bilbilitanos, 14, 146 p., 16&#215;21 cm (Mor de Fuentes, 6). ISBN: 84-00-05423-7.<\/p>\n<p><b>Sinopsis<\/b>: Este es un tema de ayer, de hoy y de ma\u00f1ana. Yo espero que de siempre. Un tema de amor aunque no de sexo. Se han confundido mucho los t\u00e9rminos en los \u00faltimos tiempos, sin embargo hay una clar\u00edsima diferencia. \u00bfUna novela rom\u00e1ntica? Tal vez, pero no me parece grave. Hay fidelidad a una memoria y esperanza en que todo no acabe aqu\u00ed, donde estamos, donde vivimos y en donde, a pesar nuestro, somos capaces a veces de renunciar a cosas importantes en el mundo por bienes hipot\u00e9ticos y futuros en donde est\u00e1 impl\u00edcita la fe. La felicidad puede desaparecer y podr\u00eda ser recobrada, mas hay personas que prefieren la fidelidad a rajatabla conscientes de que quiz\u00e1 sea un error. Y siguen adelante alimentando fastasmas en medio de una inmensa soledad.<\/p>\n<p>Con esta obra obtuvo la autora el premio de novela corta Ciudad de Calatayud de 1982.<\/p>\n<div class=\"item\">\n<div class=\"nom\"><strong><span class=\"ficha_txt1\">EDICI\u00d3N:\u00a0<\/span><\/strong><\/div>\n<div class=\"items_block\">\n<ul>\n<li class=\"items_block_nom\"><span class=\"ficha_txt2\">Editado por:\u00a0<\/span><span class=\"normal\">IFC-CEB<\/span><\/li>\n<li class=\"items_block_nom\"><span class=\"ficha_txt2\">Edici\u00f3n:\u00a0<\/span><span class=\"normal\">116 p., 16&#215;21 cm, ISBN 84-00-05423-7<\/span><\/li>\n<li class=\"items_block_nom\"><span class=\"ficha_txt2\">A\u00f1o edici\u00f3n:\u00a0<\/span><span class=\"normal\">1983<\/span><\/li>\n<\/ul>\n<\/div>\n<\/div>\n<div class=\"item\">\n<div class=\"nom\"><span class=\"ficha_txt1\"><strong>COLECCI\u00d3N:<\/strong>\u00a0<\/span><span class=\"normal\">Centro de Estudios Bilbilitanos<\/span><\/div>\n<div class=\"nom\"><\/div>\n<\/div>\n<div class=\"item\">\n<div class=\"nom\"><span class=\"ficha_txt1\"><strong>N\u00ba PUBLICACI\u00d3N:<\/strong>\u00a0<\/span><span class=\"normal\">931\u00a0(IFC) &#8211; 14 (CEB)<\/span><\/div>\n<div class=\"nom\"><\/div>\n<\/div>\n<div class=\"item\">\n<div class=\"nom\"><span class=\"ficha_txt1\"><strong>PRECIO:<\/strong>\u00a0<\/span><span class=\"normal\">Agotado<\/span><\/div>\n<div class=\"nom\"><\/div>\n<\/div>\n<div class=\"item\">\n<div class=\"nom\"><strong><span class=\"ficha_txt1\">MATERIAS:<\/span><\/strong><\/div>\n<div class=\"dat\">\n<div class=\"options2\"><a href=\"http:\/\/ifc.dpz.es\/publicaciones\/listado\/categoria\/87\">NARRATIVA, POES\u00cdA y TEATRO<\/a> &gt; <a href=\"http:\/\/ifc.dpz.es\/publicaciones\/listado\/categoria\/88\">Narrativa<\/a><\/div>\n<\/div>\n<\/div>\n","protected":false},"excerpt":{"rendered":"<p>ARANDA, Rosa Mar\u00eda, Alguien en alguna parte, Zaragoza, 1983, Centro de Estudios Bilbilitanos, 14, 146 p., 16&#215;21 cm (Mor de Fuentes, 6). ISBN: 84-00-05423-7. Sinopsis: Este es un tema de ayer, de hoy y de ma\u00f1ana. Yo espero que de &hellip; <a href=\"https:\/\/cebilbilitanos.com\/?page_id=260\">Sigue leyendo <span class=\"meta-nav\">&rarr;<\/span><\/a><\/p>\n","protected":false},"author":1,"featured_media":0,"parent":193,"menu_order":0,"comment_status":"open","ping_status":"open","template":"","meta":[],"_links":{"self":[{"href":"https:\/\/cebilbilitanos.com\/index.php?rest_route=\/wp\/v2\/pages\/260"}],"collection":[{"href":"https:\/\/cebilbilitanos.com\/index.php?rest_route=\/wp\/v2\/pages"}],"about":[{"href":"https:\/\/cebilbilitanos.com\/index.php?rest_route=\/wp\/v2\/types\/page"}],"author":[{"embeddable":true,"href":"https:\/\/cebilbilitanos.com\/index.php?rest_route=\/wp\/v2\/users\/1"}],"replies":[{"embeddable":true,"href":"https:\/\/cebilbilitanos.com\/index.php?rest_route=%2Fwp%2Fv2%2Fcomments&post=260"}],"version-history":[{"count":2,"href":"https:\/\/cebilbilitanos.com\/index.php?rest_route=\/wp\/v2\/pages\/260\/revisions"}],"predecessor-version":[{"id":578,"href":"https:\/\/cebilbilitanos.com\/index.php?rest_route=\/wp\/v2\/pages\/260\/revisions\/578"}],"up":[{"embeddable":true,"href":"https:\/\/cebilbilitanos.com\/index.php?rest_route=\/wp\/v2\/pages\/193"}],"wp:attachment":[{"href":"https:\/\/cebilbilitanos.com\/index.php?rest_route=%2Fwp%2Fv2%2Fmedia&parent=260"}],"curies":[{"name":"wp","href":"https:\/\/api.w.org\/{rel}","templated":true}]}}