{"id":2527,"date":"2020-01-04T17:33:18","date_gmt":"2020-01-04T17:33:18","guid":{"rendered":"http:\/\/cebilbilitanos.com\/?page_id=2527"},"modified":"2020-01-05T08:13:03","modified_gmt":"2020-01-05T08:13:03","slug":"ermitas-en-la-comunidad-de-calatayud","status":"publish","type":"page","link":"https:\/\/cebilbilitanos.com\/?page_id=2527","title":{"rendered":"Ermitas en la Comunidad de Calatayud"},"content":{"rendered":"\n<p>Compartimos el contenido de la exposici\u00f3n Ermitas en la Comunidad de Calatayud realizada por la asociaci\u00f3n Torre Albarrana con la colaboraci\u00f3n del Centro de Estudios Bilbilitanos<\/p>\n\n\n\n<figure class=\"wp-block-image\"><img decoding=\"async\" loading=\"lazy\" width=\"683\" height=\"1024\" src=\"http:\/\/cebilbilitanos.com\/wp-content\/uploads\/2020\/01\/00-LA-EXPOSICION-683x1024.jpg\" alt=\"\" class=\"wp-image-2528\" srcset=\"https:\/\/cebilbilitanos.com\/wp-content\/uploads\/2020\/01\/00-LA-EXPOSICION-683x1024.jpg 683w, https:\/\/cebilbilitanos.com\/wp-content\/uploads\/2020\/01\/00-LA-EXPOSICION-200x300.jpg 200w, https:\/\/cebilbilitanos.com\/wp-content\/uploads\/2020\/01\/00-LA-EXPOSICION-768x1152.jpg 768w\" sizes=\"(max-width: 683px) 100vw, 683px\" \/><figcaption><a href=\"https:\/\/my.pcloud.com\/publink\/show?code=XZzqYukZDCwvCidSY3HBkx2s2kRXAyoJmoky\" target=\"_blank\" rel=\"noreferrer noopener\" aria-label=\"Descargar PDF (abre en una nueva pesta\u00f1a)\">Descargar PDF<\/a><\/figcaption><\/figure>\n\n\n\n<figure class=\"wp-block-image\"><img decoding=\"async\" loading=\"lazy\" width=\"683\" height=\"1024\" src=\"http:\/\/cebilbilitanos.com\/wp-content\/uploads\/2020\/01\/01-PATRIMONIO-683x1024.jpg\" alt=\"\" class=\"wp-image-2529\" srcset=\"https:\/\/cebilbilitanos.com\/wp-content\/uploads\/2020\/01\/01-PATRIMONIO-683x1024.jpg 683w, https:\/\/cebilbilitanos.com\/wp-content\/uploads\/2020\/01\/01-PATRIMONIO-200x300.jpg 200w, https:\/\/cebilbilitanos.com\/wp-content\/uploads\/2020\/01\/01-PATRIMONIO-768x1152.jpg 768w\" sizes=\"(max-width: 683px) 100vw, 683px\" \/><figcaption><a href=\"https:\/\/my.pcloud.com\/publink\/show?code=XZHtYukZS1KfzcA99xuAzdk4RMw3RbbraJ8V\" target=\"_blank\" rel=\"noreferrer noopener\" aria-label=\"Descargar  (abre en una nueva pesta\u00f1a)\">Descargar <\/a><a rel=\"noreferrer noopener\" aria-label=\"Descargar PDF (abre en una nueva pesta\u00f1a)\" href=\"https:\/\/ln2.sync.com\/dl\/fa79fb690\/sdbdnwee-t5x4ibvc-te6kbyxv-3sru7eid\" target=\"_blank\">PDF<\/a><\/figcaption><\/figure>\n\n\n\n<figure class=\"wp-block-image\"><img decoding=\"async\" loading=\"lazy\" width=\"683\" height=\"1024\" src=\"http:\/\/cebilbilitanos.com\/wp-content\/uploads\/2020\/01\/02-TIERRAS-DE-ARIZA-683x1024.jpg\" alt=\"\" class=\"wp-image-2530\" srcset=\"https:\/\/cebilbilitanos.com\/wp-content\/uploads\/2020\/01\/02-TIERRAS-DE-ARIZA-683x1024.jpg 683w, https:\/\/cebilbilitanos.com\/wp-content\/uploads\/2020\/01\/02-TIERRAS-DE-ARIZA-200x300.jpg 200w, https:\/\/cebilbilitanos.com\/wp-content\/uploads\/2020\/01\/02-TIERRAS-DE-ARIZA-768x1152.jpg 768w\" sizes=\"(max-width: 683px) 100vw, 683px\" \/><figcaption><a href=\"https:\/\/my.pcloud.com\/publink\/show?code=XZR6YukZHEifeHNjFE8qXgiQ1UIqkz0odAqy\" target=\"_blank\" rel=\"noreferrer noopener\" aria-label=\"Descargar PDF (abre en una nueva pesta\u00f1a)\">Descargar PDF<\/a><\/figcaption><\/figure>\n\n\n\n<figure class=\"wp-block-image\"><img decoding=\"async\" loading=\"lazy\" width=\"683\" height=\"1024\" src=\"http:\/\/cebilbilitanos.com\/wp-content\/uploads\/2020\/01\/03-RIBERA-MANUBLES-683x1024.jpg\" alt=\"\" class=\"wp-image-2531\" srcset=\"https:\/\/cebilbilitanos.com\/wp-content\/uploads\/2020\/01\/03-RIBERA-MANUBLES-683x1024.jpg 683w, https:\/\/cebilbilitanos.com\/wp-content\/uploads\/2020\/01\/03-RIBERA-MANUBLES-200x300.jpg 200w, https:\/\/cebilbilitanos.com\/wp-content\/uploads\/2020\/01\/03-RIBERA-MANUBLES-768x1152.jpg 768w\" sizes=\"(max-width: 683px) 100vw, 683px\" \/><figcaption><a href=\"https:\/\/my.pcloud.com\/publink\/show?code=XZs6YukZLeUEQ6MTyiuhkbMYqYfA571xuM2y\" target=\"_blank\" rel=\"noreferrer noopener\" aria-label=\"Descargar PDF (abre en una nueva pesta\u00f1a)\">Descargar PDF<\/a><\/figcaption><\/figure>\n\n\n\n<figure class=\"wp-block-image\"><img decoding=\"async\" loading=\"lazy\" width=\"683\" height=\"1024\" src=\"http:\/\/cebilbilitanos.com\/wp-content\/uploads\/2020\/01\/04-RIBERA-RIBOTA-683x1024.jpg\" alt=\"\" class=\"wp-image-2532\" srcset=\"https:\/\/cebilbilitanos.com\/wp-content\/uploads\/2020\/01\/04-RIBERA-RIBOTA-683x1024.jpg 683w, https:\/\/cebilbilitanos.com\/wp-content\/uploads\/2020\/01\/04-RIBERA-RIBOTA-200x300.jpg 200w, https:\/\/cebilbilitanos.com\/wp-content\/uploads\/2020\/01\/04-RIBERA-RIBOTA-768x1152.jpg 768w\" sizes=\"(max-width: 683px) 100vw, 683px\" \/><figcaption><a href=\"https:\/\/my.pcloud.com\/publink\/show?code=XZ5EYukZQqxNPEM24mkHwq3DlH0xh7TE3RuV\" target=\"_blank\" rel=\"noreferrer noopener\" aria-label=\"Descargar PDF (abre en una nueva pesta\u00f1a)\">Descargar PDF<\/a><\/figcaption><\/figure>\n\n\n\n<figure class=\"wp-block-image\"><img decoding=\"async\" loading=\"lazy\" width=\"683\" height=\"1024\" src=\"http:\/\/cebilbilitanos.com\/wp-content\/uploads\/2020\/01\/05-JALON-MEDIO-683x1024.jpg\" alt=\"\" class=\"wp-image-2533\" srcset=\"https:\/\/cebilbilitanos.com\/wp-content\/uploads\/2020\/01\/05-JALON-MEDIO-683x1024.jpg 683w, https:\/\/cebilbilitanos.com\/wp-content\/uploads\/2020\/01\/05-JALON-MEDIO-200x300.jpg 200w, https:\/\/cebilbilitanos.com\/wp-content\/uploads\/2020\/01\/05-JALON-MEDIO-768x1152.jpg 768w\" sizes=\"(max-width: 683px) 100vw, 683px\" \/><figcaption><a href=\"https:\/\/my.pcloud.com\/publink\/show?code=XZPEYukZ5eqDtVvnCv5SUozC6j6w6plUoP6V\" target=\"_blank\" rel=\"noreferrer noopener\" aria-label=\"Descargar PDF (abre en una nueva pesta\u00f1a)\">Descargar PDF<\/a><\/figcaption><\/figure>\n\n\n\n<figure class=\"wp-block-image\"><img decoding=\"async\" loading=\"lazy\" width=\"683\" height=\"1024\" src=\"http:\/\/cebilbilitanos.com\/wp-content\/uploads\/2020\/01\/06-RIBERA-PEREJILES-683x1024.jpg\" alt=\"\" class=\"wp-image-2534\" srcset=\"https:\/\/cebilbilitanos.com\/wp-content\/uploads\/2020\/01\/06-RIBERA-PEREJILES-683x1024.jpg 683w, https:\/\/cebilbilitanos.com\/wp-content\/uploads\/2020\/01\/06-RIBERA-PEREJILES-200x300.jpg 200w, https:\/\/cebilbilitanos.com\/wp-content\/uploads\/2020\/01\/06-RIBERA-PEREJILES-768x1152.jpg 768w\" sizes=\"(max-width: 683px) 100vw, 683px\" \/><figcaption><a href=\"https:\/\/my.pcloud.com\/publink\/show?code=XZ0OYukZ0q9Wbxyyj9LVKaHWD00Dr7uEWD97\" target=\"_blank\" rel=\"noreferrer noopener\" aria-label=\"Descargar PDF (abre en una nueva pesta\u00f1a)\">Descargar PDF<\/a><\/figcaption><\/figure>\n\n\n\n<figure class=\"wp-block-image\"><img decoding=\"async\" loading=\"lazy\" width=\"683\" height=\"1024\" src=\"http:\/\/cebilbilitanos.com\/wp-content\/uploads\/2020\/01\/07-LEGADO-INMATERIAL-683x1024.jpg\" alt=\"\" class=\"wp-image-2535\" srcset=\"https:\/\/cebilbilitanos.com\/wp-content\/uploads\/2020\/01\/07-LEGADO-INMATERIAL-683x1024.jpg 683w, https:\/\/cebilbilitanos.com\/wp-content\/uploads\/2020\/01\/07-LEGADO-INMATERIAL-200x300.jpg 200w, https:\/\/cebilbilitanos.com\/wp-content\/uploads\/2020\/01\/07-LEGADO-INMATERIAL-768x1152.jpg 768w\" sizes=\"(max-width: 683px) 100vw, 683px\" \/><figcaption><a href=\"https:\/\/my.pcloud.com\/publink\/show?code=XZ5UYukZNKQlLDtfw2zSEd5OrwgFWzW4zsWk\" target=\"_blank\" rel=\"noreferrer noopener\" aria-label=\"Descargar PDF (abre en una nueva pesta\u00f1a)\">Descargar PDF<\/a><\/figcaption><\/figure>\n\n\n\n<figure class=\"wp-block-image\"><img decoding=\"async\" loading=\"lazy\" width=\"683\" height=\"1024\" src=\"http:\/\/cebilbilitanos.com\/wp-content\/uploads\/2020\/01\/08-CALATAYUD-683x1024.jpg\" alt=\"\" class=\"wp-image-2536\" srcset=\"https:\/\/cebilbilitanos.com\/wp-content\/uploads\/2020\/01\/08-CALATAYUD-683x1024.jpg 683w, https:\/\/cebilbilitanos.com\/wp-content\/uploads\/2020\/01\/08-CALATAYUD-200x300.jpg 200w, https:\/\/cebilbilitanos.com\/wp-content\/uploads\/2020\/01\/08-CALATAYUD-768x1152.jpg 768w\" sizes=\"(max-width: 683px) 100vw, 683px\" \/><figcaption><a href=\"https:\/\/my.pcloud.com\/publink\/show?code=XZuUYukZFrXtj7MUrhpapWsY5ajogutKw5Rk\" target=\"_blank\" rel=\"noreferrer noopener\" aria-label=\"Descargar PDF (abre en una nueva pesta\u00f1a)\">Descargar PDF<\/a><\/figcaption><\/figure>\n\n\n\n<figure class=\"wp-block-image\"><img decoding=\"async\" loading=\"lazy\" width=\"683\" height=\"1024\" src=\"http:\/\/cebilbilitanos.com\/wp-content\/uploads\/2020\/01\/09-GRANDES-SANTUARIOS-683x1024.jpg\" alt=\"\" class=\"wp-image-2537\" srcset=\"https:\/\/cebilbilitanos.com\/wp-content\/uploads\/2020\/01\/09-GRANDES-SANTUARIOS-683x1024.jpg 683w, https:\/\/cebilbilitanos.com\/wp-content\/uploads\/2020\/01\/09-GRANDES-SANTUARIOS-200x300.jpg 200w, https:\/\/cebilbilitanos.com\/wp-content\/uploads\/2020\/01\/09-GRANDES-SANTUARIOS-768x1152.jpg 768w\" sizes=\"(max-width: 683px) 100vw, 683px\" \/><figcaption><a href=\"https:\/\/my.pcloud.com\/publink\/show?code=XZJIYukZ1eduLqkVLjz7zAskBRulPBPyf5a7\" target=\"_blank\" rel=\"noreferrer noopener\" aria-label=\"Descargar PDF (abre en una nueva pesta\u00f1a)\">Descargar PDF<\/a><\/figcaption><\/figure>\n\n\n\n<figure class=\"wp-block-image\"><img decoding=\"async\" loading=\"lazy\" width=\"683\" height=\"1024\" src=\"http:\/\/cebilbilitanos.com\/wp-content\/uploads\/2020\/01\/10-RIBERA-JILOCA-683x1024.jpg\" alt=\"\" class=\"wp-image-2538\" srcset=\"https:\/\/cebilbilitanos.com\/wp-content\/uploads\/2020\/01\/10-RIBERA-JILOCA-683x1024.jpg 683w, https:\/\/cebilbilitanos.com\/wp-content\/uploads\/2020\/01\/10-RIBERA-JILOCA-200x300.jpg 200w, https:\/\/cebilbilitanos.com\/wp-content\/uploads\/2020\/01\/10-RIBERA-JILOCA-768x1152.jpg 768w\" sizes=\"(max-width: 683px) 100vw, 683px\" \/><figcaption><a href=\"https:\/\/my.pcloud.com\/publink\/show?code=XZVAYukZnhvMC6IErmRwYEgIyw5DkQICaCAX\" target=\"_blank\" rel=\"noreferrer noopener\" aria-label=\"Descargar PDF (abre en una nueva pesta\u00f1a)\">Descargar PDF<\/a><\/figcaption><\/figure>\n\n\n\n<figure class=\"wp-block-image\"><img decoding=\"async\" loading=\"lazy\" width=\"683\" height=\"1024\" src=\"http:\/\/cebilbilitanos.com\/wp-content\/uploads\/2020\/01\/11-ENTRE-RIOS-683x1024.jpg\" alt=\"\" class=\"wp-image-2539\" srcset=\"https:\/\/cebilbilitanos.com\/wp-content\/uploads\/2020\/01\/11-ENTRE-RIOS-683x1024.jpg 683w, https:\/\/cebilbilitanos.com\/wp-content\/uploads\/2020\/01\/11-ENTRE-RIOS-200x300.jpg 200w, https:\/\/cebilbilitanos.com\/wp-content\/uploads\/2020\/01\/11-ENTRE-RIOS-768x1152.jpg 768w\" sizes=\"(max-width: 683px) 100vw, 683px\" \/><figcaption><a href=\"https:\/\/my.pcloud.com\/publink\/show?code=XZAAYukZoKvKKKS6oNHM5GHz2YRVdRKpYhCV\" target=\"_blank\" rel=\"noreferrer noopener\" aria-label=\"Descargar PDF (abre en una nueva pesta\u00f1a)\">Descargar PDF<\/a><\/figcaption><\/figure>\n\n\n\n<figure class=\"wp-block-image\"><img decoding=\"async\" loading=\"lazy\" width=\"683\" height=\"1024\" src=\"http:\/\/cebilbilitanos.com\/wp-content\/uploads\/2020\/01\/12-JALON-AGUAS-ARRIBA-683x1024.jpg\" alt=\"\" class=\"wp-image-2540\" srcset=\"https:\/\/cebilbilitanos.com\/wp-content\/uploads\/2020\/01\/12-JALON-AGUAS-ARRIBA-683x1024.jpg 683w, https:\/\/cebilbilitanos.com\/wp-content\/uploads\/2020\/01\/12-JALON-AGUAS-ARRIBA-200x300.jpg 200w, https:\/\/cebilbilitanos.com\/wp-content\/uploads\/2020\/01\/12-JALON-AGUAS-ARRIBA-768x1152.jpg 768w\" sizes=\"(max-width: 683px) 100vw, 683px\" \/><figcaption><a href=\"https:\/\/my.pcloud.com\/publink\/show?code=XZWNYukZICqVxeD4p2Qr4a8BKCppnSbjJiny\" target=\"_blank\" rel=\"noreferrer noopener\" aria-label=\"Descargar PDF (abre en una nueva pesta\u00f1a)\">Descargar PDF<\/a><\/figcaption><\/figure>\n\n\n\n<figure class=\"wp-block-image\"><img decoding=\"async\" loading=\"lazy\" width=\"683\" height=\"1024\" src=\"http:\/\/cebilbilitanos.com\/wp-content\/uploads\/2020\/01\/13-PIEDRA-MESA-ORTIZ-683x1024.jpg\" alt=\"\" class=\"wp-image-2541\" srcset=\"https:\/\/cebilbilitanos.com\/wp-content\/uploads\/2020\/01\/13-PIEDRA-MESA-ORTIZ-683x1024.jpg 683w, https:\/\/cebilbilitanos.com\/wp-content\/uploads\/2020\/01\/13-PIEDRA-MESA-ORTIZ-200x300.jpg 200w, https:\/\/cebilbilitanos.com\/wp-content\/uploads\/2020\/01\/13-PIEDRA-MESA-ORTIZ-768x1152.jpg 768w\" sizes=\"(max-width: 683px) 100vw, 683px\" \/><figcaption><a href=\"https:\/\/my.pcloud.com\/publink\/show?code=XZlNYukZFE01KXelS258siH4qUjeYXoOWkK7\" target=\"_blank\" rel=\"noreferrer noopener\" aria-label=\"Descargar PDF (abre en una nueva pesta\u00f1a)\">Descargar PDF<\/a><\/figcaption><\/figure>\n\n\n\n<figure class=\"wp-block-image\"><img decoding=\"async\" loading=\"lazy\" width=\"683\" height=\"1024\" src=\"http:\/\/cebilbilitanos.com\/wp-content\/uploads\/2020\/01\/14-EXTRACOMARCALES-683x1024.jpg\" alt=\"\" class=\"wp-image-2542\" srcset=\"https:\/\/cebilbilitanos.com\/wp-content\/uploads\/2020\/01\/14-EXTRACOMARCALES-683x1024.jpg 683w, https:\/\/cebilbilitanos.com\/wp-content\/uploads\/2020\/01\/14-EXTRACOMARCALES-200x300.jpg 200w, https:\/\/cebilbilitanos.com\/wp-content\/uploads\/2020\/01\/14-EXTRACOMARCALES-768x1152.jpg 768w\" sizes=\"(max-width: 683px) 100vw, 683px\" \/><figcaption><a href=\"https:\/\/my.pcloud.com\/publink\/show?code=XZVaYukZah68zf6tEHfFhFuHDvXt4js7iWx7\" target=\"_blank\" rel=\"noreferrer noopener\" aria-label=\"Descargar PDF (abre en una nueva pesta\u00f1a)\">Descargar PDF<\/a><\/figcaption><\/figure>\n\n\n\n<figure class=\"wp-block-image\"><img decoding=\"async\" loading=\"lazy\" width=\"683\" height=\"1024\" src=\"http:\/\/cebilbilitanos.com\/wp-content\/uploads\/2020\/01\/15-PROTECCION-683x1024.jpg\" alt=\"\" class=\"wp-image-2561\" srcset=\"https:\/\/cebilbilitanos.com\/wp-content\/uploads\/2020\/01\/15-PROTECCION-683x1024.jpg 683w, https:\/\/cebilbilitanos.com\/wp-content\/uploads\/2020\/01\/15-PROTECCION-200x300.jpg 200w, https:\/\/cebilbilitanos.com\/wp-content\/uploads\/2020\/01\/15-PROTECCION-768x1152.jpg 768w\" sizes=\"(max-width: 683px) 100vw, 683px\" \/><figcaption><a rel=\"noreferrer noopener\" href=\"https:\/\/my.pcloud.com\/publink\/show?code=XZMaYukZGGtnAVOwC54yUAEwChcxs4PnQ5oy\" target=\"_blank\">Descargar PDF<\/a> <\/figcaption><\/figure>\n","protected":false},"excerpt":{"rendered":"<p>Compartimos el contenido de la exposici\u00f3n Ermitas en la Comunidad de Calatayud realizada por la asociaci\u00f3n Torre Albarrana con la colaboraci\u00f3n del Centro de Estudios Bilbilitanos<\/p>\n","protected":false},"author":1,"featured_media":0,"parent":0,"menu_order":0,"comment_status":"closed","ping_status":"closed","template":"","meta":[],"_links":{"self":[{"href":"https:\/\/cebilbilitanos.com\/index.php?rest_route=\/wp\/v2\/pages\/2527"}],"collection":[{"href":"https:\/\/cebilbilitanos.com\/index.php?rest_route=\/wp\/v2\/pages"}],"about":[{"href":"https:\/\/cebilbilitanos.com\/index.php?rest_route=\/wp\/v2\/types\/page"}],"author":[{"embeddable":true,"href":"https:\/\/cebilbilitanos.com\/index.php?rest_route=\/wp\/v2\/users\/1"}],"replies":[{"embeddable":true,"href":"https:\/\/cebilbilitanos.com\/index.php?rest_route=%2Fwp%2Fv2%2Fcomments&post=2527"}],"version-history":[{"count":3,"href":"https:\/\/cebilbilitanos.com\/index.php?rest_route=\/wp\/v2\/pages\/2527\/revisions"}],"predecessor-version":[{"id":2562,"href":"https:\/\/cebilbilitanos.com\/index.php?rest_route=\/wp\/v2\/pages\/2527\/revisions\/2562"}],"wp:attachment":[{"href":"https:\/\/cebilbilitanos.com\/index.php?rest_route=%2Fwp%2Fv2%2Fmedia&parent=2527"}],"curies":[{"name":"wp","href":"https:\/\/api.w.org\/{rel}","templated":true}]}}