{"id":2,"date":"2015-05-07T05:24:08","date_gmt":"2015-05-07T05:24:08","guid":{"rendered":"http:\/\/localhost\/wordpress\/?page_id=2"},"modified":"2016-04-13T10:23:43","modified_gmt":"2016-04-13T10:23:43","slug":"sample-page","status":"publish","type":"page","link":"https:\/\/cebilbilitanos.com\/?page_id=2","title":{"rendered":"IX Encuentro de Estudios Bilbilitanos"},"content":{"rendered":"<div class=\"separator\" style=\"clear: both;\"><b>Convocado el IX Encuentro de Estudios Bilbilitanos<\/b><\/div>\n<div class=\"separator\" style=\"clear: both;\"><\/div>\n<div class=\"separator\" style=\"clear: both;\">Inscripci\u00f3n <b><a href=\"https:\/\/docs.google.com\/forms\/d\/10voziwCQMU1jnf5erT4FvzSHWikhfje4pMBZZBe0Ro4\/viewform?usp=send_form\" target=\"_blank\">en el formulario que se abre desde este enlace<\/a>.<\/b><\/div>\n<div class=\"separator\" style=\"clear: both;\"><\/div>\n<div class=\"separator\" style=\"clear: both;\"><\/div>\n<div class=\"separator\" style=\"clear: both;\"><span style=\"color: orange; font-family: Verdana, sans-serif; font-size: large;\"><b>PRESENTACI\u00d3N<\/b><\/span><\/div>\n<div class=\"separator\" style=\"clear: both;\"><\/div>\n<div class=\"separator\" style=\"clear: both;\">Se convoca el <b>IX Encuentro de Estudios Bilbilitanos<\/b>, en el que tendr\u00e1n cabida todos los estudios in\u00e9ditos que aporten nuevas visiones de inter\u00e9s sobre aspectos generales o concretos referentes a la ciudad de Calatayud, la Comunidad de Calatayud o su \u00e1rea de influencia.<\/div>\n<div class=\"separator\" style=\"clear: both; text-align: center;\"><\/div>\n<div class=\"separator\" style=\"clear: both; text-align: center;\"><a style=\"margin-left: 1em; margin-right: 1em;\" href=\"http:\/\/2.bp.blogspot.com\/-Zha_mRnqtjU\/VSYnbA6DQqI\/AAAAAAAAAOA\/K2P59m1zVO4\/s1600\/CARTELblog.jpg\"><img decoding=\"async\" src=\"http:\/\/2.bp.blogspot.com\/-Zha_mRnqtjU\/VSYnbA6DQqI\/AAAAAAAAAOA\/K2P59m1zVO4\/s1600\/CARTELblog.jpg\" alt=\"\" border=\"0\" \/><\/a><\/div>\n<div class=\"separator\" style=\"clear: both; text-align: center;\"><\/div>\n<div class=\"separator\" style=\"clear: both;\"><\/div>\n<div class=\"separator\" style=\"clear: both;\"><span style=\"color: orange; font-family: Verdana, sans-serif; font-size: large;\"><b>SECCIONES<\/b><\/span><\/div>\n<div class=\"separator\" style=\"clear: both;\"><\/div>\n<div class=\"separator\" style=\"clear: both;\">El Encuentro se estructura en las siguientes secciones, presididas por los ponentes que, a continuaci\u00f3n, se se\u00f1alan:<\/div>\n<div class=\"separator\" style=\"clear: both;\"><\/div>\n<div class=\"separator\" style=\"clear: both;\"><b>LA ANTIG\u00dcEDAD<\/b><\/div>\n<div class=\"separator\" style=\"clear: both;\"><\/div>\n<ul>\n<li>D. Manuel Mart\u00edn &#8211; Bueno<\/li>\n<\/ul>\n<div class=\"separator\" style=\"clear: both;\"><b>HISTORIA<\/b><\/div>\n<div class=\"separator\" style=\"clear: both;\"><\/div>\n<ul>\n<li>D. Jos\u00e9 Luis Corral Lafuente<\/li>\n<\/ul>\n<div class=\"separator\" style=\"clear: both;\"><b>ARTE<\/b><\/div>\n<div class=\"separator\" style=\"clear: both;\"><\/div>\n<ul>\n<li>D. Jes\u00fas Criado Mainar<\/li>\n<\/ul>\n<div class=\"separator\" style=\"clear: both;\"><b>CIENCIAS DE LA TIERRA Y DE LA SOCIEDAD<\/b><\/div>\n<p><i>(Geolog\u00eda, Biolog\u00eda, Econom\u00eda, Geograf\u00eda, Sociolog\u00eda y otras ciencias sociales y naturales)<\/i><\/p>\n<div class=\"separator\" style=\"clear: both;\"><\/div>\n<ul>\n<li>D. Francisco Gutierrez Santolalla<\/li>\n<\/ul>\n<div class=\"separator\" style=\"clear: both;\"><b>ETNOLOG\u00cdA, FLOKLORE Y LITERATURA<\/b><\/div>\n<div class=\"separator\" style=\"clear: both;\"><\/div>\n<ul>\n<li>D\u00f1a. Mar\u00eda Elisa S\u00e1nchez Sanz<\/li>\n<\/ul>\n<div class=\"separator\" style=\"clear: both;\"><\/div>\n<div class=\"separator\" style=\"clear: both;\"><\/div>\n<div class=\"separator\" style=\"clear: both;\"><span style=\"color: orange; font-family: Verdana, sans-serif; font-size: large;\"><b>COMUNICACIONES<\/b><\/span><\/div>\n<div class=\"separator\" style=\"clear: both;\"><\/div>\n<div class=\"separator\" style=\"clear: both;\">Las comunicaciones se presentar\u00e1n en soporte inform\u00e1tico con un m\u00e1ximo de treinta mil caracteres, incluyendo notas y documentaci\u00f3n, si las hubiere. El n\u00famero m\u00e1ximo de ilustraciones, si las hubiere, ser\u00e1 de diez, o que quepan en seis p\u00e1ginas.<\/div>\n<div class=\"separator\" style=\"clear: both;\"><\/div>\n<div class=\"separator\" style=\"clear: both;\">Se admitir\u00e1n un m\u00e1ximo de tres comunicaciones por participante.<\/div>\n<div class=\"separator\" style=\"clear: both;\"><\/div>\n<div class=\"separator\" style=\"clear: both;\">A juicio del Centro, si el asunto lo requiere, podr\u00eda aceptarse el exceder ligeramente estos l\u00edmites.<\/div>\n<div class=\"separator\" style=\"clear: both;\">Se enviar\u00e1 un resumen de un m\u00e1ximo de quince l\u00edneas antes del 30 de septiembre de 2015 por correo electr\u00f3nico. Este extracto servir\u00e1 a la comisi\u00f3n cient\u00edfica para valorar la pertinencia de su exposici\u00f3n en el Encuentro.<\/div>\n<div class=\"separator\" style=\"clear: both;\"><\/div>\n<div class=\"separator\" style=\"clear: both;\">El texto completo ser\u00e1 entregado por <b>correo electr\u00f3nico<\/b> <b>antes del 30 de noviembre de 2015<\/b>. El Centro no se compromete a la publicaci\u00f3n de los trabajos que no se presenten antes de esta fecha. Si existiera alguna duda sobre su inter\u00e9s o su rigor, la comisi\u00f3n cient\u00edfica decidir\u00e1 sobre su inclusi\u00f3n en las actas.<\/div>\n<div class=\"separator\" style=\"clear: both;\"><\/div>\n<div class=\"separator\" style=\"clear: both;\">La duraci\u00f3n m\u00e1xima de la exposici\u00f3n de los trabajos, ser\u00e1 de treinta minutos para las ponencias y de diez minutos para cada comunicaci\u00f3n, que se incluir\u00e1 en las actas s\u00f3lo si ha sido expuesta durante el encuentro. No es necesario leer \u00edntegramente los trabajos; sino un resumen del mismo que permita una exposici\u00f3n clara y concreta de su contenido.<\/div>\n<div class=\"separator\" style=\"clear: both;\"><\/div>\n<div class=\"separator\" style=\"clear: both;\"><\/div>\n<div class=\"separator\" style=\"clear: both;\"><span style=\"color: orange; font-family: Verdana, sans-serif; font-size: large;\"><b>INSCRIPCI\u00d3N<\/b><\/span><\/div>\n<div class=\"separator\" style=\"clear: both;\"><\/div>\n<div class=\"separator\" style=\"clear: both;\">Debe realizarse <b>antes del 25 de octubre<\/b> o, en el caso de presentar comunicaciones, <b>con anterioridad al 30 de septiembre<\/b>. Se utilizar\u00e1 el formulario adjunto \u00a0enviado por fax, correo ordinario, correo electr\u00f3nico (<b>direccion@cebilbilitanos.com<\/b>) o utilizando <a href=\"https:\/\/docs.google.com\/forms\/d\/10voziwCQMU1jnf5erT4FvzSHWikhfje4pMBZZBe0Ro4\/viewform?usp=send_form\" target=\"_blank\">el formulario que se abre desde este enlace<\/a>.<\/div>\n<div class=\"separator\" style=\"clear: both;\"><\/div>\n<div class=\"separator\" style=\"clear: both;\">La cuota es de <b>10 euros<\/b> que se har\u00e1 efectiva mediante ingreso en la cuenta de <b>IberCaja Banco S.A.<\/b>, indicando <i>IX encuentros bilbilitanos<\/i>, <b>ES84 2085 0126 73 0300010633<\/b>, adjuntando copia del resguardo con la ficha de inscripci\u00f3n.<\/div>\n<div class=\"separator\" style=\"clear: both;\"><\/div>\n<div class=\"separator\" style=\"clear: both;\">La inscripci\u00f3n da derecho a certificado de asistencia, actos que figuran en el programa y a la recepci\u00f3n de las actas.<\/div>\n<div class=\"separator\" style=\"clear: both;\"><\/div>\n<div class=\"separator\" style=\"clear: both;\">La asistencia a las sesiones de trabajo es p\u00fablica.<\/div>\n<div class=\"separator\" style=\"clear: both;\"><\/div>\n<div class=\"separator\" style=\"clear: both;\"><b>Quienes deseen participar en el almuerzo de clausura, deber\u00e1n indicarlo en la ficha de inscripci\u00f3n y abonar su importe en el momento de la entrega de la documentaci\u00f3n.<\/b><\/div>\n<div class=\"separator\" style=\"clear: both;\"><\/div>\n<div class=\"separator\" style=\"clear: both;\"><\/div>\n<div class=\"separator\" style=\"clear: both;\"><span style=\"color: orange; font-family: Verdana, sans-serif; font-size: large;\"><b>AVANCE DEL PROGRAMA<\/b><\/span><\/div>\n<div class=\"separator\" style=\"clear: both;\"><\/div>\n<div class=\"separator\" style=\"clear: both;\"><b>LUGAR DE CELEBRACI\u00d3N<\/b><\/div>\n<div class=\"separator\" style=\"clear: both;\">El Encuentro tendr\u00e1 lugar en el Palacio de la Comunidad de Calatayud, en el n\u00famero 1 de la plaza del mismo nombre.<\/div>\n<div class=\"separator\" style=\"clear: both;\"><\/div>\n<div class=\"separator\" style=\"clear: both;\"><span style=\"font-family: Verdana, sans-serif;\"><b>Viernes, d\u00eda 13<\/b><\/span><\/div>\n<div class=\"separator\" style=\"clear: both;\"><b>Tarde<\/b><\/div>\n<div class=\"separator\" style=\"clear: both;\"><\/div>\n<ul>\n<li>Primera sesi\u00f3n de trabajo<\/li>\n<li>Segunda sesi\u00f3n de trabajo<\/li>\n<\/ul>\n<div class=\"separator\" style=\"clear: both;\"><b><span style=\"font-family: Verdana, sans-serif;\">S\u00e1bado, d\u00eda 14<\/span><\/b><\/div>\n<div class=\"separator\" style=\"clear: both;\"><b>Ma\u00f1ana<\/b><\/div>\n<div class=\"separator\" style=\"clear: both;\"><\/div>\n<ul>\n<li>Tercera sesi\u00f3n de trabajo<\/li>\n<\/ul>\n<div class=\"separator\" style=\"clear: both;\"><b>Tarde<\/b><\/div>\n<div class=\"separator\" style=\"clear: both;\"><\/div>\n<ul>\n<li>Cuarta sesi\u00f3n de trabajo<\/li>\n<\/ul>\n<div class=\"separator\" style=\"clear: both;\"><span style=\"font-family: Verdana, sans-serif;\"><b>Domingo, d\u00eda 15<\/b><\/span><\/div>\n<div class=\"separator\" style=\"clear: both;\"><b>Ma\u00f1ana<\/b><\/div>\n<div class=\"separator\" style=\"clear: both;\"><\/div>\n<ul>\n<li>Quinta sesi\u00f3n de trabajo<\/li>\n<li>Conclusiones<\/li>\n<li>Acto de clausura<\/li>\n<\/ul>\n<div class=\"separator\" style=\"clear: both;\"><b>Almuerzo<\/b><\/div>\n<div class=\"separator\" style=\"clear: both;\"><\/div>\n<div class=\"separator\" style=\"clear: both;\"><i>Durante el Encuentro se programar\u00e1n visitas al Museo de Calatayud y al Museo del Claustro de Santa Mar\u00eda que se comunicar\u00e1n en el programa de mano<\/i><\/div>\n<div class=\"separator\" style=\"clear: both;\"><\/div>\n<div class=\"separator\" style=\"clear: both;\"><b>D\u00edas antes del comienzo se enviar\u00e1 a los inscritos un programa detallado, que se confeccionar\u00e1 en funci\u00f3n del n\u00famero de comunicaciones que se presenten. El env\u00edo se realizar\u00e1 por correo electr\u00f3nico y se publicar\u00e1 en este blog.<\/b><\/div>\n","protected":false},"excerpt":{"rendered":"<p>Convocado el IX Encuentro de Estudios Bilbilitanos Inscripci\u00f3n en el formulario que se abre desde este enlace. PRESENTACI\u00d3N Se convoca el IX Encuentro de Estudios Bilbilitanos, en el que tendr\u00e1n cabida todos los estudios in\u00e9ditos que aporten nuevas visiones de &hellip; <a href=\"https:\/\/cebilbilitanos.com\/?page_id=2\">Sigue leyendo <span class=\"meta-nav\">&rarr;<\/span><\/a><\/p>\n","protected":false},"author":1,"featured_media":0,"parent":959,"menu_order":0,"comment_status":"open","ping_status":"open","template":"","meta":[],"_links":{"self":[{"href":"https:\/\/cebilbilitanos.com\/index.php?rest_route=\/wp\/v2\/pages\/2"}],"collection":[{"href":"https:\/\/cebilbilitanos.com\/index.php?rest_route=\/wp\/v2\/pages"}],"about":[{"href":"https:\/\/cebilbilitanos.com\/index.php?rest_route=\/wp\/v2\/types\/page"}],"author":[{"embeddable":true,"href":"https:\/\/cebilbilitanos.com\/index.php?rest_route=\/wp\/v2\/users\/1"}],"replies":[{"embeddable":true,"href":"https:\/\/cebilbilitanos.com\/index.php?rest_route=%2Fwp%2Fv2%2Fcomments&post=2"}],"version-history":[{"count":1,"href":"https:\/\/cebilbilitanos.com\/index.php?rest_route=\/wp\/v2\/pages\/2\/revisions"}],"predecessor-version":[{"id":12,"href":"https:\/\/cebilbilitanos.com\/index.php?rest_route=\/wp\/v2\/pages\/2\/revisions\/12"}],"up":[{"embeddable":true,"href":"https:\/\/cebilbilitanos.com\/index.php?rest_route=\/wp\/v2\/pages\/959"}],"wp:attachment":[{"href":"https:\/\/cebilbilitanos.com\/index.php?rest_route=%2Fwp%2Fv2%2Fmedia&parent=2"}],"curies":[{"name":"wp","href":"https:\/\/api.w.org\/{rel}","templated":true}]}}