{"id":188,"date":"2015-09-10T18:33:59","date_gmt":"2015-09-10T18:33:59","guid":{"rendered":"http:\/\/cebilbilitanos.com\/?page_id=188"},"modified":"2015-09-10T18:33:59","modified_gmt":"2015-09-10T18:33:59","slug":"publicaciones","status":"publish","type":"page","link":"https:\/\/cebilbilitanos.com\/?page_id=188","title":{"rendered":"Publicaciones"},"content":{"rendered":"<p><a href=\"http:\/\/cebilbilitanos.com\/wp-content\/uploads\/2015\/09\/libros.png\"><img decoding=\"async\" loading=\"lazy\" class=\"aligncenter size-full wp-image-189\" src=\"http:\/\/cebilbilitanos.com\/wp-content\/uploads\/2015\/09\/libros.png\" alt=\"libros\" width=\"600\" height=\"509\" srcset=\"https:\/\/cebilbilitanos.com\/wp-content\/uploads\/2015\/09\/libros.png 600w, https:\/\/cebilbilitanos.com\/wp-content\/uploads\/2015\/09\/libros-300x255.png 300w\" sizes=\"(max-width: 600px) 100vw, 600px\" \/><\/a><\/p>\n<p>&nbsp;<\/p>\n<p>Una de las actividades que distinguen al Centro de Estudios Bilbilitanos son sus publicaciones, siempre de temas relacionados con la Comunidad de Calatayud, bien en su actual espacio territorial, bien en su demarcaci\u00f3n antigua. El cat\u00e1logo editorial est\u00e1 abierto a todos los campos del conocimiento, aunque las obras publicadas se centran en la historia y el arte comarcales, esto no quiere decir otra cosa que es la tendencia marcada por los estudiosos que nos ofrecen sus trabajos.<\/p>\n<p>Nuestra l\u00ednea editorial la marca la calidad, bien sea desde una intenci\u00f3n divulgativa o m\u00e1s rigurosa. Los trabajos que se nos entregan pasan por una comisi\u00f3n de lectura que valora su idoneidad y, posteriormente, son analizados por la Instituci\u00f3n Fernando el Cat\u00f3lico para su aprobaci\u00f3n definitiva.<\/p>\n<p>Posteriormente, la fecha de publicaci\u00f3n depende de nuestra disponibilidad presupuestaria, siempre escasa o de las colaboraciones que podamos conseguir para hacer posible la edici\u00f3n. En este sentido y en los \u00faltimos tiempos, se han abierto distintas l\u00edneas de coedici\u00f3n con otras instituciones.<\/p>\n","protected":false},"excerpt":{"rendered":"<p>&nbsp; Una de las actividades que distinguen al Centro de Estudios Bilbilitanos son sus publicaciones, siempre de temas relacionados con la Comunidad de Calatayud, bien en su actual espacio territorial, bien en su demarcaci\u00f3n antigua. El cat\u00e1logo editorial est\u00e1 abierto &hellip; <a href=\"https:\/\/cebilbilitanos.com\/?page_id=188\">Sigue leyendo <span class=\"meta-nav\">&rarr;<\/span><\/a><\/p>\n","protected":false},"author":1,"featured_media":0,"parent":0,"menu_order":0,"comment_status":"open","ping_status":"open","template":"","meta":[],"_links":{"self":[{"href":"https:\/\/cebilbilitanos.com\/index.php?rest_route=\/wp\/v2\/pages\/188"}],"collection":[{"href":"https:\/\/cebilbilitanos.com\/index.php?rest_route=\/wp\/v2\/pages"}],"about":[{"href":"https:\/\/cebilbilitanos.com\/index.php?rest_route=\/wp\/v2\/types\/page"}],"author":[{"embeddable":true,"href":"https:\/\/cebilbilitanos.com\/index.php?rest_route=\/wp\/v2\/users\/1"}],"replies":[{"embeddable":true,"href":"https:\/\/cebilbilitanos.com\/index.php?rest_route=%2Fwp%2Fv2%2Fcomments&post=188"}],"version-history":[{"count":1,"href":"https:\/\/cebilbilitanos.com\/index.php?rest_route=\/wp\/v2\/pages\/188\/revisions"}],"predecessor-version":[{"id":190,"href":"https:\/\/cebilbilitanos.com\/index.php?rest_route=\/wp\/v2\/pages\/188\/revisions\/190"}],"wp:attachment":[{"href":"https:\/\/cebilbilitanos.com\/index.php?rest_route=%2Fwp%2Fv2%2Fmedia&parent=188"}],"curies":[{"name":"wp","href":"https:\/\/api.w.org\/{rel}","templated":true}]}}