{"id":176,"date":"2015-09-10T17:33:56","date_gmt":"2015-09-10T17:33:56","guid":{"rendered":"http:\/\/cebilbilitanos.com\/?page_id=176"},"modified":"2015-09-10T17:59:49","modified_gmt":"2015-09-10T17:59:49","slug":"el-ceb","status":"publish","type":"page","link":"https:\/\/cebilbilitanos.com\/?page_id=176","title":{"rendered":"El CEB"},"content":{"rendered":"<p class=\"texto\" style=\"text-align: center;\"><a href=\"http:\/\/cebilbilitanos.com\/wp-content\/uploads\/2015\/09\/ceb.png\"><img decoding=\"async\" loading=\"lazy\" class=\"alignnone size-full wp-image-177\" src=\"http:\/\/cebilbilitanos.com\/wp-content\/uploads\/2015\/09\/ceb.png\" alt=\"ceb\" width=\"170\" height=\"223\" \/><\/a><\/p>\n<p class=\"texto\">Solamente hab\u00edan transcurrido once a\u00f1os desde la fundaci\u00f3n de la Instituci\u00f3n \u00abFernando el Cat\u00f3lico\u00bb, cuando \u00e9sta decidi\u00f3 crear su primer Centro Asociado en <a href=\"http:\/\/www.dpz.es\/municipios\/fichamuni.asp?LocId=67\" target=\"blank\">Calatayud,<\/a> segunda ciudad en poblaci\u00f3n de la provincia. Naci\u00f3 el 28 de febrero de 1954, de la iniciativa de un grupo de bilbilitanos y bajo los auspicios de la Diputaci\u00f3n de Zaragoza.<\/p>\n<p class=\"texto\">En los primeros a\u00f1os las actividades se centraron en las conferencias, muy numerosas y sobre temas de historia, econom\u00eda, religi\u00f3n, ciencias, derecho, etc. Igualmente importante fue la integraci\u00f3n en el Centro de Estudios Bilbilitanos (CEB) de varios grupos culturales: la Coral Bilbilitana, fundada en 1958; el grupo Vicor de pintura, el Teatro de C\u00e1mara y el Centro M\u00e9dico Bilbilitano. Se inici\u00f3 la revista hablada <i>B\u00edlbilis<\/i> y, sobre todo, tuvo especial relevancia la creaci\u00f3n del Cine F\u00f3rum dependiente del CEB.<\/p>\n<p class=\"texto\">El CEB se preocup\u00f3 desde su inicio de la preservaci\u00f3n del patrimonio cultural, en cumplimiento de sus estatutos. As\u00ed, inform\u00f3 (1965) para la declaraci\u00f3n de la iglesia de San Andr\u00e9s como Monumento Nacional (lograda a\u00f1os m\u00e1s tarde) e intervino en la tramitaci\u00f3n de declaraci\u00f3n del Casco Antiguo de\u00a0<a href=\"http:\/\/www.dpz.es\/municipios\/fichamuni.asp?LocId=67\" target=\"blank\">Calatayud<\/a> como Conjunto de Inter\u00e9s Hist\u00f3rico-Art\u00edstico (1967) y en la formaci\u00f3n de un incipiente Museo Arqueol\u00f3gico con los materiales aportados por sus consejeros y otros colaboradores.<\/p>\n<p class=\"texto\">Desde 1985 cuenta con sede propia, primero en la antigua casa de cultura, y desde febrero de 2001 en la Puerta de Terrer, por concesi\u00f3n del Ayuntamiento de la Ciudad. El CEB dispone de equipamiento audiovisual e inform\u00e1tico.<\/p>\n<div id=\"attachment_179\" style=\"width: 560px\" class=\"wp-caption aligncenter\"><img aria-describedby=\"caption-attachment-179\" decoding=\"async\" loading=\"lazy\" class=\"size-full wp-image-179\" src=\"http:\/\/cebilbilitanos.com\/wp-content\/uploads\/2015\/09\/WLM14ES_-_CS_24062012_^164431_^76209_-_.jpg\" alt=\"Sede de CEB en la Puerta de Terrer\" width=\"550\" height=\"543\" srcset=\"https:\/\/cebilbilitanos.com\/wp-content\/uploads\/2015\/09\/WLM14ES_-_CS_24062012_^164431_^76209_-_.jpg 550w, https:\/\/cebilbilitanos.com\/wp-content\/uploads\/2015\/09\/WLM14ES_-_CS_24062012_^164431_^76209_-_-300x296.jpg 300w\" sizes=\"(max-width: 550px) 100vw, 550px\" \/><p id=\"caption-attachment-179\" class=\"wp-caption-text\">Sede de CEB en la Puerta de Terrer<\/p><\/div>\n<p class=\"texto\">Durante cuatro d\u00e9cadas la labor del Centro ha sido extensa y variada. A\u00a0trav\u00e9s de un marco hist\u00f3rico y social cambiante, y siempre ha sido fiel al postulado del art\u00edculo 1.\u00ba de su reglamento: \u201cEl Centro de Estudios Bilbilitanos es un servicio de Cultura Aragonesa, y de una manera muy especial de la Cultura de la <a href=\"http:\/\/www.dpz.es\/turismo\/comarcas\/fichaComarca.asp?comid=3\" target=\"blank\">Comarca bilbilitana<\/a>, adscrito a la Instituci\u00f3n \u00abFernando el Cat\u00f3lico\u00bb, para tutela y fomento cient\u00edfico de Calatayud y su Comarca\u201d. Como los dem\u00e1s Centros de la IFC, goza de presupuesto propio y de autonom\u00eda en su r\u00e9gimen interno, as\u00ed como en su actividad editorial.<\/p>\n<p class=\"texto\">Para cumplir su objetivo primordial,\u00a0la investigaci\u00f3n y el estudio de la Comunidad de Calatayud en todos los campos del conocimiento, su actividad se desarrolla en torno a cinco ejes fundamentales:<\/p>\n<ul>\n<li><strong>Publicaciones<\/strong>: Las investigaciones relacionadas con cualquier \u00e1mbito de estudio sobre la Comunidad de Calatayud conviven con libros de fotograf\u00eda, obras literarias, dibujos, mapas o reproducciones de obras descatalogadas.<\/li>\n<li><strong>Encuentros<\/strong>: Peri\u00f3dicamente se celebran los encuentros de estudios bilbilitanos, donde se dan cita, junto con ponentes de reconocido prestigio, investigadores que exponen el resultado de sus trabajos. El compendio de los encuentros se publica en las correspondientes actas, indispensables para conocer a fondo la Comunidad de Calatayud. Puntualmente se celebran jornadas o simposios monogr\u00e1ficos.<\/li>\n<li><strong>Conferencias<\/strong>: En las que se presentan nuestras publicaciones u otros temas de inter\u00e9s que surgen entre la celebraci\u00f3n de los encuentros.<\/li>\n<li><strong>Ciclos<\/strong>: Como el de cine que se realiza en colaboraci\u00f3n con el centro asociado de la Universidad de Educaci\u00f3n a Distancia.<\/li>\n<li><strong>Apoyo a la investigaci\u00f3n<\/strong>: El CEB apoya, en la medida de sus posibilidades, las investigaciones sobre su \u00e1mbito territorial.<\/li>\n<\/ul>\n<p>Para realizar su cometido, el Centro de Estudios Bilbilitanos cuenta con el patronazgo de la Instuci\u00f3n Fernando el Cat\u00f3lico, perteneciente a la Diputaci\u00f3n de Zaragoza y con colaboraciones puntuales de la Comarca Comunidad de Calatayud o el Ayuntamiento de Calatayud.<\/p>\n","protected":false},"excerpt":{"rendered":"<p>Solamente hab\u00edan transcurrido once a\u00f1os desde la fundaci\u00f3n de la Instituci\u00f3n \u00abFernando el Cat\u00f3lico\u00bb, cuando \u00e9sta decidi\u00f3 crear su primer Centro Asociado en Calatayud, segunda ciudad en poblaci\u00f3n de la provincia. Naci\u00f3 el 28 de febrero de 1954, de la &hellip; <a href=\"https:\/\/cebilbilitanos.com\/?page_id=176\">Sigue leyendo <span class=\"meta-nav\">&rarr;<\/span><\/a><\/p>\n","protected":false},"author":1,"featured_media":0,"parent":0,"menu_order":0,"comment_status":"open","ping_status":"open","template":"","meta":[],"_links":{"self":[{"href":"https:\/\/cebilbilitanos.com\/index.php?rest_route=\/wp\/v2\/pages\/176"}],"collection":[{"href":"https:\/\/cebilbilitanos.com\/index.php?rest_route=\/wp\/v2\/pages"}],"about":[{"href":"https:\/\/cebilbilitanos.com\/index.php?rest_route=\/wp\/v2\/types\/page"}],"author":[{"embeddable":true,"href":"https:\/\/cebilbilitanos.com\/index.php?rest_route=\/wp\/v2\/users\/1"}],"replies":[{"embeddable":true,"href":"https:\/\/cebilbilitanos.com\/index.php?rest_route=%2Fwp%2Fv2%2Fcomments&post=176"}],"version-history":[{"count":4,"href":"https:\/\/cebilbilitanos.com\/index.php?rest_route=\/wp\/v2\/pages\/176\/revisions"}],"predecessor-version":[{"id":182,"href":"https:\/\/cebilbilitanos.com\/index.php?rest_route=\/wp\/v2\/pages\/176\/revisions\/182"}],"wp:attachment":[{"href":"https:\/\/cebilbilitanos.com\/index.php?rest_route=%2Fwp%2Fv2%2Fmedia&parent=176"}],"curies":[{"name":"wp","href":"https:\/\/api.w.org\/{rel}","templated":true}]}}