{"id":1641,"date":"2017-04-04T07:57:50","date_gmt":"2017-04-04T07:57:50","guid":{"rendered":"http:\/\/cebilbilitanos.com\/?page_id=1641"},"modified":"2017-04-04T07:57:50","modified_gmt":"2017-04-04T07:57:50","slug":"marcial-pons-abejer-el-librero-bilbilitano","status":"publish","type":"page","link":"https:\/\/cebilbilitanos.com\/?page_id=1641","title":{"rendered":"Marcial Pons Abejer. El librero bilbilitano."},"content":{"rendered":"<p>Por: Francisco Tobajas Gallego<\/p>\n<p>Marcial Pons Abejer naci\u00f3 en Calatayud en 1915. Estudi\u00f3 Bachillerato en Zaragoza y a los quince a\u00f1os entr\u00f3 a trabajar en la Librer\u00eda de Cecilio Gasca, donde coincidi\u00f3 con su hermano mayor y maestro Francisco Pons. En 1935 se desplazar\u00e1 a Jaca para trabajar en el establecimiento <em>El Siglo<\/em>, hasta la sublevaci\u00f3n de 1936. Tras la Guerra Civil espa\u00f1ola lograr\u00e1 un empleo en la librer\u00eda de Afrodisio Aguado y en 1948 se establecer\u00e1 como librero independiente, en un peque\u00f1o local de la plaza madrile\u00f1a de Callao, con la firme idea de desarrollar un modelo de librer\u00eda especializada. Este modelo implicaba un alto grado de compromiso profesional, con el fin de satisfacer las necesidades bibliogr\u00e1ficas de sus clientes, all\u00e1 donde se encontraran, y mantenerles puntualmente informados sobre la producci\u00f3n editorial en cualquier idioma relativo a las disciplinas de su inter\u00e9s. En 1962 se trasladar\u00e1 a la calle B\u00e1rbara de Braganza, cuyo local estaba siempre\u00a0 \u00abrebosante, pero nunca rebasado\u00bb de libros que esperaban a sus clientes, que m\u00e1s pronto o m\u00e1s tarde pasar\u00edan a formar parte de una larga n\u00f3mina de amigos. En una entrevista de 2014 a Enrique Pascual, Director de Librer\u00edas Marcial Pons, se\u00f1alaba que se trataba de una librer\u00eda \u00abde fondo\u00bb, de una \u00ablibrer\u00eda especializada con may\u00fasculas\u00bb. Las librer\u00edas Marial Pons contin\u00faan siendo lugares de encuentro de los profesionales y amantes de la cultura, adem\u00e1s de ser una de las primeras en comercializar libros a trav\u00e9s de internet.<\/p>\n<p>Marcial Pons colaborar\u00eda en la creaci\u00f3n de la primera Escuela de Libreros, siendo miembro destacado de la Junta del Gremio de Libreros durante varios a\u00f1os.<\/p>\n<p>Marcial Pons fue pionero en la elaboraci\u00f3n de boletines de informaci\u00f3n bibliogr\u00e1fica, as\u00ed como en la introducci\u00f3n y difusi\u00f3n en Espa\u00f1a de prestigiosas editoriales extranjeras. Para Marcial Pons, todo libro o revista era importante, con independencia de su precio o dificultad para llegar hasta ellos. Investigar, seleccionar, abrir nuevos mercados, acercar en definitiva culturas e ideas, eran exigencias claramente marcadas por los clientes de Marcial Pons, que intentaba cumplir a diario. Estas premisas hab\u00edan exigido una l\u00f3gica expansi\u00f3n, con la apertura de nuevas librer\u00edas, nuevas especialidades y tambi\u00e9n nuevos productos.<\/p>\n<p>Actualmente y apoyado en un excelente equipo de profesionales, Marcial Pons cuenta con cuatro establecimientos abiertos al p\u00fablico, tres en Madrid y uno en Barcelona, haciendo llegar a trav\u00e9s del servicio de novedades a m\u00e1s de quince mil personas, las \u00faltimas publicaciones editadas por m\u00e1s de diez mil editoriales. Marcial Pons se ha consolidado como la primera cadena de librer\u00edas especializadas de Espa\u00f1a, as\u00ed como l\u00edder en exportaci\u00f3n. Actualmente cuenta con m\u00e1s de ciento cincuenta mil clientes repartidos por todo el mundo.<\/p>\n<p>En 1989, Marcial Pons, con participaci\u00f3n de dos ilustres profesores universitarios, Jos\u00e9 Juan Ferreiro y Jos\u00e9 Ram\u00f3n Parada, fundar\u00eda Marcial Pons Ediciones Jur\u00eddicas y Sociales S.A., con la idea de desarrollar un proyecto editorial capaz de ofrecer un producto final de alto valor cient\u00edfico y una esmerada elaboraci\u00f3n t\u00e9cnica. En la actualidad cuenta con sedes en Madrid y Buenos Aires. Su producci\u00f3n alcanza ya los mil t\u00edtulos y se ha consolidado como una editorial indispensable dentro del mundo acad\u00e9mico y profesional.<\/p>\n<p>En 1998, animado por la marcha de la editorial jur\u00eddica y con la implicaci\u00f3n accionarial y acad\u00e9mica de prestigiosos historiadores, se fundar\u00eda Marcial Pons Ediciones de Historia S.A., pensada exclusivamente para la primera edici\u00f3n y promoci\u00f3n de libros de Historia. En los \u00faltimos tiempos la editorial colocaba alrededor de ochenta t\u00edtulos por a\u00f1o. En el a\u00f1o 2000 se fundar\u00eda Marcial Pons Argentina y en el 2012 la editorial comenzar\u00eda a publicar libros en Brasil.<\/p>\n<p>Marcial Pons Distribuidora es responsable de la distribuci\u00f3n de las publicaciones de la Real Academia de la Historia, de la Casa de Vel\u00e1zquez, del Congreso de los Diputados o del Senado, entre otros. Desde la Agencia de suscripciones de Marcial Pons, se puede suscribir a cualquier revista censada, editada en cualquier idioma y publicada en cualquier parte del mundo. Gestiona en la actualidad m\u00e1s de veintitr\u00e9s mil suscripciones, de las que casi seis mil corresponden a revistas extranjeras. Est\u00e1n en contacto con los distribuidores y anticuarios para facilitar la adquisici\u00f3n de n\u00fameros sueltos, a\u00f1os atrasados y colecciones completas. Tambi\u00e9n trabajan en mapas, CD-ROMS, bases de datos, DVDS\u2026 Actualmente la empresa est\u00e1 implicada en dos proyectos:<\/p>\n<p>-Creaci\u00f3n de un departamento de grandes cuentas (clientes institucionales) con personas dedicadas exclusivamente a atender sus necesidades de informaci\u00f3n, a localizar sus libros y a controlar el estado de sus pedidos.<\/p>\n<p>-Creaci\u00f3n de un Centro de Catalogaci\u00f3n, atendido por especialistas, que permitir\u00e1 capturar registros en formato MARC dentro del entorno 2.39.50 y compatible con Absys, Innopac y Unicom, para facilitar el acceso a todas las novedades ya catalogadas por sus t\u00e9cnicos y que incluso permitir\u00e1 recibir ya catalogados todos los libros que se le pidan.<\/p>\n<p>Marcial Pons falleci\u00f3 en Madrid el 1 de marzo del a\u00f1o 2011. El d\u00eda 3 de marzo apareci\u00f3 en el diario <em>El Pa\u00eds<\/em> una peque\u00f1a rese\u00f1a necrol\u00f3gica debida a su sobrino Paco Pons. En ella se\u00f1alaba que los obituarios deb\u00edan ser escritos en un equilibrio entre el sentimiento y la objetividad. En aquella ocasi\u00f3n Paco Pons lo hac\u00eda en homenaje a uno de los libreros y editor de mayor prestigio europeo en la segunda mitad del siglo XX.<\/p>\n<p>Paco Pons reconoc\u00eda que su t\u00edo hab\u00eda sido un librero innovador, pues su oficio se hab\u00eda basado siempre en un extraordinario amor al libro, quiz\u00e1 heredado de Francisco Pons, librero zaragozano fallecido en 1969, hermano mayor de Marcial. A esto se a\u00f1ad\u00eda un extraordinario af\u00e1n por aprender, leyendo todo lo que ca\u00eda en sus manos, con lo que hab\u00eda sido due\u00f1o de una cultura enciclop\u00e9dica. Ya en la d\u00e9cada de los a\u00f1os sesenta hab\u00eda tenido claro que la especializaci\u00f3n era el futuro de la librer\u00eda.<\/p>\n<p>Marcial Pons hab\u00eda sido el alma de la primera Escuela de Libreros que hab\u00eda existido en Espa\u00f1a, al darse cuenta que los libreros estaban abocados a ser autodidactas por necesidad. Argument\u00f3 tanto y tantas veces con el entonces ministro de Informaci\u00f3n y Turismo, que consigui\u00f3 que se habilitase un espacio en la Escuela de Documentalistas (en el edificio de la Biblioteca Nacional) para acoger la Escuela de Libreros. El maestro librero Le\u00f3n S\u00e1nchez Cuesta lo apoy\u00f3 con entusiasmo e incluso acept\u00f3 ser su director. Otros libreros como Jer\u00f3nimo D\u00edaz de Santos y Pedro Hern\u00e1ndez le apoyaron en sus gestiones.<\/p>\n<p>Paco Pons recordaba la fundaci\u00f3n de la empresa de su t\u00edo en un piso cerca de la plaza Callao de Madrid. Marcial Pons hab\u00eda dejado Zaragoza pues no quer\u00eda competir con su hermano mayor Paco, que ten\u00eda intenci\u00f3n de abrir una librer\u00eda propia. Despu\u00e9s se trasladar\u00eda a un local pr\u00f3ximo a la calle del Postigo de San Mart\u00edn. En todo momento Marcial Pons recibi\u00f3 el apoyo de su mujer Chiri, quien nunca dud\u00f3 del futuro profesional de su librer\u00eda. Ella tambi\u00e9n era librera.<\/p>\n<p>En el a\u00f1o 2005 Marcial Pons fue reconocido con la Medalla de Oro al M\u00e9rito en el Trabajo, \u00abcomo reconocimiento a su labor profesional\u00bb (BOE, 19-XI-2005). En 2009 se le otorg\u00f3 el Premio Nacional a la Labor Editora. El Jurado del galard\u00f3n destac\u00f3 entonces \u00absu excelencia editorial, que ha trascendido el \u00e1mbito acad\u00e9mico para instalarse en un m\u00e1s amplio espacio de la vida cultural espa\u00f1ola\u00bb.<\/p>\n<p>En el discurso de Marcial Pons, al recibir la Medalla de Honor de la Universidad Carlos III de Madrid, declaraba que \u00e9l hab\u00eda sido \u00ablo que verdaderamente he querido ser. Un librero. He dedicado toda mi vida a los libros, a sus autores y a los lectores. A lo largo de mis muchos a\u00f1os de actividad como librero he tenido la oportunidad de conocer mucha gente. De todos he aprendido. Muchos de ellos me han honrado con su confianza, incluso con su amistad. Y es que esta profesi\u00f3n, cuando se ejerce con seriedad y desde el compromiso de servicio y de atenci\u00f3n al cliente, siempre es generosa y compensa con creces de cualquier esfuerzo y sacrificio\u00bb. Por todo ello se sent\u00eda \u00abun verdadero privilegiado\u00bb, pues su trabajo hab\u00eda consistido \u00aben dedicaci\u00f3n, constancia y esfuerzo\u00bb, puestos \u00aba disposici\u00f3n de una hermosa causa\u00bb.<\/p>\n<p>Marcial Pons consideraba, quit\u00e1ndose m\u00e9ritos, que solamente hab\u00eda sido el \u00abinspirador de una idea que ha ido encontrando los int\u00e9rpretes adecuados a lo largo del tiempo\u00bb. El amor a este mundo del libro lo hab\u00eda trasmitido a su familia, a sus hijos y nietos. \u00abActualmente, puedo ver con satisfacci\u00f3n c\u00f3mo en todos ellos ha prendido el compromiso de continuidad\u00bb.<\/p>\n<p>La medalla que entonces recib\u00eda, era para Marcial Pons \u00abun verdadero honor. Un regalo preciad\u00edsimo y, por supuesto, la culminaci\u00f3n de una buena parte de mis aspiraciones personales y profesionales\u00bb.<\/p>\n","protected":false},"excerpt":{"rendered":"<p>Por: Francisco Tobajas Gallego Marcial Pons Abejer naci\u00f3 en Calatayud en 1915. Estudi\u00f3 Bachillerato en Zaragoza y a los quince a\u00f1os entr\u00f3 a trabajar en la Librer\u00eda de Cecilio Gasca, donde coincidi\u00f3 con su hermano mayor y maestro Francisco Pons. &hellip; <a href=\"https:\/\/cebilbilitanos.com\/?page_id=1641\">Sigue leyendo <span class=\"meta-nav\">&rarr;<\/span><\/a><\/p>\n","protected":false},"author":1,"featured_media":0,"parent":1632,"menu_order":0,"comment_status":"closed","ping_status":"closed","template":"","meta":[],"_links":{"self":[{"href":"https:\/\/cebilbilitanos.com\/index.php?rest_route=\/wp\/v2\/pages\/1641"}],"collection":[{"href":"https:\/\/cebilbilitanos.com\/index.php?rest_route=\/wp\/v2\/pages"}],"about":[{"href":"https:\/\/cebilbilitanos.com\/index.php?rest_route=\/wp\/v2\/types\/page"}],"author":[{"embeddable":true,"href":"https:\/\/cebilbilitanos.com\/index.php?rest_route=\/wp\/v2\/users\/1"}],"replies":[{"embeddable":true,"href":"https:\/\/cebilbilitanos.com\/index.php?rest_route=%2Fwp%2Fv2%2Fcomments&post=1641"}],"version-history":[{"count":1,"href":"https:\/\/cebilbilitanos.com\/index.php?rest_route=\/wp\/v2\/pages\/1641\/revisions"}],"predecessor-version":[{"id":1642,"href":"https:\/\/cebilbilitanos.com\/index.php?rest_route=\/wp\/v2\/pages\/1641\/revisions\/1642"}],"up":[{"embeddable":true,"href":"https:\/\/cebilbilitanos.com\/index.php?rest_route=\/wp\/v2\/pages\/1632"}],"wp:attachment":[{"href":"https:\/\/cebilbilitanos.com\/index.php?rest_route=%2Fwp%2Fv2%2Fmedia&parent=1641"}],"curies":[{"name":"wp","href":"https:\/\/api.w.org\/{rel}","templated":true}]}}