{"id":940,"date":"2016-04-03T18:02:02","date_gmt":"2016-04-03T18:02:02","guid":{"rendered":"http:\/\/cebilbilitanos.com\/?page_id=940"},"modified":"2016-04-03T18:02:02","modified_gmt":"2016-04-03T18:02:02","slug":"el-entierro-de-cristo","status":"publish","type":"page","link":"http:\/\/cebilbilitanos.com\/?page_id=940","title":{"rendered":"El Entierro de Cristo"},"content":{"rendered":"<p><a href=\"http:\/\/cebilbilitanos.com\/wp-content\/uploads\/2016\/04\/entierro.jpg\"><img decoding=\"async\" loading=\"lazy\" class=\"aligncenter size-full wp-image-941\" src=\"http:\/\/cebilbilitanos.com\/wp-content\/uploads\/2016\/04\/entierro.jpg\" alt=\"entierro\" width=\"174\" height=\"250\" \/><\/a><\/p>\n<p>AUTOR:\u00a0Lorenzo de la Mata, Francisco Javier; Lorenzo de la Mata, Jes\u00fas<\/p>\n<p>NOTAS:DVD<\/p>\n<ul>\n<li>EDICI\u00d3N:Editado por:IFC &#8211; Centro de Estudios Bilbilitanos<\/li>\n<li>Edici\u00f3n:ISBN 978-84-9911-310-4<\/li>\n<li>A\u00f1o edici\u00f3n: 2015<\/li>\n<li>COLECCI\u00d3N:Centro de Estudios Bilbilitanos<\/li>\n<li>N\u00ba PUBLICACI\u00d3N:3347<\/li>\n<li>PRECIO: 3,00 \u20ac<\/li>\n<\/ul>\n<p>MATERIAS:<br \/>\nETNOLOG\u00cdA y ANTROPOLOG\u00cdA. FILOSOF\u00cdA. RELIGI\u00d3N &gt; Religi\u00f3n<br \/>\nESTUDIOS LOCALES Y COMARCALES &gt; Calatayud<\/p>\n<p>INFORMACI\u00d3N ADICIONAL:<br \/>\nEl grupo de cine del Centro de Estudios Bilbilitanos integr\u00f3 a un grupo de aficionados al cine amateur que llevaron a cabo una serie de documentales sobre Calatayud, entre ellos, El Entierro de Cristo (Procesi\u00f3n de Viernes Santo en Calatayud), filmado en 1965. Transcurridos cincuenta a\u00f1os de aquella grabaci\u00f3n, parece un buen momento para rescatarla del olvido y ofrecerla a todos quienes est\u00e1n interesados en la cultura tradicional de la ciudad y la comarca. El DVD consta de tres grabaciones: un pr\u00f3logo que explica la grabaci\u00f3n f\u00edlmica de 1965; el Santo Entierro de ese a\u00f1o; y una grabaci\u00f3n de la procesi\u00f3n de 2015.<\/p>\n","protected":false},"excerpt":{"rendered":"<p>AUTOR:\u00a0Lorenzo de la Mata, Francisco Javier; Lorenzo de la Mata, Jes\u00fas NOTAS:DVD EDICI\u00d3N:Editado por:IFC &#8211; Centro de Estudios Bilbilitanos Edici\u00f3n:ISBN 978-84-9911-310-4 A\u00f1o edici\u00f3n: 2015 COLECCI\u00d3N:Centro de Estudios Bilbilitanos N\u00ba PUBLICACI\u00d3N:3347 PRECIO: 3,00 \u20ac MATERIAS: ETNOLOG\u00cdA y ANTROPOLOG\u00cdA. FILOSOF\u00cdA. RELIGI\u00d3N &gt; &hellip; <a href=\"http:\/\/cebilbilitanos.com\/?page_id=940\">Sigue leyendo <span class=\"meta-nav\">&rarr;<\/span><\/a><\/p>\n","protected":false},"author":1,"featured_media":0,"parent":193,"menu_order":0,"comment_status":"open","ping_status":"open","template":"","meta":[],"_links":{"self":[{"href":"http:\/\/cebilbilitanos.com\/index.php?rest_route=\/wp\/v2\/pages\/940"}],"collection":[{"href":"http:\/\/cebilbilitanos.com\/index.php?rest_route=\/wp\/v2\/pages"}],"about":[{"href":"http:\/\/cebilbilitanos.com\/index.php?rest_route=\/wp\/v2\/types\/page"}],"author":[{"embeddable":true,"href":"http:\/\/cebilbilitanos.com\/index.php?rest_route=\/wp\/v2\/users\/1"}],"replies":[{"embeddable":true,"href":"http:\/\/cebilbilitanos.com\/index.php?rest_route=%2Fwp%2Fv2%2Fcomments&post=940"}],"version-history":[{"count":1,"href":"http:\/\/cebilbilitanos.com\/index.php?rest_route=\/wp\/v2\/pages\/940\/revisions"}],"predecessor-version":[{"id":942,"href":"http:\/\/cebilbilitanos.com\/index.php?rest_route=\/wp\/v2\/pages\/940\/revisions\/942"}],"up":[{"embeddable":true,"href":"http:\/\/cebilbilitanos.com\/index.php?rest_route=\/wp\/v2\/pages\/193"}],"wp:attachment":[{"href":"http:\/\/cebilbilitanos.com\/index.php?rest_route=%2Fwp%2Fv2%2Fmedia&parent=940"}],"curies":[{"name":"wp","href":"https:\/\/api.w.org\/{rel}","templated":true}]}}