{"id":921,"date":"2016-04-03T17:46:41","date_gmt":"2016-04-03T17:46:41","guid":{"rendered":"http:\/\/cebilbilitanos.com\/?page_id=921"},"modified":"2016-04-03T17:46:41","modified_gmt":"2016-04-03T17:46:41","slug":"almanzor-primer-milenario-de-abu-amir-muhammad-ibn-abi-amir-al-maarafiri-torrox-940-medinaceli-1002","status":"publish","type":"page","link":"http:\/\/cebilbilitanos.com\/?page_id=921","title":{"rendered":"Almanzor. Primer milenario de Abu Amir Muhammad ibn Abi Amir al Ma&#8217;arafiri. Torrox 940 &#8211; Medinaceli 1002"},"content":{"rendered":"<p><a href=\"http:\/\/cebilbilitanos.com\/wp-content\/uploads\/2016\/04\/almanzor.jpg\"><img decoding=\"async\" loading=\"lazy\" class=\"aligncenter size-full wp-image-922\" src=\"http:\/\/cebilbilitanos.com\/wp-content\/uploads\/2016\/04\/almanzor.jpg\" alt=\"almanzor\" width=\"177\" height=\"250\" \/><\/a><\/p>\n<p>AUTOR:\u00a0Sanmiguel Mateo, Agust\u00edn<br \/>\nNOTAS: Tr\u00edptico conmemorativo<\/p>\n<p>EDICI\u00d3N:<\/p>\n<ul>\n<li>Editado por:IFC &#8211; CEB<\/li>\n<li>Edici\u00f3n:6 p., il.<\/li>\n<li>A\u00f1o edici\u00f3n: 2002<\/li>\n<li>COLECCI\u00d3N:Centro de Estudios Bilbilitanos<\/li>\n<li>N\u00ba PUBLICACI\u00d3N:2320<\/li>\n<li>PRECIO: No venal<\/li>\n<\/ul>\n<p>MATERIAS:<br \/>\nHISTORIA &gt; Historia medieval &gt; Estudios isl\u00e1micos<br \/>\nESTUDIOS LOCALES Y COMARCALES &gt; Calatayud<\/p>\n<p>INFORMACI\u00d3N ADICIONAL:<br \/>\nTr\u00edptico conmemorativo del milenario del fallecimiento del caudillo militar hispanomusulm\u00e1n Almanzor.<\/p>\n","protected":false},"excerpt":{"rendered":"<p>AUTOR:\u00a0Sanmiguel Mateo, Agust\u00edn NOTAS: Tr\u00edptico conmemorativo EDICI\u00d3N: Editado por:IFC &#8211; CEB Edici\u00f3n:6 p., il. A\u00f1o edici\u00f3n: 2002 COLECCI\u00d3N:Centro de Estudios Bilbilitanos N\u00ba PUBLICACI\u00d3N:2320 PRECIO: No venal MATERIAS: HISTORIA &gt; Historia medieval &gt; Estudios isl\u00e1micos ESTUDIOS LOCALES Y COMARCALES &gt; Calatayud &hellip; <a href=\"http:\/\/cebilbilitanos.com\/?page_id=921\">Sigue leyendo <span class=\"meta-nav\">&rarr;<\/span><\/a><\/p>\n","protected":false},"author":1,"featured_media":0,"parent":193,"menu_order":0,"comment_status":"open","ping_status":"open","template":"","meta":[],"_links":{"self":[{"href":"http:\/\/cebilbilitanos.com\/index.php?rest_route=\/wp\/v2\/pages\/921"}],"collection":[{"href":"http:\/\/cebilbilitanos.com\/index.php?rest_route=\/wp\/v2\/pages"}],"about":[{"href":"http:\/\/cebilbilitanos.com\/index.php?rest_route=\/wp\/v2\/types\/page"}],"author":[{"embeddable":true,"href":"http:\/\/cebilbilitanos.com\/index.php?rest_route=\/wp\/v2\/users\/1"}],"replies":[{"embeddable":true,"href":"http:\/\/cebilbilitanos.com\/index.php?rest_route=%2Fwp%2Fv2%2Fcomments&post=921"}],"version-history":[{"count":1,"href":"http:\/\/cebilbilitanos.com\/index.php?rest_route=\/wp\/v2\/pages\/921\/revisions"}],"predecessor-version":[{"id":923,"href":"http:\/\/cebilbilitanos.com\/index.php?rest_route=\/wp\/v2\/pages\/921\/revisions\/923"}],"up":[{"embeddable":true,"href":"http:\/\/cebilbilitanos.com\/index.php?rest_route=\/wp\/v2\/pages\/193"}],"wp:attachment":[{"href":"http:\/\/cebilbilitanos.com\/index.php?rest_route=%2Fwp%2Fv2%2Fmedia&parent=921"}],"curies":[{"name":"wp","href":"https:\/\/api.w.org\/{rel}","templated":true}]}}