{"id":907,"date":"2016-04-03T16:55:50","date_gmt":"2016-04-03T16:55:50","guid":{"rendered":"http:\/\/cebilbilitanos.com\/?page_id=907"},"modified":"2016-04-03T17:40:55","modified_gmt":"2016-04-03T17:40:55","slug":"ensayo-para-la-descripcion-geografica-fisica-y-civil-del-corregimiento-de-calatayud","status":"publish","type":"page","link":"http:\/\/cebilbilitanos.com\/?page_id=907","title":{"rendered":"Ensayo para la descripci\u00f3n geogr\u00e1fica, f\u00edsica y civil del corregimiento de Calatayud"},"content":{"rendered":"<p><a href=\"http:\/\/cebilbilitanos.com\/wp-content\/uploads\/2016\/04\/estudio.jpg\"><img decoding=\"async\" loading=\"lazy\" class=\"aligncenter size-full wp-image-916\" src=\"http:\/\/cebilbilitanos.com\/wp-content\/uploads\/2016\/04\/estudio.jpg\" alt=\"estudio\" width=\"179\" height=\"250\" \/><\/a><\/p>\n<p>Autores: Miguel Monterde y L\u00f3pez de Ans\u00f3, Jos\u00e9 Mar\u00eda S\u00e1nchez Molledo<br \/>\nEditores: Calatayud : Centro de Estudios Bilbilitanos, 1999<br \/>\nA\u00f1o de publicaci\u00f3n: 1999<br \/>\nPa\u00eds: Espa\u00f1a<br \/>\nIdioma: espa\u00f1ol<br \/>\nISBN: 84-7820-503-9<\/p>\n<p>INFORMACI\u00d3N ADICIONAL:<br \/>\nPublicaci\u00f3n de esta importante obra de 1788, muy comentada pero que nunca vio la imprenta, centrada en la geograf\u00eda f\u00edsica y econ\u00f3mica de Calatayud y su Corregimiento, con introducci\u00f3n y transcripci\u00f3n de Jos\u00e9 Mar\u00eda S\u00e1nchez Molledo.<\/p>\n","protected":false},"excerpt":{"rendered":"<p>Autores: Miguel Monterde y L\u00f3pez de Ans\u00f3, Jos\u00e9 Mar\u00eda S\u00e1nchez Molledo Editores: Calatayud : Centro de Estudios Bilbilitanos, 1999 A\u00f1o de publicaci\u00f3n: 1999 Pa\u00eds: Espa\u00f1a Idioma: espa\u00f1ol ISBN: 84-7820-503-9 INFORMACI\u00d3N ADICIONAL: Publicaci\u00f3n de esta importante obra de 1788, muy comentada &hellip; <a href=\"http:\/\/cebilbilitanos.com\/?page_id=907\">Sigue leyendo <span class=\"meta-nav\">&rarr;<\/span><\/a><\/p>\n","protected":false},"author":1,"featured_media":0,"parent":193,"menu_order":0,"comment_status":"open","ping_status":"open","template":"","meta":[],"_links":{"self":[{"href":"http:\/\/cebilbilitanos.com\/index.php?rest_route=\/wp\/v2\/pages\/907"}],"collection":[{"href":"http:\/\/cebilbilitanos.com\/index.php?rest_route=\/wp\/v2\/pages"}],"about":[{"href":"http:\/\/cebilbilitanos.com\/index.php?rest_route=\/wp\/v2\/types\/page"}],"author":[{"embeddable":true,"href":"http:\/\/cebilbilitanos.com\/index.php?rest_route=\/wp\/v2\/users\/1"}],"replies":[{"embeddable":true,"href":"http:\/\/cebilbilitanos.com\/index.php?rest_route=%2Fwp%2Fv2%2Fcomments&post=907"}],"version-history":[{"count":2,"href":"http:\/\/cebilbilitanos.com\/index.php?rest_route=\/wp\/v2\/pages\/907\/revisions"}],"predecessor-version":[{"id":917,"href":"http:\/\/cebilbilitanos.com\/index.php?rest_route=\/wp\/v2\/pages\/907\/revisions\/917"}],"up":[{"embeddable":true,"href":"http:\/\/cebilbilitanos.com\/index.php?rest_route=\/wp\/v2\/pages\/193"}],"wp:attachment":[{"href":"http:\/\/cebilbilitanos.com\/index.php?rest_route=%2Fwp%2Fv2%2Fmedia&parent=907"}],"curies":[{"name":"wp","href":"https:\/\/api.w.org\/{rel}","templated":true}]}}