{"id":520,"date":"2015-09-13T10:17:41","date_gmt":"2015-09-13T10:17:41","guid":{"rendered":"http:\/\/cebilbilitanos.com\/?page_id=520"},"modified":"2015-09-13T17:48:15","modified_gmt":"2015-09-13T17:48:15","slug":"miradas-de-caminante","status":"publish","type":"page","link":"http:\/\/cebilbilitanos.com\/?page_id=520","title":{"rendered":"Miradas de caminante"},"content":{"rendered":"<p><a href=\"http:\/\/cebilbilitanos.com\/wp-content\/uploads\/2015\/09\/miradas.jpg\"><img decoding=\"async\" loading=\"lazy\" class=\"aligncenter size-full wp-image-521\" src=\"http:\/\/cebilbilitanos.com\/wp-content\/uploads\/2015\/09\/miradas.jpg\" alt=\"miradas\" width=\"262\" height=\"250\" \/><\/a><\/p>\n<p><b>MOLINA REMACHA, Jos\u00e9-Luis<\/b>,\u00a0<i>Miradas de caminante<\/i>, CEB, Calatayud, 2012, Centro de Estudios Bilbilitanos, 119, 84 p., 36 il., 20&#215;21 cm. ISBN: 978-84-9911-194-0.<\/p>\n<p>A lo largo de estas p\u00e1ginas, su mirada de caminante nos trae impresiones de la Comunidad de Calatayud: pueblos ba\u00f1ados por una luz m\u00e1gica, donde Maluenda, su origen, cobra un protagonismo tan comprensible como notorio; campos y caminos, paisajes mimados por la mirada y la acci\u00f3n de quien se reconoce como parte de ellos; gentes que habitan, transforman y humanizan esos pueblos y paisajes\u2026 Ese es, en suma, el contenido de este libro de fotograf\u00edas, fruto de la herencia que Jos\u00e9 Luis ha recibido de su tierra y la experiencia, el tes\u00f3n y el cari\u00f1o que dedica a sus trabajos.<\/p>\n<div class=\"item\">\n<div class=\"nom\"><strong><span class=\"ficha_txt1\">NOTAS:\u00a0<\/span><\/strong><span class=\"normal\">Serie La Comunidad de Calatayud en la fotograf\u00eda. Pr\u00f3logo de Jos\u00e9 Ram\u00f3n Olalla<\/span><\/div>\n<div class=\"nom\"><\/div>\n<\/div>\n<div class=\"item\">\n<div class=\"nom\"><strong><span class=\"ficha_txt1\">EDICI\u00d3N:<\/span><\/strong><\/div>\n<div class=\"items_block\">\n<ul>\n<li class=\"items_block_nom\"><span class=\"ficha_txt2\">Editado por:\u00a0<\/span><span class=\"normal\">IFC &#8211; CEB<\/span><\/li>\n<li class=\"items_block_nom\"><span class=\"ficha_txt2\">Edici\u00f3n:\u00a0<\/span><span class=\"normal\">81 p., il., 21&#215;20 cm, ISBN 978-84-9911-194-0<\/span><\/li>\n<li class=\"items_block_nom\"><span class=\"ficha_txt2\">A\u00f1o edici\u00f3n:\u00a0<\/span><span class=\"normal\">2012<\/span><\/li>\n<\/ul>\n<\/div>\n<\/div>\n<div class=\"item\">\n<div class=\"nom\"><span class=\"ficha_txt1\"><strong>COLECCI\u00d3N:<\/strong>\u00a0<\/span><span class=\"normal\">Centro de Estudios Bilbilitanos<\/span><\/div>\n<div class=\"nom\"><\/div>\n<\/div>\n<div class=\"item\">\n<div class=\"nom\"><span class=\"ficha_txt1\"><strong>N\u00ba PUBLICACI\u00d3N:<\/strong>\u00a0<\/span><span class=\"normal\">3173 (IFC) &#8211; 119 (CEB)<\/span><\/div>\n<div class=\"nom\"><\/div>\n<\/div>\n<div class=\"item\">\n<div class=\"nom\"><strong><span class=\"ficha_txt1\">PRECIO:\u00a0<\/span><\/strong><span class=\"normal\">15,00 \u20ac<\/span><\/div>\n<div class=\"nom\"><\/div>\n<\/div>\n<div class=\"item\">\n<div class=\"nom\"><strong><span class=\"ficha_txt1\">MATERIAS:<\/span><\/strong><\/div>\n<div class=\"dat\">\n<div class=\"options2\">FOTOGRAF\u00cdA E ILUSTRACIONES<\/div>\n<div class=\"options2\">ESTUDIOS LOCALES Y COMARCALES &gt; Calatayud<\/div>\n<\/div>\n<\/div>\n<p>&nbsp;<\/p>\n<p>&nbsp;<\/p>\n<p>&nbsp;<\/p>\n","protected":false},"excerpt":{"rendered":"<p>MOLINA REMACHA, Jos\u00e9-Luis,\u00a0Miradas de caminante, CEB, Calatayud, 2012, Centro de Estudios Bilbilitanos, 119, 84 p., 36 il., 20&#215;21 cm. ISBN: 978-84-9911-194-0. A lo largo de estas p\u00e1ginas, su mirada de caminante nos trae impresiones de la Comunidad de Calatayud: pueblos &hellip; <a href=\"http:\/\/cebilbilitanos.com\/?page_id=520\">Sigue leyendo <span class=\"meta-nav\">&rarr;<\/span><\/a><\/p>\n","protected":false},"author":1,"featured_media":0,"parent":193,"menu_order":0,"comment_status":"open","ping_status":"open","template":"","meta":[],"_links":{"self":[{"href":"http:\/\/cebilbilitanos.com\/index.php?rest_route=\/wp\/v2\/pages\/520"}],"collection":[{"href":"http:\/\/cebilbilitanos.com\/index.php?rest_route=\/wp\/v2\/pages"}],"about":[{"href":"http:\/\/cebilbilitanos.com\/index.php?rest_route=\/wp\/v2\/types\/page"}],"author":[{"embeddable":true,"href":"http:\/\/cebilbilitanos.com\/index.php?rest_route=\/wp\/v2\/users\/1"}],"replies":[{"embeddable":true,"href":"http:\/\/cebilbilitanos.com\/index.php?rest_route=%2Fwp%2Fv2%2Fcomments&post=520"}],"version-history":[{"count":2,"href":"http:\/\/cebilbilitanos.com\/index.php?rest_route=\/wp\/v2\/pages\/520\/revisions"}],"predecessor-version":[{"id":675,"href":"http:\/\/cebilbilitanos.com\/index.php?rest_route=\/wp\/v2\/pages\/520\/revisions\/675"}],"up":[{"embeddable":true,"href":"http:\/\/cebilbilitanos.com\/index.php?rest_route=\/wp\/v2\/pages\/193"}],"wp:attachment":[{"href":"http:\/\/cebilbilitanos.com\/index.php?rest_route=%2Fwp%2Fv2%2Fmedia&parent=520"}],"curies":[{"name":"wp","href":"https:\/\/api.w.org\/{rel}","templated":true}]}}