{"id":517,"date":"2015-09-13T10:13:21","date_gmt":"2015-09-13T10:13:21","guid":{"rendered":"http:\/\/cebilbilitanos.com\/?page_id=517"},"modified":"2015-09-13T17:36:53","modified_gmt":"2015-09-13T17:36:53","slug":"la-comunidad-de-aldeas-de-calatayud-en-la-edad-media","status":"publish","type":"page","link":"http:\/\/cebilbilitanos.com\/?page_id=517","title":{"rendered":"La Comunidad de aldeas de Calatayud en la Edad Media"},"content":{"rendered":"<p><a href=\"http:\/\/cebilbilitanos.com\/wp-content\/uploads\/2015\/09\/image_th1-14.jpg\"><img decoding=\"async\" loading=\"lazy\" class=\"aligncenter size-full wp-image-518\" src=\"http:\/\/cebilbilitanos.com\/wp-content\/uploads\/2015\/09\/image_th1-14.jpg\" alt=\"_image_th1 (14)\" width=\"179\" height=\"250\" \/><\/a><\/p>\n<p><b>CORRAL LAFUENTE, Jos\u00e9 Luis<\/b>,\u00a0<i>La Comunidad de aldeas de Calatayud en la Edad Media<\/i>, CEB, Calatayud, 2012, Centro de Estudios Bilbilitanos, 118, 176 p., 8 map., 17&#215;24 cm. 1 CD. ISBN: 978-84-9911-186-5.<\/p>\n<p>Aproximaci\u00f3n a la historia de la Comunidad de Aldeas de Calatayud, instituci\u00f3n creada por Alfonso I el Batallador tras la conquista de estas tierras en 1120, en el marco de las comunidades hispanas medievales y con especial atenci\u00f3n a sus estructuras pol\u00edticas, sus relaciones con otras instituciones y la evoluci\u00f3n de su poblaci\u00f3n.<\/p>\n<div class=\"item\">\n<div class=\"nom\"><strong><span class=\"ficha_txt1\">EDICI\u00d3N:<\/span><\/strong><\/div>\n<div class=\"items_block\">\n<ul>\n<li class=\"items_block_nom\"><span class=\"ficha_txt2\">Editado por:\u00a0<\/span><span class=\"normal\">IFC &#8211; CEB<\/span><\/li>\n<li class=\"items_block_nom\"><span class=\"ficha_txt2\">Edici\u00f3n:\u00a0<\/span><span class=\"normal\">170 p., il., 17&#215;24 cm, ISBN 978-84-9911-186-5. Incluye CD-Rom.<\/span><\/li>\n<li class=\"items_block_nom\"><span class=\"ficha_txt2\">A\u00f1o edici\u00f3n:\u00a0<\/span><span class=\"normal\">2012<\/span><\/li>\n<\/ul>\n<\/div>\n<\/div>\n<div class=\"item\">\n<div class=\"nom\"><span class=\"ficha_txt1\"><strong>COLECCI\u00d3N:<\/strong>\u00a0<\/span><span class=\"normal\">Centro de Estudios Bilbilitanos<\/span><\/div>\n<div class=\"nom\"><\/div>\n<\/div>\n<div class=\"item\">\n<div class=\"nom\"><span class=\"ficha_txt1\"><strong>N\u00ba PUBLICACI\u00d3N:<\/strong>\u00a0<\/span><span class=\"normal\">3163 (IFC) &#8211; 118 (CEB)<\/span><\/div>\n<div class=\"nom\"><\/div>\n<\/div>\n<div class=\"item\">\n<div class=\"nom\"><strong><span class=\"ficha_txt1\">PRECIO:\u00a0<\/span><\/strong><span class=\"normal\">8,00 \u20ac<\/span><\/div>\n<div class=\"nom\"><\/div>\n<\/div>\n<div class=\"item\">\n<div class=\"nom\"><strong><span class=\"ficha_txt1\">MATERIAS:<\/span><\/strong><\/div>\n<div class=\"dat\">\n<div class=\"options2\">HISTORIA &gt; Historia medieval<\/div>\n<div class=\"options2\">ESTUDIOS LOCALES Y COMARCALES &gt; Calatayud<\/div>\n<\/div>\n<\/div>\n","protected":false},"excerpt":{"rendered":"<p>CORRAL LAFUENTE, Jos\u00e9 Luis,\u00a0La Comunidad de aldeas de Calatayud en la Edad Media, CEB, Calatayud, 2012, Centro de Estudios Bilbilitanos, 118, 176 p., 8 map., 17&#215;24 cm. 1 CD. ISBN: 978-84-9911-186-5. Aproximaci\u00f3n a la historia de la Comunidad de Aldeas &hellip; <a href=\"http:\/\/cebilbilitanos.com\/?page_id=517\">Sigue leyendo <span class=\"meta-nav\">&rarr;<\/span><\/a><\/p>\n","protected":false},"author":1,"featured_media":0,"parent":193,"menu_order":0,"comment_status":"open","ping_status":"open","template":"","meta":[],"_links":{"self":[{"href":"http:\/\/cebilbilitanos.com\/index.php?rest_route=\/wp\/v2\/pages\/517"}],"collection":[{"href":"http:\/\/cebilbilitanos.com\/index.php?rest_route=\/wp\/v2\/pages"}],"about":[{"href":"http:\/\/cebilbilitanos.com\/index.php?rest_route=\/wp\/v2\/types\/page"}],"author":[{"embeddable":true,"href":"http:\/\/cebilbilitanos.com\/index.php?rest_route=\/wp\/v2\/users\/1"}],"replies":[{"embeddable":true,"href":"http:\/\/cebilbilitanos.com\/index.php?rest_route=%2Fwp%2Fv2%2Fcomments&post=517"}],"version-history":[{"count":2,"href":"http:\/\/cebilbilitanos.com\/index.php?rest_route=\/wp\/v2\/pages\/517\/revisions"}],"predecessor-version":[{"id":653,"href":"http:\/\/cebilbilitanos.com\/index.php?rest_route=\/wp\/v2\/pages\/517\/revisions\/653"}],"up":[{"embeddable":true,"href":"http:\/\/cebilbilitanos.com\/index.php?rest_route=\/wp\/v2\/pages\/193"}],"wp:attachment":[{"href":"http:\/\/cebilbilitanos.com\/index.php?rest_route=%2Fwp%2Fv2%2Fmedia&parent=517"}],"curies":[{"name":"wp","href":"https:\/\/api.w.org\/{rel}","templated":true}]}}