{"id":498,"date":"2015-09-13T09:51:25","date_gmt":"2015-09-13T09:51:25","guid":{"rendered":"http:\/\/cebilbilitanos.com\/?page_id=498"},"modified":"2015-09-13T16:40:09","modified_gmt":"2015-09-13T16:40:09","slug":"actas-del-viii-encuentro-de-estudios-bilbilitanos-tomos-i-y-ii","status":"publish","type":"page","link":"http:\/\/cebilbilitanos.com\/?page_id=498","title":{"rendered":"Actas del VIII Encuentro de Estudios Bilbilitanos, tomos I y II"},"content":{"rendered":"<p><a href=\"http:\/\/cebilbilitanos.com\/wp-content\/uploads\/2015\/09\/viiiencuentro.jpg\"><img decoding=\"async\" loading=\"lazy\" class=\"aligncenter size-full wp-image-499\" src=\"http:\/\/cebilbilitanos.com\/wp-content\/uploads\/2015\/09\/viiiencuentro.jpg\" alt=\"viiiencuentro\" width=\"177\" height=\"250\" \/><\/a><\/p>\n<p><b>Varios<\/b>. <em>Actas del VIII Encuentro de Estudios Bilbilitanos, tomos I y II<\/em>, CEB, Calatayud, 2011, Centro de Estudios Bilbilitanos, 112, 472 p. + 576 p., 270 + 111 il. ISBN: o. c. 978-84-9911-153-7.<\/p>\n<p><strong>TOMO I. ARTE: <\/strong><\/p>\n<ul>\n<li>Ponencia: Jes\u00fas Criado Mainar, \u00abEl retablo mayor de la Colegiata de Santa Mar\u00eda y la consolidaci\u00f3n de la escultura romanista bilbilitana\u00bb, pp. 13-45.<br \/>\nComunicaciones, pp. 47-292.<\/li>\n<li>GEOGRAF\u00cdA: Ponencia: Vicente Bielza de Ory, \u00abEl comercio de Calatayud y su Comunidad como actividad b\u00e1sica de la ciudad y su comarca\u00bb, pp. 295-315. Comunicaciones, pp. 317-351.<\/li>\n<li>ANTIG\u00dcEDAD: Ponencia: Manuel Mart\u00edn-Bueno, \u00abEl patrimonio y la pol\u00edtica\u00bb, pp. 356-259.<br \/>\nComunicaciones, pp. 361-465.<\/li>\n<\/ul>\n<p><strong>TOMO II. <\/strong><\/p>\n<ul>\n<li>HISTORIA: Ponencia: Jos\u00e9 Luis Corral Lafuente, \u00abHistoriograf\u00eda de Calatayud y su comarca: del pasado contado a un proyecto de futuro\u00bb, pp. 9-35.<br \/>\nComunicaciones, pp. 37-260.<\/li>\n<li>ETNOLOG\u00cdA: Ponencia: Mar\u00eda Elisa S\u00e1nchez Sanz, \u00abEtnolog\u00eda, folclore y literatura, 1982-2010: 30 a\u00f1os que merecen una reflexi\u00f3n\u00bb, pp. 263-331.<br \/>\nComunicaciones, pp. 333-566.<\/li>\n<\/ul>\n<div class=\"item\">\n<div class=\"nom\"><span class=\"ficha_txt1\"><strong>NOTAS:<\/strong>\u00a0<\/span><span class=\"normal\">Celebrado en Calatayud, los d\u00edas 12, 13 y 14 de noviembre de 2010<\/span><\/div>\n<div class=\"nom\"><\/div>\n<\/div>\n<div class=\"item\">\n<div class=\"nom\"><strong><span class=\"ficha_txt1\">EDICI\u00d3N:\u00a0<\/span><\/strong><\/div>\n<div class=\"items_block\">\n<ul>\n<li class=\"items_block_nom\"><span class=\"ficha_txt2\">Editado por: \u00a0<\/span><span class=\"normal\">IFC &#8211; CEB<\/span><\/li>\n<li class=\"items_block_nom\"><span class=\"ficha_txt2\">Edici\u00f3n:\u00a0<\/span><span class=\"normal\">Tomo I: 472 p., il., 17&#215;24 cm, ISBN 978-84-9911-144-5. Tomo II: 572 p., il., 17&#215;24 cm, ISBN 978-84-9911-152-0. ISBN obra completa 978-84-9911-153-7<\/span><\/li>\n<li class=\"items_block_nom\"><span class=\"ficha_txt2\">A\u00f1o edici\u00f3n:\u00a0<\/span><span class=\"normal\">2011<\/span><\/li>\n<\/ul>\n<\/div>\n<\/div>\n<div class=\"item\">\n<div class=\"nom\"><strong><span class=\"ficha_txt1\">COLECCI\u00d3N:\u00a0<\/span><\/strong><span class=\"normal\">Centro de Estudios Bilbilitanos\u00a0<\/span><\/div>\n<div class=\"dat\"><\/div>\n<\/div>\n<div class=\"item\">\n<div class=\"nom\"><span class=\"ficha_txt1\"><strong>N\u00ba PUBLICACI\u00d3N:<\/strong>\u00a0<\/span><span class=\"normal\">3102\u00a0(IFC) &#8211; 112 (CEB)<\/span><\/div>\n<div class=\"nom\"><\/div>\n<\/div>\n<div class=\"item\">\n<div class=\"nom\"><strong><span class=\"ficha_txt1\">PRECIO:\u00a0<\/span><\/strong><span class=\"normal\">Agotado<\/span><\/div>\n<div class=\"nom\"><\/div>\n<\/div>\n<div class=\"item\">\n<div class=\"nom\"><strong><span class=\"ficha_txt1\">MATERIAS:<\/span><\/strong><\/div>\n<div class=\"dat\">\n<div class=\"options2\"><a href=\"http:\/\/ifc.dpz.es\/publicaciones\/listado\/categoria\/91\">ESTUDIOS LOCALES Y COMARCALES<\/a> &gt; <a href=\"http:\/\/ifc.dpz.es\/publicaciones\/listado\/categoria\/95\">Calatayud<\/a><\/div>\n<div class=\"options2\">HISTORIA, ETNOLOG\u00cdA, GEOGRAF\u00cdA, ARTE<\/div>\n<\/div>\n<\/div>\n","protected":false},"excerpt":{"rendered":"<p>Varios. Actas del VIII Encuentro de Estudios Bilbilitanos, tomos I y II, CEB, Calatayud, 2011, Centro de Estudios Bilbilitanos, 112, 472 p. + 576 p., 270 + 111 il. ISBN: o. c. 978-84-9911-153-7. TOMO I. ARTE: Ponencia: Jes\u00fas Criado Mainar, &hellip; <a href=\"http:\/\/cebilbilitanos.com\/?page_id=498\">Sigue leyendo <span class=\"meta-nav\">&rarr;<\/span><\/a><\/p>\n","protected":false},"author":1,"featured_media":0,"parent":193,"menu_order":0,"comment_status":"open","ping_status":"open","template":"","meta":[],"_links":{"self":[{"href":"http:\/\/cebilbilitanos.com\/index.php?rest_route=\/wp\/v2\/pages\/498"}],"collection":[{"href":"http:\/\/cebilbilitanos.com\/index.php?rest_route=\/wp\/v2\/pages"}],"about":[{"href":"http:\/\/cebilbilitanos.com\/index.php?rest_route=\/wp\/v2\/types\/page"}],"author":[{"embeddable":true,"href":"http:\/\/cebilbilitanos.com\/index.php?rest_route=\/wp\/v2\/users\/1"}],"replies":[{"embeddable":true,"href":"http:\/\/cebilbilitanos.com\/index.php?rest_route=%2Fwp%2Fv2%2Fcomments&post=498"}],"version-history":[{"count":2,"href":"http:\/\/cebilbilitanos.com\/index.php?rest_route=\/wp\/v2\/pages\/498\/revisions"}],"predecessor-version":[{"id":577,"href":"http:\/\/cebilbilitanos.com\/index.php?rest_route=\/wp\/v2\/pages\/498\/revisions\/577"}],"up":[{"embeddable":true,"href":"http:\/\/cebilbilitanos.com\/index.php?rest_route=\/wp\/v2\/pages\/193"}],"wp:attachment":[{"href":"http:\/\/cebilbilitanos.com\/index.php?rest_route=%2Fwp%2Fv2%2Fmedia&parent=498"}],"curies":[{"name":"wp","href":"https:\/\/api.w.org\/{rel}","templated":true}]}}