{"id":480,"date":"2015-09-13T09:31:17","date_gmt":"2015-09-13T09:31:17","guid":{"rendered":"http:\/\/cebilbilitanos.com\/?page_id=480"},"modified":"2015-09-13T17:42:29","modified_gmt":"2015-09-13T17:42:29","slug":"la-satira-mordaz-de-butron-y-mujica","status":"publish","type":"page","link":"http:\/\/cebilbilitanos.com\/?page_id=480","title":{"rendered":"La s\u00e1tira mordaz de Butr\u00f3n y M\u00fajica"},"content":{"rendered":"<p><a href=\"http:\/\/cebilbilitanos.com\/wp-content\/uploads\/2015\/09\/butron.jpg\"><img decoding=\"async\" loading=\"lazy\" class=\"aligncenter size-full wp-image-481\" src=\"http:\/\/cebilbilitanos.com\/wp-content\/uploads\/2015\/09\/butron.jpg\" alt=\"butron\" width=\"177\" height=\"250\" \/><\/a><\/p>\n<p><b>CRIST\u00d3BAL HORNILLOS, Rub\u00e9n<\/b>,\u00a0<i>La s\u00e1tira mordaz de Butr\u00f3n y M\u00fajica<\/i>. Edici\u00f3n de la poes\u00eda y el Teatro de un poeta bilbilitano en el ostracismo, prol\u00f3go de Jos\u00e9 Ver\u00f3n, CEB, Calatayud, 2011, Centro de Estudios Bilbilitanos, 106, 256 p., 1 il., 17&#215;24 cm. ISBN: 978-84-9911-070-7.<\/p>\n<p>Este libro se propone dar a conocer, a modo de primera aproximaci\u00f3n, la mayor parte de la obra de Antonio Butr\u00f3n y M\u00fajica (ca. 1656-1734), autor bilbilitano que puede ser ubicado en el barroco tard\u00edo con alg\u00fan gui\u00f1o ocasional a los inicios del neoclasicismo. Aunque sus poemas figuraron en recopilaciones junto a los de Quevedo y G\u00f3ngora, Butr\u00f3n y M\u00fajica es hoy un completo desconocido, en parte debido al anonimato desde el que public\u00f3 mordaces s\u00e1tiras dirigidas contra diferentes personajes y estamentos de la sociedad y, m\u00e1s concretamente, contra el obispo Juan de Palafox en el marco de la pol\u00e9mica entre este \u00faltimo y la comunidad jesuita por el control de la cristianizaci\u00f3n de la Nueva Espa\u00f1a y, m\u00e1s tarde, de la beatificaci\u00f3n de dicho obispo.<\/p>\n<div class=\"item\">\n<div class=\"nom\"><strong><span class=\"ficha_txt1\">EDICI\u00d3N:<\/span><\/strong><\/div>\n<div class=\"items_block\">\n<ul>\n<li class=\"items_block_nom\"><span class=\"ficha_txt2\">Editado por:\u00a0<\/span><span class=\"normal\">IFC &#8211; CEB<\/span><\/li>\n<li class=\"items_block_nom\"><span class=\"ficha_txt2\">Edici\u00f3n:\u00a0<\/span><span class=\"normal\">256 p., il., 17&#215;24 cm, ISBN 978-84-9911-070-7<\/span><\/li>\n<li class=\"items_block_nom\"><span class=\"ficha_txt2\">A\u00f1o edici\u00f3n:\u00a0<\/span><span class=\"normal\">2010<\/span><\/li>\n<\/ul>\n<\/div>\n<\/div>\n<div class=\"item\">\n<div class=\"nom\"><span class=\"ficha_txt1\"><strong>COLECCI\u00d3N:<\/strong>\u00a0<\/span><span class=\"normal\">Centro de Estudios Bilbilitanos<\/span><\/div>\n<div class=\"nom\"><\/div>\n<\/div>\n<div class=\"item\">\n<div class=\"nom\"><span class=\"ficha_txt1\"><strong>N\u00ba PUBLICACI\u00d3N:<\/strong>\u00a0<\/span><span class=\"normal\">2979 (IFC) &#8211; 106 (CEB)<\/span><\/div>\n<div class=\"nom\"><\/div>\n<\/div>\n<div class=\"item\">\n<div class=\"nom\"><span class=\"ficha_txt1\"><strong>PRECIO:<\/strong>\u00a0<\/span><span class=\"normal\">Agotado<\/span><\/div>\n<div class=\"nom\"><\/div>\n<\/div>\n<div class=\"item\">\n<div class=\"nom\"><strong><span class=\"ficha_txt1\">MATERIAS:<\/span><\/strong><\/div>\n<div class=\"dat\">\n<div class=\"options2\">LENGUA y LITERATURA &gt; Literatura del Siglo de Oro<\/div>\n<div class=\"options2\">LENGUA y LITERATURA &gt; Literatura neocl\u00e1sica<\/div>\n<div class=\"options2\">NARRATIVA, POES\u00cdA y TEATRO &gt; Poes\u00eda<\/div>\n<div class=\"options2\">NARRATIVA, POES\u00cdA y TEATRO &gt; Teatro y Estudios sobre teatro<\/div>\n<\/div>\n<\/div>\n","protected":false},"excerpt":{"rendered":"<p>CRIST\u00d3BAL HORNILLOS, Rub\u00e9n,\u00a0La s\u00e1tira mordaz de Butr\u00f3n y M\u00fajica. Edici\u00f3n de la poes\u00eda y el Teatro de un poeta bilbilitano en el ostracismo, prol\u00f3go de Jos\u00e9 Ver\u00f3n, CEB, Calatayud, 2011, Centro de Estudios Bilbilitanos, 106, 256 p., 1 il., 17&#215;24 &hellip; <a href=\"http:\/\/cebilbilitanos.com\/?page_id=480\">Sigue leyendo <span class=\"meta-nav\">&rarr;<\/span><\/a><\/p>\n","protected":false},"author":1,"featured_media":0,"parent":193,"menu_order":0,"comment_status":"open","ping_status":"open","template":"","meta":[],"_links":{"self":[{"href":"http:\/\/cebilbilitanos.com\/index.php?rest_route=\/wp\/v2\/pages\/480"}],"collection":[{"href":"http:\/\/cebilbilitanos.com\/index.php?rest_route=\/wp\/v2\/pages"}],"about":[{"href":"http:\/\/cebilbilitanos.com\/index.php?rest_route=\/wp\/v2\/types\/page"}],"author":[{"embeddable":true,"href":"http:\/\/cebilbilitanos.com\/index.php?rest_route=\/wp\/v2\/users\/1"}],"replies":[{"embeddable":true,"href":"http:\/\/cebilbilitanos.com\/index.php?rest_route=%2Fwp%2Fv2%2Fcomments&post=480"}],"version-history":[{"count":3,"href":"http:\/\/cebilbilitanos.com\/index.php?rest_route=\/wp\/v2\/pages\/480\/revisions"}],"predecessor-version":[{"id":664,"href":"http:\/\/cebilbilitanos.com\/index.php?rest_route=\/wp\/v2\/pages\/480\/revisions\/664"}],"up":[{"embeddable":true,"href":"http:\/\/cebilbilitanos.com\/index.php?rest_route=\/wp\/v2\/pages\/193"}],"wp:attachment":[{"href":"http:\/\/cebilbilitanos.com\/index.php?rest_route=%2Fwp%2Fv2%2Fmedia&parent=480"}],"curies":[{"name":"wp","href":"https:\/\/api.w.org\/{rel}","templated":true}]}}