{"id":473,"date":"2015-09-13T09:22:06","date_gmt":"2015-09-13T09:22:06","guid":{"rendered":"http:\/\/cebilbilitanos.com\/?page_id=473"},"modified":"2015-09-13T17:38:48","modified_gmt":"2015-09-13T17:38:48","slug":"la-guerra-de-la-independencia-en-la-comunidad-de-calatayud-simposio","status":"publish","type":"page","link":"http:\/\/cebilbilitanos.com\/?page_id=473","title":{"rendered":"La Guerra de la Independencia en la Comunidad de Calatayud. Simposio"},"content":{"rendered":"<p><a style=\"clear: left; float: left; margin-bottom: 1em; margin-right: 1em;\" href=\"https:\/\/lh5.googleusercontent.com\/-w5zWDpM27L8\/TXPOYo8ztzI\/AAAAAAAAAHU\/u3iawDYMR78\/s1600\/_image_th1.jpg\"><img decoding=\"async\" src=\"http:\/\/lh5.googleusercontent.com\/-w5zWDpM27L8\/TXPOYo8ztzI\/AAAAAAAAAHU\/u3iawDYMR78\/s1600\/_image_th1.jpg\" alt=\"\" border=\"0\" \/><\/a><i>La Guerra de la Independencia en la Comunidad de Calatayud. Simposio<\/i>, coeditores IFCCEB-Comunidad de Calatayud-Ayto. de Calatayud-UNED-Academia de Log\u00edstica, Calatayud, 2009, Centro de Estudios Bilbilitanos, 102, 288 p., 29 il., 17&#215;24 cm. ISBN: 978-84-9911-016-5.<\/p>\n<p>&nbsp;<\/p>\n<p>&nbsp;<br \/>\n<b>\u00cdndice<\/b>:<\/p>\n<ul>\n<li><i>\u00abMitos y literatura en los Sitios de Zaragoza<\/i>\u00ab, por <b>Jos\u00e9 Luis Corral Lafuente<\/b>, pp. 9-27;<\/li>\n<li>\u00ab<i>La ciudad de Calatayud y su archivo durante la Guerra de la Independencia<\/i>\u00ab, por <b>Francisco Zaragoza Ayarza<\/b>, pp. 29-43;<\/li>\n<li>\u00ab<i>La Guerra de la Independencia en Morata de Jal\u00f3n. El Memorial de Pedro Calvo<\/i>\u00ab, por <b>Manuel Mercado Grima<\/b>, pp. 45-60;<\/li>\n<li>\u00ab<i>La vida de cada d\u00eda, en d\u00edas de guerra<\/i>\u00ab, por <b>Claudio Joaqu\u00edn Ma\u00f1es Mart\u00ednez<\/b>, pp. 61-74;<\/li>\n<li>\u00ab<i>Ariza y su tierra en la Guerra de la Independencia<\/i>\u00ab, por <b>Joaqu\u00edn Melendo Pomareta<\/b>, pp. 75-86;<\/li>\n<li>\u00ab<i>Villafeliche, a\u00f1o 1808<\/i>\u00ab, por <b>Maribel Romea Fern\u00e1ndez y Francesc Riera Prenafeta<\/b>, pp. 87-110;<\/li>\n<li><i>\u00abCartas de Ram\u00f3n Gay\u00e1n a Pedro M.\u00aa Ric desde la Comunidad de Calatayud<\/i>\u00ab, por <b>\u00c1ngel Lassa Moreno<\/b>, pp. 111-118;<\/li>\n<li>\u00ab<b>Arag\u00f3n patriota: la Junta Superior de Arag\u00f3n y parte de Castilla y los guerrilleros<\/b>\u00ab, por <i>Herminio Lafoz Rabaza<\/i>, pp. 119-158;<\/li>\n<li>\u00ab<i>El Empecinado y Calatayud<\/i>\u00ab, por <b>Jos\u00e9 Galindo Ant\u00f3n<\/b>, pp. 159-162;<\/li>\n<li>\u00ab<i>Fidel Mall\u00e9n y la partida de Illueca<\/i>\u00ab, por <b>Manuel Mercado Grima<\/b>, pp. 163-175;<\/li>\n<li>\u00ab<i>Combatientes atecanos en la Guerra de la Independencia<\/i>\u00ab, por <b>Jes\u00fas Blasco S\u00e1nchez<\/b>, pp. 177-186;<\/li>\n<li>\u00ab<i>La participaci\u00f3n de los bilbilitanos en los Sitios de Zaragoza<\/i>\u00ab, por <b>Silverio Cubero de Val<\/b>, pp. 187-193;<\/li>\n<li>\u00ab<i>El batall\u00f3n de voluntarios de Calatayud<\/i>\u00ab, por <b>\u00c1ngel Lassa Moreno<\/b>, pp. 195-203;<\/li>\n<li>\u00ab<i>Arag\u00f3n bajo la dominaci\u00f3n francesa<\/i>\u00ab, por <b>Pedro R\u00fajula L\u00f3pez<\/b>, pp. 205-215;<\/li>\n<li>\u00ab<i>Apuntes sobre la repercusi\u00f3n en Ateca de la Guerra de la Independencia<\/i>\u00ab, por <b>Jes\u00fas Blasco S\u00e1nchez<\/b>, pp. 217-238;<\/li>\n<li>\u00ab<i>Repercusiones econ\u00f3micas de la ocupaci\u00f3n francesa en el periodo 1810-1811 en Ateca (Zaragoza)<\/i>\u00ab, por <b>Agust\u00edn Rubio Semper<\/b>, pp. 239-248;<\/li>\n<li>\u00ab<i>La Iglesia bilbilitana durante la Guerra de la Independencia (1808-1814)<\/i>\u00ab, por <b>\u00c1ngel Lassa Moreno<\/b>, pp. 249-253;<\/li>\n<li>\u00ab<i>La Fundaci\u00f3n \u00abZaragoza 2008\u00bb y el bicentenario de los Sitios<\/i>\u00ab, por <b>Jos\u00e9 A. Armillas Vicente y Jes\u00fas A. Gonz\u00e1lez Isla<\/b>, pp. 255-279.<\/li>\n<li>Programa y participantes, pp. 281-286.<\/li>\n<\/ul>\n<div class=\"item\">\n<div class=\"nom\"><strong><span class=\"ficha_txt1\">AUTOR:\u00a0<\/span><\/strong>VV.AA.<\/div>\n<div class=\"nom\"><\/div>\n<\/div>\n<div class=\"item\">\n<div class=\"nom\"><strong><span class=\"ficha_txt1\">NOTAS:\u00a0<\/span><\/strong><span class=\"normal\">Celebrado en Calatayud el 25 de octubre de 2008<\/span><\/div>\n<div class=\"nom\"><\/div>\n<\/div>\n<div class=\"item\">\n<div class=\"nom\"><strong><span class=\"ficha_txt1\">EDICI\u00d3N:\u00a0<\/span><\/strong><\/div>\n<div class=\"items_block\">\n<ul>\n<li class=\"items_block_nom\"><span class=\"ficha_txt2\">Editado por:\u00a0<\/span><span class=\"normal\">IFC-CEB<\/span><\/li>\n<li class=\"items_block_nom\"><span class=\"ficha_txt2\">Edici\u00f3n:\u00a0<\/span><span class=\"normal\">287 p., il., 17&#215;24 cm, ISBN 978-84-9911-016-5<\/span><\/li>\n<li class=\"items_block_nom\"><span class=\"ficha_txt2\">A\u00f1o edici\u00f3n:\u00a0<\/span><span class=\"normal\">2009<\/span><\/li>\n<\/ul>\n<\/div>\n<\/div>\n<div class=\"item\">\n<div class=\"nom\"><span class=\"ficha_txt1\"><strong>N\u00ba PUBLICACI\u00d3N:<\/strong>\u00a0<\/span><span class=\"normal\">2908 (IFC) &#8211; 102\u00a0(CEB)<\/span><\/div>\n<div class=\"nom\"><\/div>\n<\/div>\n<div class=\"item\">\n<div class=\"nom\"><span class=\"ficha_txt1\"><strong>PRECIO:<\/strong>\u00a0<\/span><span class=\"normal\">Agotado\u00a0<\/span><\/div>\n<div class=\"nom\"><\/div>\n<\/div>\n<div class=\"item\">\n<div class=\"nom\"><strong><span class=\"ficha_txt1\">MATERIAS:<\/span><\/strong><\/div>\n<div class=\"dat\">\n<div class=\"options2\">HISTORIA &gt; Historia contempor\u00e1nea &gt; Guerra de la Independencia<\/div>\n<div class=\"options2\">ESTUDIOS LOCALES Y COMARCALES &gt; Calatayud<\/div>\n<\/div>\n<\/div>\n","protected":false},"excerpt":{"rendered":"<p>La Guerra de la Independencia en la Comunidad de Calatayud. Simposio, coeditores IFCCEB-Comunidad de Calatayud-Ayto. de Calatayud-UNED-Academia de Log\u00edstica, Calatayud, 2009, Centro de Estudios Bilbilitanos, 102, 288 p., 29 il., 17&#215;24 cm. ISBN: 978-84-9911-016-5. &nbsp; &nbsp; \u00cdndice: \u00abMitos y literatura &hellip; <a href=\"http:\/\/cebilbilitanos.com\/?page_id=473\">Sigue leyendo <span class=\"meta-nav\">&rarr;<\/span><\/a><\/p>\n","protected":false},"author":1,"featured_media":0,"parent":193,"menu_order":0,"comment_status":"open","ping_status":"open","template":"","meta":[],"_links":{"self":[{"href":"http:\/\/cebilbilitanos.com\/index.php?rest_route=\/wp\/v2\/pages\/473"}],"collection":[{"href":"http:\/\/cebilbilitanos.com\/index.php?rest_route=\/wp\/v2\/pages"}],"about":[{"href":"http:\/\/cebilbilitanos.com\/index.php?rest_route=\/wp\/v2\/types\/page"}],"author":[{"embeddable":true,"href":"http:\/\/cebilbilitanos.com\/index.php?rest_route=\/wp\/v2\/users\/1"}],"replies":[{"embeddable":true,"href":"http:\/\/cebilbilitanos.com\/index.php?rest_route=%2Fwp%2Fv2%2Fcomments&post=473"}],"version-history":[{"count":2,"href":"http:\/\/cebilbilitanos.com\/index.php?rest_route=\/wp\/v2\/pages\/473\/revisions"}],"predecessor-version":[{"id":655,"href":"http:\/\/cebilbilitanos.com\/index.php?rest_route=\/wp\/v2\/pages\/473\/revisions\/655"}],"up":[{"embeddable":true,"href":"http:\/\/cebilbilitanos.com\/index.php?rest_route=\/wp\/v2\/pages\/193"}],"wp:attachment":[{"href":"http:\/\/cebilbilitanos.com\/index.php?rest_route=%2Fwp%2Fv2%2Fmedia&parent=473"}],"curies":[{"name":"wp","href":"https:\/\/api.w.org\/{rel}","templated":true}]}}