{"id":465,"date":"2015-09-13T09:08:48","date_gmt":"2015-09-13T09:08:48","guid":{"rendered":"http:\/\/cebilbilitanos.com\/?page_id=465"},"modified":"2015-09-13T17:43:50","modified_gmt":"2015-09-13T17:43:50","slug":"las-voces-de-una-ciudad","status":"publish","type":"page","link":"http:\/\/cebilbilitanos.com\/?page_id=465","title":{"rendered":"Las voces de una Ciudad"},"content":{"rendered":"<p><a style=\"clear: left; float: left; margin-bottom: 1em; margin-right: 1em;\" href=\"https:\/\/lh5.googleusercontent.com\/-0JQWF7gN5LY\/TXOFp5m2XwI\/AAAAAAAAAG8\/ZArIAcgPyGI\/s1600\/_image_th1.jpg\"><img decoding=\"async\" src=\"http:\/\/lh5.googleusercontent.com\/-0JQWF7gN5LY\/TXOFp5m2XwI\/AAAAAAAAAG8\/ZArIAcgPyGI\/s1600\/_image_th1.jpg\" alt=\"\" border=\"0\" \/><\/a><b>URZAY BARRIOS, Jos\u00e9 \u00c1ngel<\/b>, <i>Las voces de una Ciudad<\/i>. Coral Bilbilitana, 1958-2008, CEB, Calatayud, 2009, Centro de Estudios Bilbilitanos, 98, 254 p., 100 il., 17&#215;24 cm. ISBN: 978-84-7820-706-0.<\/p>\n<p>Junto a la Polif\u00f3nica Miguel Fleta, la Coral Bilbilitana es la coral decana de Arag\u00f3n. Pioneras ambas del canto coral en esta regi\u00f3n, la historia de la m\u00fasica polif\u00f3nica vocal aragonesa no se puede entender sin conocer la trayectoria de la Coral Bilbilitana, objeto de la presente publicaci\u00f3n en el cincuenta aniversario de su fundaci\u00f3n.<\/p>\n<div class=\"item\">\n<div class=\"nom\"><strong><span class=\"ficha_txt1\">EDICI\u00d3N:<\/span><\/strong><\/div>\n<div class=\"items_block\">\n<ul>\n<li class=\"items_block_nom\"><span class=\"ficha_txt2\">Editado por:\u00a0<\/span><span class=\"normal\">IFC-CEB<\/span><\/li>\n<li class=\"items_block_nom\"><span class=\"ficha_txt2\">Edici\u00f3n:\u00a0<\/span><span class=\"normal\">254 p., il., 17&#215;24 cm, ISBN 978-84-7820-706-0<\/span><\/li>\n<li class=\"items_block_nom\"><span class=\"ficha_txt2\">A\u00f1o edici\u00f3n:\u00a0<\/span><span class=\"normal\">2008<\/span><\/li>\n<\/ul>\n<\/div>\n<\/div>\n<div class=\"item\">\n<div class=\"nom\"><span class=\"ficha_txt1\"><strong>COLECCI\u00d3N:<\/strong>\u00a0<\/span><span class=\"normal\">Centro de Estudios Bilbilitanos<\/span><\/div>\n<div class=\"nom\"><\/div>\n<\/div>\n<div class=\"item\">\n<div class=\"nom\"><span class=\"ficha_txt1\"><strong>N\u00ba PUBLICACI\u00d3N:<\/strong>\u00a0<\/span><span class=\"normal\">2818 (IFC) &#8211; 98\u00a0(CEB)<\/span><\/div>\n<div class=\"nom\"><\/div>\n<\/div>\n<div class=\"item\">\n<div class=\"nom\"><span class=\"ficha_txt1\"><strong>PRECIO:<\/strong>\u00a0<\/span><span class=\"normal\">Agotado<\/span><\/div>\n<div class=\"nom\"><\/div>\n<\/div>\n<div class=\"item\">\n<div class=\"nom\"><strong><span class=\"ficha_txt1\">MATERIAS:<\/span><\/strong><\/div>\n<div class=\"dat\">\n<div class=\"options2\">M\u00daSICA Y MUSICOLOG\u00cdA<\/div>\n<div class=\"options2\">ESTUDIOS LOCALES Y COMARCALES &gt; Calatayud<\/div>\n<\/div>\n<\/div>\n","protected":false},"excerpt":{"rendered":"<p>URZAY BARRIOS, Jos\u00e9 \u00c1ngel, Las voces de una Ciudad. Coral Bilbilitana, 1958-2008, CEB, Calatayud, 2009, Centro de Estudios Bilbilitanos, 98, 254 p., 100 il., 17&#215;24 cm. ISBN: 978-84-7820-706-0. Junto a la Polif\u00f3nica Miguel Fleta, la Coral Bilbilitana es la coral &hellip; <a href=\"http:\/\/cebilbilitanos.com\/?page_id=465\">Sigue leyendo <span class=\"meta-nav\">&rarr;<\/span><\/a><\/p>\n","protected":false},"author":1,"featured_media":0,"parent":193,"menu_order":0,"comment_status":"open","ping_status":"open","template":"","meta":[],"_links":{"self":[{"href":"http:\/\/cebilbilitanos.com\/index.php?rest_route=\/wp\/v2\/pages\/465"}],"collection":[{"href":"http:\/\/cebilbilitanos.com\/index.php?rest_route=\/wp\/v2\/pages"}],"about":[{"href":"http:\/\/cebilbilitanos.com\/index.php?rest_route=\/wp\/v2\/types\/page"}],"author":[{"embeddable":true,"href":"http:\/\/cebilbilitanos.com\/index.php?rest_route=\/wp\/v2\/users\/1"}],"replies":[{"embeddable":true,"href":"http:\/\/cebilbilitanos.com\/index.php?rest_route=%2Fwp%2Fv2%2Fcomments&post=465"}],"version-history":[{"count":2,"href":"http:\/\/cebilbilitanos.com\/index.php?rest_route=\/wp\/v2\/pages\/465\/revisions"}],"predecessor-version":[{"id":667,"href":"http:\/\/cebilbilitanos.com\/index.php?rest_route=\/wp\/v2\/pages\/465\/revisions\/667"}],"up":[{"embeddable":true,"href":"http:\/\/cebilbilitanos.com\/index.php?rest_route=\/wp\/v2\/pages\/193"}],"wp:attachment":[{"href":"http:\/\/cebilbilitanos.com\/index.php?rest_route=%2Fwp%2Fv2%2Fmedia&parent=465"}],"curies":[{"name":"wp","href":"https:\/\/api.w.org\/{rel}","templated":true}]}}