{"id":463,"date":"2015-09-13T09:06:12","date_gmt":"2015-09-13T09:06:12","guid":{"rendered":"http:\/\/cebilbilitanos.com\/?page_id=463"},"modified":"2015-09-13T17:58:46","modified_gmt":"2015-09-13T17:58:46","slug":"sepa-cosas-de-su-pueblo","status":"publish","type":"page","link":"http:\/\/cebilbilitanos.com\/?page_id=463","title":{"rendered":"Sepa cosas de su pueblo"},"content":{"rendered":"<p><a style=\"clear: left; float: left; margin-bottom: 1em; margin-right: 1em;\" href=\"https:\/\/lh4.googleusercontent.com\/-1mOFKj5o2KI\/TXO8I87tm6I\/AAAAAAAAAHA\/uyo0PDhFCMM\/s1600\/_image_th1.jpg\"><img decoding=\"async\" src=\"http:\/\/lh4.googleusercontent.com\/-1mOFKj5o2KI\/TXO8I87tm6I\/AAAAAAAAAHA\/uyo0PDhFCMM\/s1600\/_image_th1.jpg\" alt=\"\" border=\"0\" \/><\/a><b>LARREA ANDR\u00c9S, Eduardo<\/b>, <i>Sepa cosas de su pueblo<\/i>, CEB, Calatayud, 2009, Centro de Estudios Bilbilitanos, 97, 295 p., 17&#215;24 cm. ISBN: 978-84-7820-985-0.<\/p>\n<p>Este libro recopila las colaboraciones del periodista bilbilitano Eduardo Larrea Andr\u00e9s con Radio Arag\u00f3n Calatayud desde 1983 hasta 1989. Los textos que lo componen re\u00fanen nombres de calles, caf\u00e9s, casas emblem\u00e1ticas de la ciudad, acontecimientos hist\u00f3ricos, instituciones educativas, vivencias personales y una variada tem\u00e1tica que recoge la rica realidad del Calatayud hist\u00f3rico del siglo XX de acuerdo con un estilo radiof\u00f3nico que concibe el texto para ser le\u00eddo ante el micr\u00f3fono con destino a una audiencia fiel que cada jueves esperaba las cr\u00f3nicas con avidez.<\/p>\n<div class=\"item\">\n<div class=\"nom\"><strong><span class=\"ficha_txt1\">EDICI\u00d3N:<\/span><\/strong><\/div>\n<div class=\"items_block\">\n<ul>\n<li class=\"items_block_nom\"><span class=\"ficha_txt2\">Editado por:\u00a0<\/span><span class=\"normal\">IFC-CEB<\/span><\/li>\n<li class=\"items_block_nom\"><span class=\"ficha_txt2\">Edici\u00f3n:\u00a0<\/span><span class=\"normal\">295 p., 17&#215;24 cm, ISBN 978-84-7820-985-9<\/span><\/li>\n<li class=\"items_block_nom\"><span class=\"ficha_txt2\">A\u00f1o edici\u00f3n:\u00a0<\/span><span class=\"normal\">2009<\/span><\/li>\n<\/ul>\n<\/div>\n<\/div>\n<div class=\"item\">\n<div class=\"nom\"><strong><span class=\"ficha_txt1\">COLECCI\u00d3N:\u00a0<\/span><\/strong><span class=\"normal\">Centro de Estudios Bilbilitanos<\/span><\/div>\n<div class=\"nom\"><\/div>\n<\/div>\n<div class=\"item\">\n<div class=\"nom\"><strong><span class=\"ficha_txt1\">N\u00ba PUBLICACI\u00d3N:\u00a0<\/span><\/strong><span class=\"normal\">2853 (IFC) &#8211; 97\u00a0(CEB)<\/span><\/div>\n<div class=\"nom\"><\/div>\n<\/div>\n<div class=\"item\">\n<div class=\"nom\"><span class=\"ficha_txt1\"><strong>PRECIO:<\/strong>\u00a0<\/span><span class=\"normal\">9,00 \u20ac<\/span><\/div>\n<div class=\"nom\"><\/div>\n<\/div>\n<div class=\"item\">\n<div class=\"nom\"><strong><span class=\"ficha_txt1\">MATERIAS:<\/span><\/strong><\/div>\n<div class=\"dat\">\n<div class=\"options2\">ESTUDIOS LOCALES Y COMARCALES &gt; Calatayud<\/div>\n<div class=\"options2\">VARIOS. MISCEL\u00c1NEAS<\/div>\n<div class=\"options2\">HISTORIA &gt; Cr\u00f3nicas<\/div>\n<\/div>\n<\/div>\n<div class=\"adic_cont\"><\/div>\n","protected":false},"excerpt":{"rendered":"<p>LARREA ANDR\u00c9S, Eduardo, Sepa cosas de su pueblo, CEB, Calatayud, 2009, Centro de Estudios Bilbilitanos, 97, 295 p., 17&#215;24 cm. ISBN: 978-84-7820-985-0. Este libro recopila las colaboraciones del periodista bilbilitano Eduardo Larrea Andr\u00e9s con Radio Arag\u00f3n Calatayud desde 1983 hasta &hellip; <a href=\"http:\/\/cebilbilitanos.com\/?page_id=463\">Sigue leyendo <span class=\"meta-nav\">&rarr;<\/span><\/a><\/p>\n","protected":false},"author":1,"featured_media":0,"parent":193,"menu_order":0,"comment_status":"open","ping_status":"open","template":"","meta":[],"_links":{"self":[{"href":"http:\/\/cebilbilitanos.com\/index.php?rest_route=\/wp\/v2\/pages\/463"}],"collection":[{"href":"http:\/\/cebilbilitanos.com\/index.php?rest_route=\/wp\/v2\/pages"}],"about":[{"href":"http:\/\/cebilbilitanos.com\/index.php?rest_route=\/wp\/v2\/types\/page"}],"author":[{"embeddable":true,"href":"http:\/\/cebilbilitanos.com\/index.php?rest_route=\/wp\/v2\/users\/1"}],"replies":[{"embeddable":true,"href":"http:\/\/cebilbilitanos.com\/index.php?rest_route=%2Fwp%2Fv2%2Fcomments&post=463"}],"version-history":[{"count":2,"href":"http:\/\/cebilbilitanos.com\/index.php?rest_route=\/wp\/v2\/pages\/463\/revisions"}],"predecessor-version":[{"id":695,"href":"http:\/\/cebilbilitanos.com\/index.php?rest_route=\/wp\/v2\/pages\/463\/revisions\/695"}],"up":[{"embeddable":true,"href":"http:\/\/cebilbilitanos.com\/index.php?rest_route=\/wp\/v2\/pages\/193"}],"wp:attachment":[{"href":"http:\/\/cebilbilitanos.com\/index.php?rest_route=%2Fwp%2Fv2%2Fmedia&parent=463"}],"curies":[{"name":"wp","href":"https:\/\/api.w.org\/{rel}","templated":true}]}}