{"id":461,"date":"2015-09-13T09:03:51","date_gmt":"2015-09-13T09:03:51","guid":{"rendered":"http:\/\/cebilbilitanos.com\/?page_id=461"},"modified":"2015-09-13T16:43:43","modified_gmt":"2015-09-13T16:43:43","slug":"aquel-calatayud","status":"publish","type":"page","link":"http:\/\/cebilbilitanos.com\/?page_id=461","title":{"rendered":"Aqu\u00e9l Calatayud"},"content":{"rendered":"<div class=\"separator\" style=\"clear: both; text-align: center;\"><a style=\"clear: left; float: left; margin-bottom: 1em; margin-right: 1em;\" href=\"https:\/\/lh4.googleusercontent.com\/-iUrMxjIgUNY\/TXOEwhnuFNI\/AAAAAAAAAG4\/HbyfJdZsV9M\/s1600\/_image_th1.jpg\"><img decoding=\"async\" src=\"http:\/\/lh4.googleusercontent.com\/-iUrMxjIgUNY\/TXOEwhnuFNI\/AAAAAAAAAG4\/HbyfJdZsV9M\/s1600\/_image_th1.jpg\" alt=\"\" border=\"0\" \/><\/a><\/div>\n<p><b>GALINDO ANT\u00d3N, Jos\u00e9<\/b>, <i>Aqu\u00e9l Calatayud<\/i> (Calatayud en la fotograf\u00eda), CEB, Calatayud, 2008, Centro de Estudios Bilbilitanos, 96, 80 p., 37 il., 21&#215;30 cm. ISBN: 978-84-7820-937-8<\/p>\n<div class=\"item\">\n<div class=\"nom\"><\/div>\n<div class=\"nom\"><\/div>\n<div class=\"nom\"><\/div>\n<div class=\"nom\"><\/div>\n<div class=\"nom\"><\/div>\n<div class=\"nom\"><\/div>\n<div class=\"nom\"><\/div>\n<div class=\"nom\"><\/div>\n<div class=\"nom\"><strong><span class=\"ficha_txt1\">EDICI\u00d3N:<\/span><\/strong><\/div>\n<div class=\"items_block\">\n<ul>\n<li class=\"items_block_nom\"><span class=\"ficha_txt2\">Editado por:\u00a0<\/span><span class=\"normal\">IFC &#8211; Centro de Estudios Bilbilitanos<\/span><\/li>\n<li class=\"items_block_nom\"><span class=\"ficha_txt2\">Edici\u00f3n:\u00a0<\/span><span class=\"normal\">80 p., 37 il., 21&#215;30 cm, ISBN 978-84-7820-937-8<\/span><\/li>\n<li class=\"items_block_nom\"><span class=\"ficha_txt2\">A\u00f1o edici\u00f3n:\u00a0<\/span><span class=\"normal\">2008<\/span><\/li>\n<\/ul>\n<div class=\"items_block_nom\"><\/div>\n<\/div>\n<\/div>\n<div class=\"item\">\n<div class=\"nom\"><span class=\"ficha_txt1\"><strong>COLECCI\u00d3N:<\/strong>\u00a0<\/span><span class=\"normal\">Centro de Estudios Bilbilitanos<\/span><\/div>\n<div class=\"nom\"><\/div>\n<\/div>\n<div class=\"item\">\n<div class=\"nom\"><span class=\"ficha_txt1\"><strong>N\u00ba PUBLICACI\u00d3N:<\/strong>\u00a0<\/span><span class=\"normal\">2775\u00a0(IFC) &#8211;\u00a096(CEB)<\/span><\/div>\n<div class=\"nom\"><\/div>\n<\/div>\n<div class=\"item\">\n<div class=\"nom\"><strong><span class=\"ficha_txt1\">PRECIO:\u00a0<\/span><\/strong><span class=\"normal\">9,00 \u20ac<\/span><\/div>\n<div class=\"nom\"><\/div>\n<\/div>\n<div class=\"item\">\n<div class=\"nom\"><strong><span class=\"ficha_txt1\">MATERIAS:<\/span><\/strong><\/div>\n<div class=\"dat\">\n<div class=\"options2\">FOTOGRAF\u00cdA E ILUSTRACIONES<\/div>\n<div class=\"options2\">HISTORIA &gt; Historia Contempor\u00e1nea<\/div>\n<\/div>\n<\/div>\n","protected":false},"excerpt":{"rendered":"<p>GALINDO ANT\u00d3N, Jos\u00e9, Aqu\u00e9l Calatayud (Calatayud en la fotograf\u00eda), CEB, Calatayud, 2008, Centro de Estudios Bilbilitanos, 96, 80 p., 37 il., 21&#215;30 cm. ISBN: 978-84-7820-937-8 EDICI\u00d3N: Editado por:\u00a0IFC &#8211; Centro de Estudios Bilbilitanos Edici\u00f3n:\u00a080 p., 37 il., 21&#215;30 cm, ISBN &hellip; <a href=\"http:\/\/cebilbilitanos.com\/?page_id=461\">Sigue leyendo <span class=\"meta-nav\">&rarr;<\/span><\/a><\/p>\n","protected":false},"author":1,"featured_media":0,"parent":193,"menu_order":0,"comment_status":"open","ping_status":"open","template":"","meta":[],"_links":{"self":[{"href":"http:\/\/cebilbilitanos.com\/index.php?rest_route=\/wp\/v2\/pages\/461"}],"collection":[{"href":"http:\/\/cebilbilitanos.com\/index.php?rest_route=\/wp\/v2\/pages"}],"about":[{"href":"http:\/\/cebilbilitanos.com\/index.php?rest_route=\/wp\/v2\/types\/page"}],"author":[{"embeddable":true,"href":"http:\/\/cebilbilitanos.com\/index.php?rest_route=\/wp\/v2\/users\/1"}],"replies":[{"embeddable":true,"href":"http:\/\/cebilbilitanos.com\/index.php?rest_route=%2Fwp%2Fv2%2Fcomments&post=461"}],"version-history":[{"count":2,"href":"http:\/\/cebilbilitanos.com\/index.php?rest_route=\/wp\/v2\/pages\/461\/revisions"}],"predecessor-version":[{"id":584,"href":"http:\/\/cebilbilitanos.com\/index.php?rest_route=\/wp\/v2\/pages\/461\/revisions\/584"}],"up":[{"embeddable":true,"href":"http:\/\/cebilbilitanos.com\/index.php?rest_route=\/wp\/v2\/pages\/193"}],"wp:attachment":[{"href":"http:\/\/cebilbilitanos.com\/index.php?rest_route=%2Fwp%2Fv2%2Fmedia&parent=461"}],"curies":[{"name":"wp","href":"https:\/\/api.w.org\/{rel}","templated":true}]}}