{"id":448,"date":"2015-09-13T08:45:28","date_gmt":"2015-09-13T08:45:28","guid":{"rendered":"http:\/\/cebilbilitanos.com\/?page_id=448"},"modified":"2015-09-13T16:53:35","modified_gmt":"2015-09-13T16:53:35","slug":"calatayud-memoria-historica-fotografias-antiguas-de-la-ciudad","status":"publish","type":"page","link":"http:\/\/cebilbilitanos.com\/?page_id=448","title":{"rendered":"Calatayud, memoria hist\u00f3rica. Fotograf\u00edas antiguas de la ciudad"},"content":{"rendered":"<p><a style=\"clear: left; float: left; margin-bottom: 1em; margin-right: 1em;\" href=\"https:\/\/lh6.googleusercontent.com\/-GbX2KToAwGY\/TXNvQbDdiZI\/AAAAAAAAAGo\/nC_mvGIDHjY\/s1600\/_image_th1.jpg\"><img decoding=\"async\" src=\"http:\/\/lh6.googleusercontent.com\/-GbX2KToAwGY\/TXNvQbDdiZI\/AAAAAAAAAGo\/nC_mvGIDHjY\/s1600\/_image_th1.jpg\" alt=\"\" border=\"0\" \/><\/a><b>MICHETO RUIZ DE MORALES, Manuel<\/b>, <i>Calatayud, memoria hist\u00f3rica. Fotograf\u00edas antiguas de la ciudad<\/i>, presentaci\u00f3n de Agust\u00edn Sanmiguel Mateo, pr\u00f3logo de Jos\u00e9 Galindo Ant\u00f3n, CEB, Calatayud, 2006, Centro de Estudios Bilbilitanos, 88, 176 p., 156 il., 21&#215;30 cm. ISBN: 84-7820-837-2.<\/p>\n<div class=\"item\">\n<div class=\"nom\"><\/div>\n<div class=\"nom\"><\/div>\n<div class=\"nom\"><\/div>\n<div class=\"nom\"><\/div>\n<div class=\"nom\"><\/div>\n<div class=\"nom\"><\/div>\n<div class=\"nom\"><span class=\"ficha_txt1\"><strong>NOTAS:<\/strong>\u00a0<\/span><span class=\"normal\">Sanmiguel Mateo, Agust\u00edn (Presentaci\u00f3n); Galindo Ant\u00f3n, Jos\u00e9 (Pr\u00f3logo).<\/span><\/div>\n<\/div>\n<div class=\"item\"><\/div>\n<div class=\"item\">\n<div class=\"nom\"><strong><span class=\"ficha_txt1\">EDICI\u00d3N:<\/span><\/strong><\/div>\n<div class=\"items_block\">\n<ul>\n<li class=\"items_block_nom\"><span class=\"ficha_txt2\">Editado por:\u00a0<\/span><span class=\"normal\">IFC-CEB<\/span><\/li>\n<li class=\"items_block_nom\"><span class=\"ficha_txt2\">Edici\u00f3n:\u00a0<\/span><span class=\"normal\">176 p., 156 il., 21&#215;30 cm. ISBN 84-7820-837-2<\/span><\/li>\n<li class=\"items_block_nom\"><span class=\"ficha_txt2\">A\u00f1o edici\u00f3n:\u00a0<\/span><span class=\"normal\">2006<\/span><\/li>\n<\/ul>\n<\/div>\n<\/div>\n<div class=\"item\">\n<div class=\"nom\"><strong><span class=\"ficha_txt1\">COLECCI\u00d3N:\u00a0<\/span><\/strong><span class=\"normal\">Centro de Estudios Bilbilitanos<\/span><\/div>\n<div class=\"nom\"><\/div>\n<\/div>\n<div class=\"item\">\n<div class=\"nom\"><span class=\"ficha_txt1\"><strong>N\u00ba PUBLICACI\u00d3N:<\/strong>\u00a0<\/span><span class=\"normal\">2605 (IFC) &#8211; 88\u00a0(CEB)<\/span><\/div>\n<div class=\"nom\"><\/div>\n<\/div>\n<div class=\"item\">\n<div class=\"nom\"><span class=\"ficha_txt1\"><strong>PRECIO:<\/strong>\u00a0<\/span><span class=\"normal\">12,00 \u20ac<\/span><\/div>\n<div class=\"nom\"><\/div>\n<\/div>\n<div class=\"item\">\n<div class=\"nom\"><strong><span class=\"ficha_txt1\">MATERIAS:<\/span><\/strong><\/div>\n<div class=\"dat\">\n<div class=\"options2\">FOTOGRAF\u00cdA E ILUSTRACIONES<\/div>\n<div class=\"options2\">ESTUDIOS LOCALES Y COMARCALES &gt; Calatayud<\/div>\n<\/div>\n<\/div>\n","protected":false},"excerpt":{"rendered":"<p>MICHETO RUIZ DE MORALES, Manuel, Calatayud, memoria hist\u00f3rica. Fotograf\u00edas antiguas de la ciudad, presentaci\u00f3n de Agust\u00edn Sanmiguel Mateo, pr\u00f3logo de Jos\u00e9 Galindo Ant\u00f3n, CEB, Calatayud, 2006, Centro de Estudios Bilbilitanos, 88, 176 p., 156 il., 21&#215;30 cm. ISBN: 84-7820-837-2. NOTAS:\u00a0Sanmiguel &hellip; <a href=\"http:\/\/cebilbilitanos.com\/?page_id=448\">Sigue leyendo <span class=\"meta-nav\">&rarr;<\/span><\/a><\/p>\n","protected":false},"author":1,"featured_media":0,"parent":193,"menu_order":0,"comment_status":"open","ping_status":"open","template":"","meta":[],"_links":{"self":[{"href":"http:\/\/cebilbilitanos.com\/index.php?rest_route=\/wp\/v2\/pages\/448"}],"collection":[{"href":"http:\/\/cebilbilitanos.com\/index.php?rest_route=\/wp\/v2\/pages"}],"about":[{"href":"http:\/\/cebilbilitanos.com\/index.php?rest_route=\/wp\/v2\/types\/page"}],"author":[{"embeddable":true,"href":"http:\/\/cebilbilitanos.com\/index.php?rest_route=\/wp\/v2\/users\/1"}],"replies":[{"embeddable":true,"href":"http:\/\/cebilbilitanos.com\/index.php?rest_route=%2Fwp%2Fv2%2Fcomments&post=448"}],"version-history":[{"count":2,"href":"http:\/\/cebilbilitanos.com\/index.php?rest_route=\/wp\/v2\/pages\/448\/revisions"}],"predecessor-version":[{"id":599,"href":"http:\/\/cebilbilitanos.com\/index.php?rest_route=\/wp\/v2\/pages\/448\/revisions\/599"}],"up":[{"embeddable":true,"href":"http:\/\/cebilbilitanos.com\/index.php?rest_route=\/wp\/v2\/pages\/193"}],"wp:attachment":[{"href":"http:\/\/cebilbilitanos.com\/index.php?rest_route=%2Fwp%2Fv2%2Fmedia&parent=448"}],"curies":[{"name":"wp","href":"https:\/\/api.w.org\/{rel}","templated":true}]}}