{"id":444,"date":"2015-09-13T08:42:24","date_gmt":"2015-09-13T08:42:24","guid":{"rendered":"http:\/\/cebilbilitanos.com\/?page_id=444"},"modified":"2015-09-13T16:44:12","modified_gmt":"2015-09-13T16:44:12","slug":"444-2","status":"publish","type":"page","link":"http:\/\/cebilbilitanos.com\/?page_id=444","title":{"rendered":"Arquitectura y Escultura en la Comunidad de Calatayud (1665-1680). Estudio documental"},"content":{"rendered":"<p><a href=\"http:\/\/cebilbilitanos.com\/wp-content\/uploads\/2015\/09\/escultura.jpg\"><img decoding=\"async\" loading=\"lazy\" class=\"aligncenter size-full wp-image-445\" src=\"http:\/\/cebilbilitanos.com\/wp-content\/uploads\/2015\/09\/escultura.jpg\" alt=\"escultura\" width=\"176\" height=\"250\" \/><\/a><\/p>\n<p><b>RODR\u00cdGUEZ GARC\u00cdA, Jos\u00e9 Carlos<\/b>, <i>Arquitectura y Escultura en la Comunidad de Calatayud (1665-1680). Estudio documental<\/i>, CEB, Calatayud, 2006, Centro de Estudios Bilbilitanos, 87, 196 p., 33 il. (32 en color), 17&#215;24 cm. ISBN: 84-7820-833-X.<\/p>\n<p>La presente obra, es el resultado de una investigaci\u00f3n en el Archivo de Protocolos Notariales de Calatayud, continuando con la labor que llev\u00f3 a cabo a mediados de los a\u00f1os setenta del pasado siglo Agust\u00edn Rubio Semper.<\/p>\n<p>Aunque la tesis doctoral de Agust\u00edn Rubio Semper Estudio documental de las artes en la comunidad de Calatayud durante el siglo XVII pretende abarcar todo el siglo, la verdad es que en lo que respecta a los documentos apenas son una docena los que superan la fecha de 1665, lo que no deja de resultar cuando menos chocante teniendo en cuenta el n\u00famero de los mismos en los dos primeros tercios.<\/p>\n<p>El autor, inicia la investigaci\u00f3n con los protocolos notariales que cubren las fechas 1665-1680 y despu\u00e9s de m\u00e1s de un a\u00f1o leyendo documentos de forma sistem\u00e1tica el resultado ha sido satisfactorio, descubriendo alguna que otra obra que no estaba documentada hasta el presente, pero, sobre todo, sacando del anonimato a una nutrida n\u00f3mina de artistas, como se puede comprobar.<\/p>\n<div class=\"item\">\n<div class=\"nom\"><strong><span class=\"ficha_txt1\">EDICI\u00d3N:<\/span><\/strong><\/div>\n<div class=\"items_block\">\n<ul>\n<li class=\"items_block_nom\"><span class=\"ficha_txt2\">Editado por:\u00a0<\/span><span class=\"normal\">IFC-CEB<\/span><\/li>\n<li class=\"items_block_nom\"><span class=\"ficha_txt2\">Edici\u00f3n:\u00a0<\/span><span class=\"normal\">196 p., 33 il. (32 en color), 17&#215;24 cm. ISBN 84-7820-833-X<\/span><\/li>\n<li class=\"items_block_nom\"><span class=\"ficha_txt2\">A\u00f1o edici\u00f3n:\u00a0<\/span><span class=\"normal\">2006<\/span><\/li>\n<\/ul>\n<\/div>\n<\/div>\n<div class=\"item\">\n<div class=\"nom\"><strong><span class=\"ficha_txt1\">COLECCI\u00d3N:\u00a0<\/span><\/strong><span class=\"normal\">Centro de Estudios Bilbilitanos<\/span><\/div>\n<div class=\"nom\"><\/div>\n<\/div>\n<div class=\"item\">\n<div class=\"nom\"><span class=\"ficha_txt1\"><strong>N\u00ba PUBLICACI\u00d3N:<\/strong>\u00a0<\/span><span class=\"normal\">2599\u00a0(IFC) &#8211; 87\u00a0(CEB)<\/span><\/div>\n<div class=\"nom\"><\/div>\n<\/div>\n<div class=\"item\">\n<div class=\"nom\"><span class=\"ficha_txt1\"><strong>PRECIO:<\/strong>\u00a0<\/span><span class=\"normal\">No venal<\/span><\/div>\n<div class=\"nom\"><\/div>\n<\/div>\n<div class=\"item\">\n<div class=\"nom\"><strong><span class=\"ficha_txt1\">MATERIAS:<\/span><\/strong><\/div>\n<div class=\"dat\">\n<div class=\"options2\">ARTE &gt; Arte renacentista, barroco y neocl\u00e1sico<\/div>\n<div class=\"options2\">ESTUDIOS LOCALES Y COMARCALES &gt; Calatayud<\/div>\n<\/div>\n<\/div>\n","protected":false},"excerpt":{"rendered":"<p>RODR\u00cdGUEZ GARC\u00cdA, Jos\u00e9 Carlos, Arquitectura y Escultura en la Comunidad de Calatayud (1665-1680). Estudio documental, CEB, Calatayud, 2006, Centro de Estudios Bilbilitanos, 87, 196 p., 33 il. (32 en color), 17&#215;24 cm. ISBN: 84-7820-833-X. La presente obra, es el resultado &hellip; <a href=\"http:\/\/cebilbilitanos.com\/?page_id=444\">Sigue leyendo <span class=\"meta-nav\">&rarr;<\/span><\/a><\/p>\n","protected":false},"author":1,"featured_media":0,"parent":193,"menu_order":0,"comment_status":"open","ping_status":"open","template":"","meta":[],"_links":{"self":[{"href":"http:\/\/cebilbilitanos.com\/index.php?rest_route=\/wp\/v2\/pages\/444"}],"collection":[{"href":"http:\/\/cebilbilitanos.com\/index.php?rest_route=\/wp\/v2\/pages"}],"about":[{"href":"http:\/\/cebilbilitanos.com\/index.php?rest_route=\/wp\/v2\/types\/page"}],"author":[{"embeddable":true,"href":"http:\/\/cebilbilitanos.com\/index.php?rest_route=\/wp\/v2\/users\/1"}],"replies":[{"embeddable":true,"href":"http:\/\/cebilbilitanos.com\/index.php?rest_route=%2Fwp%2Fv2%2Fcomments&post=444"}],"version-history":[{"count":3,"href":"http:\/\/cebilbilitanos.com\/index.php?rest_route=\/wp\/v2\/pages\/444\/revisions"}],"predecessor-version":[{"id":585,"href":"http:\/\/cebilbilitanos.com\/index.php?rest_route=\/wp\/v2\/pages\/444\/revisions\/585"}],"up":[{"embeddable":true,"href":"http:\/\/cebilbilitanos.com\/index.php?rest_route=\/wp\/v2\/pages\/193"}],"wp:attachment":[{"href":"http:\/\/cebilbilitanos.com\/index.php?rest_route=%2Fwp%2Fv2%2Fmedia&parent=444"}],"curies":[{"name":"wp","href":"https:\/\/api.w.org\/{rel}","templated":true}]}}