{"id":440,"date":"2015-09-13T08:36:01","date_gmt":"2015-09-13T08:36:01","guid":{"rendered":"http:\/\/cebilbilitanos.com\/?page_id=440"},"modified":"2015-09-13T17:55:42","modified_gmt":"2015-09-13T17:55:42","slug":"segunda-noticia-y-antologia-de-poetas-bilbilitanos","status":"publish","type":"page","link":"http:\/\/cebilbilitanos.com\/?page_id=440","title":{"rendered":"Segunda noticia y antolog\u00eda de poetas bilbilitanos"},"content":{"rendered":"<div class=\"separator\" style=\"clear: both; text-align: center;\"><a style=\"clear: left; float: left; margin-bottom: 1em; margin-right: 1em;\" href=\"https:\/\/lh3.googleusercontent.com\/-AOEX8iTRdWk\/TXNstp0B4_I\/AAAAAAAAAGg\/LQcfhIpJjxA\/s1600\/_image_th1.jpg\"><img decoding=\"async\" src=\"http:\/\/lh3.googleusercontent.com\/-AOEX8iTRdWk\/TXNstp0B4_I\/AAAAAAAAAGg\/LQcfhIpJjxA\/s1600\/_image_th1.jpg\" alt=\"\" border=\"0\" \/><\/a><\/div>\n<p><b>S\u00c1NCHEZ PORTERO, Antonio<\/b>, <i>Segunda noticia y antolog\u00eda de poetas bilbilitanos<\/i>, CEB, Calatayud, 2005, Centro de Estudios Bilbilitanos, 85, 500 p., 66 il., 17&#215;24 cm. ISBN: 84-7820-781-3.<\/p>\n<p>Segunda edici\u00f3n retocada de este cl\u00e1sico t\u00edtulo en el que Antonio S\u00e1nchez Portero re\u00fane de nuevo una selecci\u00f3n de la obra po\u00e9tica bilbilitana.<\/p>\n<p>Con su lectura se conocer\u00e1 mejor a los poetas bilbilitanos y se honrar\u00e1 a la ciudad de Calatayud, que ha sido la impalpable musa que ha animado a todos los creadores po\u00e9ticos reunidos en estas p\u00e1ginas.<\/p>\n<div class=\"item\">\n<div class=\"nom\"><strong><span class=\"ficha_txt1\">EDICI\u00d3N:<\/span><\/strong><\/div>\n<div class=\"items_block\">\n<ul>\n<li class=\"items_block_nom\"><span class=\"ficha_txt2\">Editado por:\u00a0<\/span><span class=\"normal\">IFC-CEB<\/span><\/li>\n<li class=\"items_block_nom\"><span class=\"ficha_txt2\">Edici\u00f3n:\u00a0<\/span><span class=\"normal\">500 p., 66 il., 17&#215;24 cm<\/span><\/li>\n<li class=\"items_block_nom\"><span class=\"ficha_txt2\">A\u00f1o edici\u00f3n:\u00a0<\/span><span class=\"normal\">2005<\/span><\/li>\n<\/ul>\n<\/div>\n<\/div>\n<div class=\"item\">\n<div class=\"nom\"><span class=\"ficha_txt1\"><strong>COLECCI\u00d3N:<\/strong>\u00a0<\/span><span class=\"normal\">Centro de Estudios Bilbilitanos<\/span><\/div>\n<div class=\"nom\"><\/div>\n<\/div>\n<div class=\"item\">\n<div class=\"nom\"><strong><span class=\"ficha_txt1\">N\u00ba PUBLICACI\u00d3N:\u00a0<\/span><\/strong><span class=\"normal\">2515 (IFC) &#8211; 85\u00a0(CEB)<\/span><\/div>\n<div class=\"nom\"><\/div>\n<\/div>\n<div class=\"item\">\n<div class=\"nom\"><strong><span class=\"ficha_txt1\">PRECIO:\u00a0<\/span><\/strong><span class=\"normal\">No venal<\/span><\/div>\n<div class=\"nom\"><\/div>\n<\/div>\n<div class=\"item\">\n<div class=\"nom\"><strong><span class=\"ficha_txt1\">MATERIAS:<\/span><\/strong><\/div>\n<div class=\"dat\">\n<div class=\"options2\">NARRATIVA, POES\u00cdA y TEATRO &gt; Poes\u00eda<\/div>\n<div class=\"options2\">ESTUDIOS LOCALES Y COMARCALES &gt; Calatayud<\/div>\n<\/div>\n<\/div>\n","protected":false},"excerpt":{"rendered":"<p>S\u00c1NCHEZ PORTERO, Antonio, Segunda noticia y antolog\u00eda de poetas bilbilitanos, CEB, Calatayud, 2005, Centro de Estudios Bilbilitanos, 85, 500 p., 66 il., 17&#215;24 cm. ISBN: 84-7820-781-3. Segunda edici\u00f3n retocada de este cl\u00e1sico t\u00edtulo en el que Antonio S\u00e1nchez Portero re\u00fane &hellip; <a href=\"http:\/\/cebilbilitanos.com\/?page_id=440\">Sigue leyendo <span class=\"meta-nav\">&rarr;<\/span><\/a><\/p>\n","protected":false},"author":1,"featured_media":0,"parent":193,"menu_order":0,"comment_status":"open","ping_status":"open","template":"","meta":[],"_links":{"self":[{"href":"http:\/\/cebilbilitanos.com\/index.php?rest_route=\/wp\/v2\/pages\/440"}],"collection":[{"href":"http:\/\/cebilbilitanos.com\/index.php?rest_route=\/wp\/v2\/pages"}],"about":[{"href":"http:\/\/cebilbilitanos.com\/index.php?rest_route=\/wp\/v2\/types\/page"}],"author":[{"embeddable":true,"href":"http:\/\/cebilbilitanos.com\/index.php?rest_route=\/wp\/v2\/users\/1"}],"replies":[{"embeddable":true,"href":"http:\/\/cebilbilitanos.com\/index.php?rest_route=%2Fwp%2Fv2%2Fcomments&post=440"}],"version-history":[{"count":2,"href":"http:\/\/cebilbilitanos.com\/index.php?rest_route=\/wp\/v2\/pages\/440\/revisions"}],"predecessor-version":[{"id":692,"href":"http:\/\/cebilbilitanos.com\/index.php?rest_route=\/wp\/v2\/pages\/440\/revisions\/692"}],"up":[{"embeddable":true,"href":"http:\/\/cebilbilitanos.com\/index.php?rest_route=\/wp\/v2\/pages\/193"}],"wp:attachment":[{"href":"http:\/\/cebilbilitanos.com\/index.php?rest_route=%2Fwp%2Fv2%2Fmedia&parent=440"}],"curies":[{"name":"wp","href":"https:\/\/api.w.org\/{rel}","templated":true}]}}