{"id":438,"date":"2015-09-13T08:33:45","date_gmt":"2015-09-13T08:33:45","guid":{"rendered":"http:\/\/cebilbilitanos.com\/?page_id=438"},"modified":"2015-09-13T18:07:31","modified_gmt":"2015-09-13T18:07:31","slug":"vi-encuentro-de-estudios-bilbilitanos-calatayud-y-comarca","status":"publish","type":"page","link":"http:\/\/cebilbilitanos.com\/?page_id=438","title":{"rendered":"VI Encuentro de Estudios Bilbilitanos. Calatayud y Comarca"},"content":{"rendered":"<div class=\"separator\" style=\"clear: both; text-align: center;\"><a style=\"clear: left; float: left; margin-bottom: 1em; margin-right: 1em;\" href=\"https:\/\/lh3.googleusercontent.com\/-5zgrXQWXwPI\/TXNn4j59gVI\/AAAAAAAAAGc\/QOK0zctF6Ik\/s1600\/_image_th1.jpg\"><img decoding=\"async\" src=\"http:\/\/lh3.googleusercontent.com\/-5zgrXQWXwPI\/TXNn4j59gVI\/AAAAAAAAAGc\/QOK0zctF6Ik\/s1600\/_image_th1.jpg\" alt=\"\" border=\"0\" \/><\/a><\/div>\n<p><i>VI Encuentro de Estudios Bilbilitanos. Calatayud y Comarca<\/i>, (celebrado en Calatayud, los d\u00edas 1, 2 y 3 de diciembre del 2000), CEB, Calatayud, 2005, Centro de Estudios Bilbilitanos, 84, 576 p., 143 il., 17&#215;24 cm. ISBN: 84-7820-775-9.<\/p>\n<p><b>Contenido<\/b>:<\/p>\n<p>Convocatoria y programa, 3 p.<\/p>\n<p>Relaci\u00f3n de ponentes e inscritos, 4 p.<\/p>\n<p><i><b>GEOGRAF\u00edA, ECONOM\u00edA y ECOLOG\u00edA<\/b><\/i>.<\/p>\n<ul>\n<li><b>BIELZA DE ORY, Vicente<\/b>, <i>Ordenaci\u00f3n del territorio y desarrollo sostenible en Calatayud y su comarca<\/i>, 8 p.<\/li>\n<li><b>TOBAJAS G\u00c1LLEGO, Francisco<\/b>, Mos\u00e9n Vicente Mart\u00ednez Guill\u00e9n (1741-1805) cura p\u00e1rroco ilustrado de Inog\u00e9s, 10 p.<\/li>\n<li><b>ROY MAR\u00cdN, M\u00aa Jos\u00e9<\/b>, Documentos para el estudio de la dehesa-boalar de Ani\u00f1\u00f3n en la Edad Media, 14 p., 1 il.<\/li>\n<li><b>MELENDO POMARETA, Joaqu\u00edn<\/b>, Los documentos ganaderos de Carenas (siglos XIIXX), 16 p.<\/li>\n<\/ul>\n<p><i><b>ETNOLOG\u00edA, FOLCLORE y LITERATURA.<\/b><\/i><\/p>\n<ul>\n<li><b>BELTR\u00c1N MART\u00cdNEZ, Antonio<\/b>, <i>Etnolog\u00eda, folclore y literatura en Calatayud (piedras, textos y usos)<\/i>, 26 p.<\/li>\n<li><b>YAG\u00dcE GUIRLES, \u00c1ngel<\/b>, <i>Torralba de Ribota: etnolog\u00eda, folclore y literatura<\/i>, 8 p.<\/li>\n<li><b>MILL\u00c1N GIL, Juli\u00e1n<\/b>, <i>El trabajo del c\u00e1\u00f1amo en la comunidad de Calatayud<\/i>, 14 p.<\/li>\n<li><b>MART\u00cdNEZ GARC\u00cdA, Francisco J.<\/b>, <i>El dance de Ateca<\/i>, 8 p., 4 il.<\/li>\n<li><b>ASENSIO GUAJARDO, Miguel<\/b>, <i>Noticia sobre el desaparecido Dance en honor de San Roque, de Alhama de Arag\u00f3n<\/i>, 4 p.<\/li>\n<li><b>ALCONCHEL PINA, M\u00aa Soledad; ARANDA SANTA CASILDA, M\u00aa Pilar, y ARAGON\u00c9S POLO, Estrella<\/b>, <i>El juego de las Birlas en el Bajo Jiloca: historia y desarrollo del juego en la localidad de Maluenda<\/i>, 12 p., 10 il.<\/li>\n<li><b>TOBAJAS G\u00c1LLEGO, Francisco<\/b>, <i>Semblanza bio-bibliogr\u00e1fica de Baldomero Mediano y Ruiz de Torremilano (1847-1893)<\/i>, 10 p.<\/li>\n<li><b>AGUAVIVA GRACIA, Jes\u00fas<\/b>, <i>La visi\u00f3n ruralista en el libro de cuentos las Caracolas, de Juan Blas y Ubide<\/i>, 12 p.<\/li>\n<li><b>AGUAVIVA GRACIA, Jes\u00fas<\/b>, <i>Influencia de regeneraciones en la novela de Valent\u00edn G\u00f3mez<\/i>, 12 p.<\/li>\n<li><b>L\u00d3PEZ ASENSIO, \u00c1lvaro<\/b>, <i>Costumbres religiosas de Paracuellos de Jiloca<\/i>, 10 p.<\/li>\n<li><b>L\u00d3PEZ ASENSIO, \u00c1lvaro<\/b>, <i>Cuatro supuestos milagros en Paracuellos de Jiloca,<\/i> 6 p.<\/li>\n<\/ul>\n<p><b><i>LA ANTIG\u00dcEDAD<\/i><\/b>.<\/p>\n<ul>\n<li><b>MART\u00cdN BUENO, Manuel, y S\u00c1ENZ PRECIADO, J. Carlos<\/b>, <i>Novedades en el patrimonio arqueol\u00f3gico bilbilitano (1998-2000)<\/i>, 22 p., 15 il.<\/li>\n<li><b>S\u00c1ENZ PRECIADO, J. Carlos<\/b>, <i>La Terra Sigillata Hisp\u00e1nica de B\u00edlbilis: Centros alfareros de procedencia y sus rutas comerciales<\/i>, 24 p.<\/li>\n<\/ul>\n<p><b><i>HISTORIA<\/i><\/b>.<\/p>\n<ul>\n<li><b>DIAGO HERNANDO, M\u00e1ximo<\/b>, <i>Calatayud en la Baja Edad Media. Organizaci\u00f3n sociopol\u00edtica y actividades econ\u00f3micas<\/i>, 38 p.<\/li>\n<li><b>FUENTE COBOS, Concepci\u00f3n de la<\/b>, <i>La documentaci\u00f3n sobre la encomienda hospitalaria de Calatayud en el Archivo Hist\u00f3rico Nacional<\/i>, 8 p.<\/li>\n<li><b>URZAY BARRIOS, Jos\u00e9 \u00c1ngel; SANG\u00dcESA GARC\u00c9S, Antonio, e IBARRA CASTELLANO, Isabel<\/b>, <i>Los hospitales de Calatayud, acercamiento hist\u00f3rico<\/i>, 8 p.<\/li>\n<li><b>ALCONCHEL PINA, M\u00aa Soledad, y URZAIZ BARRIOS, Jos\u00e9 \u00c1<\/b>., <i>Fundaci\u00f3n y<\/i><i> or\u00edgenes del convento de San Jos\u00e9 de carmelitas descalzas de Maluenda<\/i>, 6 p.<\/li>\n<li><b>S\u00c1NCHEZ MOLLEDO, Jos\u00e9 M\u00aa.<\/b>, Historiograf\u00eda sobre San \u00cd\u00f1igo en los siglos XVI y XVII, 10 p.<\/li>\n<li><b>BLASCO S\u00c1NCHEZ, Jes\u00fas<\/b>, <i>Estudio de las capitulaciones de la obra de la Casa Consistorial de Ateca (1629)<\/i>, 16 p.<\/li>\n<li><b>TOBAJAS G\u00c1LLEGO, Francisco<\/b>, <i>Faustino Sancho y Gil. Diputado a Cortes en 1893<\/i>, 11 p.<\/li>\n<li><b>MELENDO POMARETA, Joaqu\u00edn<\/b>, <i>Un aragon\u00e9s en el exilio: Domingo Tirado Bened\u00ed<\/i>, 8 p., 2 il.<\/li>\n<li><b>RINC\u00d3N GARC\u00cdA, Wifredo, y QUINTANILLAS MART\u00cdNEZ, Emilio<\/b>, <i>La fundaci\u00f3n del Santo Sepulcro de Calatayud y sus priores hasta 1570<\/i>, 6 p.<\/li>\n<li><b>GALINDO ANT\u00d3N, Jos\u00e9<\/b>, <i>Calatayud ya tiene tren<\/i>, 4 p.<\/li>\n<li><b>GALINDO ANT\u00d3N, Jos\u00e9<\/b>, <i>Tambi\u00e9n tuvimos Audiencia<\/i>, 4 p.<\/li>\n<li><b>MART\u00cdNEZ GARC\u00cdA, Francisco J<\/b>., <i>Aportaciones Documentales a la construcci\u00f3n de la torre del reloj de Ateca<\/i>, 14 p., 1 il.<\/li>\n<li><b>MART\u00cdNEZ GARC\u00cdA, Francisco J.<\/b>, <i>Nuevas pruebas documentales para ubicar Alcocer en un paraje de Ateca<\/i>, 8 p., 1 il.<\/li>\n<\/ul>\n<p><i><b>ARTE.\u00a0<\/b><\/i><\/p>\n<ul>\n<li><b>LACARRA DUCAY, M\u00aa del Carmen<\/b>, <i>Estampas de la vida cotidiana durante el siglo XV a trav\u00e9s de la pintura g\u00f3tica bilbilitana<\/i>, 18 p., 6 il.<\/li>\n<li><b>SANMIGUEL MATEO, Agust\u00edn, y CEBOLLA BERLANGA, Jos\u00e9 L.<\/b>, <i>Almenas aglab\u00edes en Calatayud<\/i>, 8 p., 5 il.<\/li>\n<li><b>SANMIGUEL MATEO, Agust\u00edn<\/b>, <i>Extravagancias mud\u00e9jares en Ateca<\/i>, 6 p., 4 il.<\/li>\n<li><b>P\u00c9TRIZ ASO, Ana Isabel, y SANMIGUEL MATEO, Agust\u00edn<\/b>, <i>Iglesias y ermitas de arco diafragma en la comarca<\/i>, 8 p., 10 il.<\/li>\n<li><b>GARC\u00cdA LASHERAS, Samuel<\/b>, <i>Aportaci\u00f3n al estudio de la imaginer\u00eda<\/i><\/li>\n<\/ul>\n<div class=\"item\">\n<div class=\"nom\"><strong><span class=\"ficha_txt1\">AUTOR:\u00a0<\/span><\/strong>VV.AA.<\/div>\n<div class=\"nom\"><\/div>\n<\/div>\n<div class=\"item\">\n<div class=\"nom\"><span class=\"ficha_txt1\"><strong>NOTAS:<\/strong>\u00a0<\/span><span class=\"normal\">Celebrado en Calatayud, los d\u00edas 1, 2 y 3 de diciembre de 2000.\u00a0<\/span><\/div>\n<div class=\"nom\"><\/div>\n<\/div>\n<div class=\"item\">\n<div class=\"nom\"><strong><span class=\"ficha_txt1\">EDICI\u00d3N:<\/span><\/strong><\/div>\n<div class=\"items_block\">\n<ul>\n<li class=\"items_block_nom\"><span class=\"ficha_txt2\">Editado por:\u00a0<\/span><span class=\"normal\">IFC-CEB<\/span><\/li>\n<li class=\"items_block_nom\"><span class=\"ficha_txt2\">Edici\u00f3n:\u00a0<\/span><span class=\"normal\">576 p., 143 il., 17&#215;24 cm<\/span><\/li>\n<li class=\"items_block_nom\"><span class=\"ficha_txt2\">A\u00f1o edici\u00f3n:\u00a0<\/span><span class=\"normal\">2005<\/span><\/li>\n<\/ul>\n<\/div>\n<\/div>\n<div class=\"item\">\n<div class=\"nom\"><strong><span class=\"ficha_txt1\">COLECCI\u00d3N:\u00a0<\/span><\/strong><span class=\"normal\">Centro de Estudios Bilbilitanos<\/span><\/div>\n<div class=\"nom\"><\/div>\n<\/div>\n<div class=\"item\">\n<div class=\"nom\"><span class=\"ficha_txt1\"><strong>N\u00ba PUBLICACI\u00d3N:<\/strong>\u00a0<\/span><span class=\"normal\">2509\u00a0 (IFC) &#8211; 84\u00a0(CEB)<\/span><\/div>\n<div class=\"nom\"><\/div>\n<\/div>\n<div class=\"item\">\n<div class=\"nom\"><strong><span class=\"ficha_txt1\">PRECIO:\u00a0<\/span><\/strong><span class=\"normal\">Agotado<\/span><\/div>\n<div class=\"nom\"><\/div>\n<\/div>\n<div class=\"item\">\n<div class=\"nom\"><strong><span class=\"ficha_txt1\">MATERIAS:<\/span><\/strong><\/div>\n<div class=\"dat\">\n<div class=\"options2\">ESTUDIOS LOCALES Y COMARCALES &gt; Calatayud<\/div>\n<\/div>\n<\/div>\n","protected":false},"excerpt":{"rendered":"<p>VI Encuentro de Estudios Bilbilitanos. Calatayud y Comarca, (celebrado en Calatayud, los d\u00edas 1, 2 y 3 de diciembre del 2000), CEB, Calatayud, 2005, Centro de Estudios Bilbilitanos, 84, 576 p., 143 il., 17&#215;24 cm. ISBN: 84-7820-775-9. Contenido: Convocatoria y &hellip; <a href=\"http:\/\/cebilbilitanos.com\/?page_id=438\">Sigue leyendo <span class=\"meta-nav\">&rarr;<\/span><\/a><\/p>\n","protected":false},"author":1,"featured_media":0,"parent":193,"menu_order":0,"comment_status":"open","ping_status":"open","template":"","meta":[],"_links":{"self":[{"href":"http:\/\/cebilbilitanos.com\/index.php?rest_route=\/wp\/v2\/pages\/438"}],"collection":[{"href":"http:\/\/cebilbilitanos.com\/index.php?rest_route=\/wp\/v2\/pages"}],"about":[{"href":"http:\/\/cebilbilitanos.com\/index.php?rest_route=\/wp\/v2\/types\/page"}],"author":[{"embeddable":true,"href":"http:\/\/cebilbilitanos.com\/index.php?rest_route=\/wp\/v2\/users\/1"}],"replies":[{"embeddable":true,"href":"http:\/\/cebilbilitanos.com\/index.php?rest_route=%2Fwp%2Fv2%2Fcomments&post=438"}],"version-history":[{"count":2,"href":"http:\/\/cebilbilitanos.com\/index.php?rest_route=\/wp\/v2\/pages\/438\/revisions"}],"predecessor-version":[{"id":709,"href":"http:\/\/cebilbilitanos.com\/index.php?rest_route=\/wp\/v2\/pages\/438\/revisions\/709"}],"up":[{"embeddable":true,"href":"http:\/\/cebilbilitanos.com\/index.php?rest_route=\/wp\/v2\/pages\/193"}],"wp:attachment":[{"href":"http:\/\/cebilbilitanos.com\/index.php?rest_route=%2Fwp%2Fv2%2Fmedia&parent=438"}],"curies":[{"name":"wp","href":"https:\/\/api.w.org\/{rel}","templated":true}]}}