{"id":432,"date":"2015-09-13T08:25:27","date_gmt":"2015-09-13T08:25:27","guid":{"rendered":"http:\/\/cebilbilitanos.com\/?page_id=432"},"modified":"2015-09-13T17:00:52","modified_gmt":"2015-09-13T17:00:52","slug":"castillos-de-la-comunidad-de-calatayud","status":"publish","type":"page","link":"http:\/\/cebilbilitanos.com\/?page_id=432","title":{"rendered":"Castillos de la Comunidad de Calatayud"},"content":{"rendered":"<p><a href=\"http:\/\/cebilbilitanos.com\/wp-content\/uploads\/2015\/09\/castillos.jpg\"><img decoding=\"async\" loading=\"lazy\" class=\"aligncenter size-full wp-image-433\" src=\"http:\/\/cebilbilitanos.com\/wp-content\/uploads\/2015\/09\/castillos.jpg\" alt=\"castillos\" width=\"210\" height=\"296\" \/><\/a><\/p>\n<div class=\"item\">\n<div class=\"nom\"><\/div>\n<div class=\"nom\"><\/div>\n<div class=\"nom\">\n<p><b>GUITART APARICIO, Crist\u00f3bal<\/b>, <i>Castillos de la Comunidad de Calatayud<\/i>, presentaci\u00f3n de Guillermo Fat\u00e1s Cabeza, CEB, Calatayud, 2004, Centro Estudios Bilbilitanos, 83, 180 p., 96 il. (82 en color), 1 map., 17&#215;24 cm. ISBN: 84-7820-749-X.<\/p>\n<p>En 1976 ve\u00eda la luz una publicaci\u00f3n en peque\u00f1o formato y de modesta apariencia: Castillo de Arag\u00f3n, de Crist\u00f3bal Guitart. En dos tomos de unas 190 p\u00e1ginas cada uno, incluyendo plantas y fotograf\u00edas, se describ\u00edan por primera vez de forma global todos los castillos de Arag\u00f3n. La obra, complementada con un tercer tomo en 1988, ha sido obligada referencia para todos los interesados en el tema.<\/p>\n<\/div>\n<\/div>\n<div class=\"nom\">\n<p>Ante la infructuosa espera de una merecida reedici\u00f3n en un volumen de gran formato, adecuadamente ilustrado, se propuso a Guitart que se pudiera editar las descripciones de los castillos de la Comunidad de Calatayud, propuesta que fue aceptada.<\/p>\n<p>En primer lugar, trat\u00e1ndose de una obra que pronto cumplir\u00e1 treinta a\u00f1os, no se ha modificado el texto en absoluto, haci\u00e9ndose incluso su reproducci\u00f3n de forma facs\u00edmil. S\u00f3lo se han ordenado los p\u00e1rrafos de manera que cada castillo tenga su propia p\u00e1gina o p\u00e1ginas. Nos se han incluido las interesantes introducciones de car\u00e1cter general, pues creemos que eso ha de quedar reservado para una reedici\u00f3n de la obra en su totalidad. Dentro de las tres divisiones &#8216;Fortalezas musulmanas&#8217;, &#8216;La defensa del Reino&#8217; y &#8216;Castillo de la nobleza&#8217;, se ha seguido un orden alfab\u00e9tico, con la salvedad de que Calatayud encabeza la relaci\u00f3n. Un mapa al final ser\u00e1 \u00fatil al viajero que quiera conocer los monumentos directamente.<\/p>\n<p>En cuanto al \u00e1mbito que esta publicaci\u00f3n abarca, se ha seguido, como es l\u00f3gico, el criterio del autor, que no pod\u00eda ser otro que el que marcan los l\u00edmites de la antigua Comunidad de Calatayud. Faltaban a\u00fan muchos a\u00f1os para que se hiciera la actual divisi\u00f3n administrativa comarcal, y as\u00ed no debe sorprender que aqu\u00ed se incluyan seis castillos de la Comarca del Aranda (Illueca, Mesones, Aranda, Jarque, Sestrica y Oseja), dos de la Comarca de Valdejal\u00f3n (Chodes y Villanueva de Jal\u00f3n), y uno del Campo de Daroca (Cubel).<\/p>\n<p>En la obra original hay pocas fotograf\u00edas de esta Comunidad y en blanco y negro. Se ha optado aqu\u00ed por que cada castillo rese\u00f1ado, aunque en ocasiones los restos sean poco fotog\u00e9nicos, tenga al menos una fotograf\u00eda, siendo todas en color. Salvo cinco, no se han hecho a prop\u00f3sito para este libro, sino que se ha preferido recurrir al archivo, por una parte para evitar uniformidad de luces y cielos, y por otra, al tratarse de im\u00e1genes de hace varios a\u00f1os, para, si ha lugar, ver como han podido afectar a algunos castillos y a su entorno el paso del tiempo y las actuaciones humanas. (Agust\u00edn Sanmiguel Mateo)<\/p>\n<\/div>\n<div class=\"item\">\n<div class=\"nom\"><span class=\"ficha_txt1\"><strong>NOTAS<\/strong>:\u00a0<\/span><span class=\"normal\">Presentaci\u00f3n de Guillermo Fat\u00e1s Cabeza.<\/span><\/div>\n<div class=\"nom\"><\/div>\n<\/div>\n<div class=\"item\">\n<div class=\"nom\"><strong><span class=\"ficha_txt1\">EDICI\u00d3N:\u00a0<\/span><\/strong><\/div>\n<ul>\n<li class=\"nom\">Editado por: IFC-CEB<\/li>\n<li class=\"items_block\">\n<div class=\"items_block_nom\"><span class=\"ficha_txt2\">Edici\u00f3n:\u00a0<\/span><span class=\"normal\">180 p., 96 il. (82 en color), 1 map., 17&#215;24 cm.<\/span><\/div>\n<\/li>\n<li class=\"items_block\">\n<div class=\"items_block_nom\"><span class=\"ficha_txt2\">A\u00f1o edici\u00f3n:\u00a0<\/span><span class=\"normal\">2004<\/span><\/div>\n<\/li>\n<\/ul>\n<\/div>\n<div class=\"item\">\n<div class=\"nom\"><span class=\"ficha_txt1\"><strong>COLECCI\u00d3N:<\/strong>\u00a0<\/span><span class=\"normal\">Centro de Estudios Bilbilitanos<\/span><\/div>\n<div class=\"nom\"><\/div>\n<\/div>\n<div class=\"item\">\n<div class=\"nom\"><span class=\"ficha_txt1\"><strong>N\u00ba PUBLICACI\u00d3N:<\/strong>\u00a0<\/span><span class=\"normal\">2472 (IFC) &#8211; 83 (CEB)<\/span><\/div>\n<div class=\"nom\"><\/div>\n<\/div>\n<div class=\"item\">\n<div class=\"nom\"><span class=\"ficha_txt1\"><strong>PRECIO:<\/strong>\u00a0<\/span><span class=\"normal\">10,00 \u20ac<\/span><\/div>\n<div class=\"nom\"><\/div>\n<\/div>\n<div class=\"item\">\n<div class=\"nom\"><strong><span class=\"ficha_txt1\">MATERIAS:<\/span><\/strong><\/div>\n<div class=\"dat\">\n<div class=\"options2\">ESTUDIOS LOCALES Y COMARCALES &gt; Calatayud<\/div>\n<div class=\"options2\">ARQUITECTURA<\/div>\n<div class=\"options2\">HISTORIA &gt; Historia Medieval<\/div>\n<\/div>\n<\/div>\n","protected":false},"excerpt":{"rendered":"<p>GUITART APARICIO, Crist\u00f3bal, Castillos de la Comunidad de Calatayud, presentaci\u00f3n de Guillermo Fat\u00e1s Cabeza, CEB, Calatayud, 2004, Centro Estudios Bilbilitanos, 83, 180 p., 96 il. (82 en color), 1 map., 17&#215;24 cm. ISBN: 84-7820-749-X. En 1976 ve\u00eda la luz una &hellip; <a href=\"http:\/\/cebilbilitanos.com\/?page_id=432\">Sigue leyendo <span class=\"meta-nav\">&rarr;<\/span><\/a><\/p>\n","protected":false},"author":1,"featured_media":0,"parent":193,"menu_order":0,"comment_status":"open","ping_status":"open","template":"","meta":[],"_links":{"self":[{"href":"http:\/\/cebilbilitanos.com\/index.php?rest_route=\/wp\/v2\/pages\/432"}],"collection":[{"href":"http:\/\/cebilbilitanos.com\/index.php?rest_route=\/wp\/v2\/pages"}],"about":[{"href":"http:\/\/cebilbilitanos.com\/index.php?rest_route=\/wp\/v2\/types\/page"}],"author":[{"embeddable":true,"href":"http:\/\/cebilbilitanos.com\/index.php?rest_route=\/wp\/v2\/users\/1"}],"replies":[{"embeddable":true,"href":"http:\/\/cebilbilitanos.com\/index.php?rest_route=%2Fwp%2Fv2%2Fcomments&post=432"}],"version-history":[{"count":3,"href":"http:\/\/cebilbilitanos.com\/index.php?rest_route=\/wp\/v2\/pages\/432\/revisions"}],"predecessor-version":[{"id":606,"href":"http:\/\/cebilbilitanos.com\/index.php?rest_route=\/wp\/v2\/pages\/432\/revisions\/606"}],"up":[{"embeddable":true,"href":"http:\/\/cebilbilitanos.com\/index.php?rest_route=\/wp\/v2\/pages\/193"}],"wp:attachment":[{"href":"http:\/\/cebilbilitanos.com\/index.php?rest_route=%2Fwp%2Fv2%2Fmedia&parent=432"}],"curies":[{"name":"wp","href":"https:\/\/api.w.org\/{rel}","templated":true}]}}