{"id":426,"date":"2015-09-13T08:15:07","date_gmt":"2015-09-13T08:15:07","guid":{"rendered":"http:\/\/cebilbilitanos.com\/?page_id=426"},"modified":"2015-09-13T17:02:39","modified_gmt":"2015-09-13T17:02:39","slug":"comunidad-de-calatayud-monasterio-de-piedra","status":"publish","type":"page","link":"http:\/\/cebilbilitanos.com\/?page_id=426","title":{"rendered":"Comunidad de Calatayud. Monasterio de Piedra"},"content":{"rendered":"<div class=\"separator\" style=\"clear: both; text-align: center;\"><a style=\"clear: left; float: left; margin-bottom: 1em; margin-right: 1em;\" href=\"https:\/\/lh4.googleusercontent.com\/-Oj5mCEtVX6A\/TXNi1l1q4QI\/AAAAAAAAAGQ\/KNg5cjJBQqc\/s1600\/_image_th1.jpg\"><img decoding=\"async\" src=\"http:\/\/lh4.googleusercontent.com\/-Oj5mCEtVX6A\/TXNi1l1q4QI\/AAAAAAAAAGQ\/KNg5cjJBQqc\/s1600\/_image_th1.jpg\" alt=\"\" border=\"0\" \/><\/a><\/div>\n<p><i>Comunidad de Calatayud. Monasterio de Piedra<\/i>, presentaci\u00f3n de Agust\u00edn Sanmiguel Mateo y Jos\u00e9 F. Lajusticia Rubio, CEB, Calatayud, 2004, Centro de Estudios Bilbilitanos, 79, edici\u00f3n facs\u00edmil de la de 1844, 40 p., 5 il., 21&#215;30 cm. ISBN: 84-7820-725-2.<\/p>\n<p>Con el romanticismo, en el siglo XIX surge un inter\u00e9s entre las clase pudiente por los viajes que hoy llamar\u00edamos &#8216;tur\u00edsticos&#8217;, es decir, viajes hechos solo por el placer de conocer ciudades, monumentos y paisajes. Comenzaron a publicarse &#8216;libros de viajes&#8217;, algunos con car\u00e1cter enciclop\u00e9dico, como es Recuerdos y bellezas de Espa\u00f1a, que inici\u00f3 en 1839 el librero, historiador y arque\u00f3logo menorqu\u00edn Jos\u00e9 Mar\u00eda Quadrado, y las ilustraciones, como en el resto de la colecci\u00f3n, con litograf\u00edas del barcelon\u00e9s Francisco Javier Parcerisa.<\/p>\n<p>Del tomo de Arag\u00f3n se han hecho varias reediciones y alguna empresa o instituci\u00f3n deber\u00eda hacer otra. En esta edici\u00f3n se reproduce s\u00f3lo los concerniente a la comarca de Calatayud, que va dividido en dos cap\u00edtulos, uno dedicado a la comarca en general -cuando inclu\u00eda el valle del Aranda-, y otro al Monasterio de Piedra. (Agust\u00edn Sanmiguel Mateo).<\/p>\n<div class=\"item\">\n<div class=\"nom\"><span class=\"ficha_txt1\"><strong>NOTAS:<\/strong>\u00a0<\/span><span class=\"normal\">Presentaci\u00f3n de Agust\u00edn Sanmiguel Mateo y Jos\u00e9 F. Lajusticia Rubio.<\/span><\/div>\n<div class=\"nom\"><\/div>\n<\/div>\n<div class=\"item\">\n<div class=\"nom\"><strong><span class=\"ficha_txt1\">EDICI\u00d3N:<\/span><\/strong><\/div>\n<div class=\"items_block\">\n<ul>\n<li class=\"items_block_nom\"><span class=\"ficha_txt2\">Editado por:\u00a0<\/span><span class=\"normal\">IFC-CEB<\/span><\/li>\n<li class=\"items_block_nom\"><span class=\"ficha_txt2\">Edici\u00f3n:\u00a0<\/span><span class=\"normal\">Edici\u00f3n facs\u00edmil de la de 1844, 40 p., 5 il., 21&#215;30 cm.<\/span><\/li>\n<li class=\"items_block_nom\"><span class=\"ficha_txt2\">A\u00f1o edici\u00f3n:\u00a0<\/span><span class=\"normal\">2004<\/span><\/li>\n<\/ul>\n<\/div>\n<\/div>\n<div class=\"item\">\n<div class=\"nom\"><span class=\"ficha_txt1\"><strong>COLECCI\u00d3N:<\/strong>\u00a0<\/span><span class=\"normal\">Centro de Estudios Bilbilitanos<\/span><\/div>\n<div class=\"nom\"><\/div>\n<\/div>\n<div class=\"item\">\n<div class=\"nom\"><span class=\"ficha_txt1\"><strong>N\u00ba PUBLICACI\u00d3N:<\/strong>\u00a0<\/span><span class=\"normal\">2421 (IFC) &#8211; 79 (CEB)<\/span><\/div>\n<div class=\"nom\"><\/div>\n<\/div>\n<div class=\"item\">\n<div class=\"nom\"><span class=\"ficha_txt1\"><strong>PRECIO:<\/strong>\u00a0<\/span><span class=\"normal\">No venal<\/span><\/div>\n<div class=\"nom\"><\/div>\n<\/div>\n<div class=\"item\">\n<div class=\"nom\"><strong><span class=\"ficha_txt1\">MATERIAS:<\/span><\/strong><\/div>\n<div class=\"dat\">\n<div class=\"options2\">ESTUDIOS LOCALES Y COMARCALES &gt; Calatayud<\/div>\n<div class=\"options2\">GEOGRAF\u00cdA<\/div>\n<div class=\"options2\">ETNOLOG\u00cdA &gt; Viajes<\/div>\n<\/div>\n<\/div>\n","protected":false},"excerpt":{"rendered":"<p>Comunidad de Calatayud. Monasterio de Piedra, presentaci\u00f3n de Agust\u00edn Sanmiguel Mateo y Jos\u00e9 F. Lajusticia Rubio, CEB, Calatayud, 2004, Centro de Estudios Bilbilitanos, 79, edici\u00f3n facs\u00edmil de la de 1844, 40 p., 5 il., 21&#215;30 cm. ISBN: 84-7820-725-2. Con el &hellip; <a href=\"http:\/\/cebilbilitanos.com\/?page_id=426\">Sigue leyendo <span class=\"meta-nav\">&rarr;<\/span><\/a><\/p>\n","protected":false},"author":1,"featured_media":0,"parent":193,"menu_order":0,"comment_status":"open","ping_status":"open","template":"","meta":[],"_links":{"self":[{"href":"http:\/\/cebilbilitanos.com\/index.php?rest_route=\/wp\/v2\/pages\/426"}],"collection":[{"href":"http:\/\/cebilbilitanos.com\/index.php?rest_route=\/wp\/v2\/pages"}],"about":[{"href":"http:\/\/cebilbilitanos.com\/index.php?rest_route=\/wp\/v2\/types\/page"}],"author":[{"embeddable":true,"href":"http:\/\/cebilbilitanos.com\/index.php?rest_route=\/wp\/v2\/users\/1"}],"replies":[{"embeddable":true,"href":"http:\/\/cebilbilitanos.com\/index.php?rest_route=%2Fwp%2Fv2%2Fcomments&post=426"}],"version-history":[{"count":2,"href":"http:\/\/cebilbilitanos.com\/index.php?rest_route=\/wp\/v2\/pages\/426\/revisions"}],"predecessor-version":[{"id":609,"href":"http:\/\/cebilbilitanos.com\/index.php?rest_route=\/wp\/v2\/pages\/426\/revisions\/609"}],"up":[{"embeddable":true,"href":"http:\/\/cebilbilitanos.com\/index.php?rest_route=\/wp\/v2\/pages\/193"}],"wp:attachment":[{"href":"http:\/\/cebilbilitanos.com\/index.php?rest_route=%2Fwp%2Fv2%2Fmedia&parent=426"}],"curies":[{"name":"wp","href":"https:\/\/api.w.org\/{rel}","templated":true}]}}