{"id":424,"date":"2015-09-13T08:12:14","date_gmt":"2015-09-13T08:12:14","guid":{"rendered":"http:\/\/cebilbilitanos.com\/?page_id=424"},"modified":"2015-09-13T16:52:56","modified_gmt":"2015-09-13T16:52:56","slug":"calatayud-la-ciudad-y-su-entorno-calatayud-en-la-fotografia","status":"publish","type":"page","link":"http:\/\/cebilbilitanos.com\/?page_id=424","title":{"rendered":"Calatayud, la ciudad y su entorno, (Calatayud en la fotograf\u00eda)"},"content":{"rendered":"<div class=\"separator\" style=\"clear: both; text-align: center;\"><a style=\"clear: left; float: left; margin-bottom: 1em; margin-right: 1em;\" href=\"https:\/\/lh6.googleusercontent.com\/-G5LimgSBTvs\/TXNe9S7pEOI\/AAAAAAAAAGA\/O2mL92ZrGPY\/s1600\/_image_th1.jpg\"><img decoding=\"async\" src=\"http:\/\/lh6.googleusercontent.com\/-G5LimgSBTvs\/TXNe9S7pEOI\/AAAAAAAAAGA\/O2mL92ZrGPY\/s1600\/_image_th1.jpg\" alt=\"\" border=\"0\" \/><\/a><\/div>\n<p><b>MICHETO RUIZ DE MORALES, Manuel<\/b>: <i>Calatayud, la ciudad y su entorno, (Calatayud en la fotograf\u00eda)<\/i>, pr\u00f3logo de Agust\u00edn Sanmiguel Mateo, CEB, Calatayud, 2003, Centro de Estudios Bilbilitanos, 78, 76 p., 33 il. en color, 21&#215;30 cm. ISBN: 84-7820-713-9.<\/p>\n<p><span style=\"color: black;\">Este libro forma parte de la colecci\u00f3n Calatayud en la fotograf\u00eda que emprendi\u00f3 hace un par de a\u00f1os el Centro de Estudios Bilbilitanos (CEB), para mostrar la ciudad y sus alrededores pasados por el tamiz del objetivo de diversos artistas gr\u00e1ficos.<\/span><\/p>\n<p><em>Todas las im\u00e1genes que recoge este libro son en color, excepto la que ilustra la portada, en la que se abre una ventana panor\u00e1mica, en blanco y negro, de los montes por los que transcurre el conjunto fortificado isl\u00e1mico de Calatayud.<\/em><\/p>\n<p><em>En la selecci\u00f3n de las im\u00e1genes destacan dos bloques, uno protagonizado por la aridez del entorno, de sus montes de yesos surcados por el Jal\u00f3n y entre los que se amojona el callejero de la ciudad; y otro dominado por las estampas de parajes y casco urbano cubiertos por la nieve.<\/em><\/p>\n<p><em>Desde la est\u00e9tica, sobresale la intenci\u00f3n de Micheto por el juego de luces y sombras, tanto en las amplias panor\u00e1micas como en la b\u00fasqueda del detalle, y presta tambi\u00e9n especial atenci\u00f3n a los cielos que proyectan el tamiz de color sobre la ciudad y sus alrededores. El autor, m\u00e9dico de profesi\u00f3n, fue el fundador del sal\u00f3n de fotograf\u00eda de Calatayud.<\/em><\/p>\n<p>Tomado de: 26\/05\/2004 EL PERIODICO DE ARAG\u00d3N<b style=\"color: red;\"> <\/b><\/p>\n<div class=\"item\">\n<div class=\"nom\"><strong><span class=\"ficha_txt1\">EDICI\u00d3N:<\/span><\/strong><\/div>\n<div class=\"items_block\">\n<ul>\n<li class=\"items_block_nom\"><span class=\"ficha_txt2\">Editado por:\u00a0<\/span><span class=\"normal\">IFC-CEB<\/span><\/li>\n<li class=\"items_block_nom\"><span class=\"ficha_txt2\">Edici\u00f3n:\u00a0<\/span><span class=\"normal\">76 p., il., 21&#215;30 cm, ISBN 84-7820-713-9<\/span><\/li>\n<li class=\"items_block_nom\"><span class=\"ficha_txt2\">A\u00f1o edici\u00f3n:\u00a0<\/span><span class=\"normal\">2003<\/span><\/li>\n<\/ul>\n<\/div>\n<\/div>\n<div class=\"item\">\n<div class=\"nom\"><strong><span class=\"ficha_txt1\">COLECCI\u00d3N:\u00a0<\/span><\/strong><span class=\"normal\">Centro de Estudios Bilbilitanos<\/span><\/div>\n<div class=\"nom\"><\/div>\n<\/div>\n<div class=\"item\">\n<div class=\"nom\"><span class=\"ficha_txt1\"><strong>N\u00ba PUBLICACI\u00d3N:<\/strong>\u00a0<\/span><span class=\"normal\">2389 (IFC) &#8211; 78\u00a0(CEB)<\/span><\/div>\n<div class=\"nom\"><\/div>\n<\/div>\n<div class=\"item\">\n<div class=\"nom\"><span class=\"ficha_txt1\">PRECIO:\u00a0<\/span><span class=\"normal\">9,00 \u20ac<\/span><\/div>\n<div class=\"nom\"><\/div>\n<\/div>\n<div class=\"item\">\n<div class=\"nom\"><strong><span class=\"ficha_txt1\">MATERIAS:<\/span><\/strong><\/div>\n<div class=\"dat\">\n<div class=\"options2\">FOTOGRAF\u00cdA E ILUSTRACIONES<\/div>\n<div class=\"options2\">ESTUDIOS LOCALES Y COMARCALES &gt; Calatayud<\/div>\n<\/div>\n<\/div>\n","protected":false},"excerpt":{"rendered":"<p>MICHETO RUIZ DE MORALES, Manuel: Calatayud, la ciudad y su entorno, (Calatayud en la fotograf\u00eda), pr\u00f3logo de Agust\u00edn Sanmiguel Mateo, CEB, Calatayud, 2003, Centro de Estudios Bilbilitanos, 78, 76 p., 33 il. en color, 21&#215;30 cm. ISBN: 84-7820-713-9. Este libro &hellip; <a href=\"http:\/\/cebilbilitanos.com\/?page_id=424\">Sigue leyendo <span class=\"meta-nav\">&rarr;<\/span><\/a><\/p>\n","protected":false},"author":1,"featured_media":0,"parent":193,"menu_order":0,"comment_status":"open","ping_status":"open","template":"","meta":[],"_links":{"self":[{"href":"http:\/\/cebilbilitanos.com\/index.php?rest_route=\/wp\/v2\/pages\/424"}],"collection":[{"href":"http:\/\/cebilbilitanos.com\/index.php?rest_route=\/wp\/v2\/pages"}],"about":[{"href":"http:\/\/cebilbilitanos.com\/index.php?rest_route=\/wp\/v2\/types\/page"}],"author":[{"embeddable":true,"href":"http:\/\/cebilbilitanos.com\/index.php?rest_route=\/wp\/v2\/users\/1"}],"replies":[{"embeddable":true,"href":"http:\/\/cebilbilitanos.com\/index.php?rest_route=%2Fwp%2Fv2%2Fcomments&post=424"}],"version-history":[{"count":2,"href":"http:\/\/cebilbilitanos.com\/index.php?rest_route=\/wp\/v2\/pages\/424\/revisions"}],"predecessor-version":[{"id":598,"href":"http:\/\/cebilbilitanos.com\/index.php?rest_route=\/wp\/v2\/pages\/424\/revisions\/598"}],"up":[{"embeddable":true,"href":"http:\/\/cebilbilitanos.com\/index.php?rest_route=\/wp\/v2\/pages\/193"}],"wp:attachment":[{"href":"http:\/\/cebilbilitanos.com\/index.php?rest_route=%2Fwp%2Fv2%2Fmedia&parent=424"}],"curies":[{"name":"wp","href":"https:\/\/api.w.org\/{rel}","templated":true}]}}