{"id":418,"date":"2015-09-13T08:05:46","date_gmt":"2015-09-13T08:05:46","guid":{"rendered":"http:\/\/cebilbilitanos.com\/?page_id=418"},"modified":"2015-09-13T16:56:26","modified_gmt":"2015-09-13T16:56:26","slug":"calatayud-otra-mirada","status":"publish","type":"page","link":"http:\/\/cebilbilitanos.com\/?page_id=418","title":{"rendered":"Calatayud, otra mirada"},"content":{"rendered":"<p><a href=\"http:\/\/cebilbilitanos.com\/wp-content\/uploads\/2015\/09\/MACIPE.jpg\"><img decoding=\"async\" loading=\"lazy\" class=\"aligncenter size-full wp-image-419\" src=\"http:\/\/cebilbilitanos.com\/wp-content\/uploads\/2015\/09\/MACIPE.jpg\" alt=\"MACIPE\" width=\"174\" height=\"250\" \/><\/a><\/p>\n<div class=\"item\">\n<div class=\"nom\">\n<p><b>MACIPE ROY, Jes\u00fas<\/b>, <i><a href=\"http:\/\/cebilbilitanos.com\/?page_id=418\">Calatayud, otra mirada<\/a><\/i>,<br \/>\n(Calatayud en la Fotograf\u00eda), pr\u00f3logo de Manuel Micheto Ruiz de Morales, CEB, 2003, Centro Estudios Bilbilitanos, 76, Calatayud (Zaragoza), 76 p. 33 il en color, 21\u00d730 cm. ISBN: 84-7820-705-8.<\/p>\n<\/div>\n<div class=\"nom\"><\/div>\n<\/div>\n<div class=\"item\">\n<div class=\"nom\"><strong><span class=\"ficha_txt1\">EDICI\u00d3N:\u00a0<\/span><\/strong><\/div>\n<div class=\"items_block\">\n<ul>\n<li class=\"items_block_nom\"><span class=\"ficha_txt2\">Editado por:\u00a0<\/span><span class=\"normal\">IFC-CEB<\/span><\/li>\n<li class=\"items_block_nom\"><span class=\"ficha_txt2\">Edici\u00f3n:\u00a0<\/span><span class=\"normal\">76 p., il., 21&#215;30 cm, ISBN 84-7820-705-8<\/span><\/li>\n<li class=\"items_block_nom\"><span class=\"ficha_txt2\">A\u00f1o edici\u00f3n:\u00a0<\/span><span class=\"normal\">2003<\/span><\/li>\n<\/ul>\n<\/div>\n<\/div>\n<div class=\"item\">\n<div class=\"nom\"><span class=\"ficha_txt1\"><strong>N\u00ba PUBLICACI\u00d3N:<\/strong>\u00a0<\/span><span class=\"normal\">2381 (IFC) &#8211; 76 (CEB)<\/span><\/div>\n<div class=\"nom\"><\/div>\n<\/div>\n<div class=\"item\">\n<div class=\"nom\"><span class=\"ficha_txt1\"><strong>PRECIO:<\/strong>\u00a0<\/span><span class=\"normal\">No venal\u00a0<\/span><\/div>\n<div class=\"nom\"><\/div>\n<\/div>\n<div class=\"item\">\n<div class=\"nom\"><strong><span class=\"ficha_txt1\">MATERIAS:<\/span><\/strong><\/div>\n<div class=\"dat\">\n<div class=\"options2\">FOTOGRAF\u00cdA E ILUSTRACIONES<\/div>\n<div class=\"options2\">ESTUDIOS LOCALES Y COMARCALES &gt; Calatayud<\/div>\n<\/div>\n<\/div>\n","protected":false},"excerpt":{"rendered":"<p>MACIPE ROY, Jes\u00fas, Calatayud, otra mirada, (Calatayud en la Fotograf\u00eda), pr\u00f3logo de Manuel Micheto Ruiz de Morales, CEB, 2003, Centro Estudios Bilbilitanos, 76, Calatayud (Zaragoza), 76 p. 33 il en color, 21\u00d730 cm. ISBN: 84-7820-705-8. EDICI\u00d3N:\u00a0 Editado por:\u00a0IFC-CEB Edici\u00f3n:\u00a076 p., &hellip; <a href=\"http:\/\/cebilbilitanos.com\/?page_id=418\">Sigue leyendo <span class=\"meta-nav\">&rarr;<\/span><\/a><\/p>\n","protected":false},"author":1,"featured_media":0,"parent":193,"menu_order":0,"comment_status":"open","ping_status":"open","template":"","meta":[],"_links":{"self":[{"href":"http:\/\/cebilbilitanos.com\/index.php?rest_route=\/wp\/v2\/pages\/418"}],"collection":[{"href":"http:\/\/cebilbilitanos.com\/index.php?rest_route=\/wp\/v2\/pages"}],"about":[{"href":"http:\/\/cebilbilitanos.com\/index.php?rest_route=\/wp\/v2\/types\/page"}],"author":[{"embeddable":true,"href":"http:\/\/cebilbilitanos.com\/index.php?rest_route=\/wp\/v2\/users\/1"}],"replies":[{"embeddable":true,"href":"http:\/\/cebilbilitanos.com\/index.php?rest_route=%2Fwp%2Fv2%2Fcomments&post=418"}],"version-history":[{"count":2,"href":"http:\/\/cebilbilitanos.com\/index.php?rest_route=\/wp\/v2\/pages\/418\/revisions"}],"predecessor-version":[{"id":600,"href":"http:\/\/cebilbilitanos.com\/index.php?rest_route=\/wp\/v2\/pages\/418\/revisions\/600"}],"up":[{"embeddable":true,"href":"http:\/\/cebilbilitanos.com\/index.php?rest_route=\/wp\/v2\/pages\/193"}],"wp:attachment":[{"href":"http:\/\/cebilbilitanos.com\/index.php?rest_route=%2Fwp%2Fv2%2Fmedia&parent=418"}],"curies":[{"name":"wp","href":"https:\/\/api.w.org\/{rel}","templated":true}]}}