{"id":414,"date":"2015-09-13T07:51:52","date_gmt":"2015-09-13T07:51:52","guid":{"rendered":"http:\/\/cebilbilitanos.com\/?page_id=414"},"modified":"2015-09-13T17:25:57","modified_gmt":"2015-09-13T17:25:57","slug":"guia-de-la-ciudad-monumental-de-calatayud","status":"publish","type":"page","link":"http:\/\/cebilbilitanos.com\/?page_id=414","title":{"rendered":"Gu\u00eda de la ciudad monumental de Calatayud"},"content":{"rendered":"<p><a style=\"clear: left; float: left; margin-bottom: 1em; margin-right: 1em;\" href=\"https:\/\/lh4.googleusercontent.com\/-h-kLGoJuQAY\/TXLsmDNVyZI\/AAAAAAAAAF4\/g3u4uXkHQKc\/s1600\/_image_th1.jpg\"><img decoding=\"async\" src=\"http:\/\/lh4.googleusercontent.com\/-h-kLGoJuQAY\/TXLsmDNVyZI\/AAAAAAAAAF4\/g3u4uXkHQKc\/s1600\/_image_th1.jpg\" alt=\"\" border=\"0\" \/><\/a><b>BORR\u00c1S GUALIS, Gonzalo M.; L\u00d3PEZ SAMPEDRO, Germ\u00e1n<\/b>, <i>Gu\u00eda de la ciudad monumental de Calatayud<\/i>, presentaci\u00f3n de Agust\u00edn Sanmiguel Mateo; pr\u00f3logo de Gonzalo M. Borr\u00e1s Gualis, ed. facs\u00edmil de la edici\u00f3n original [Madrid: Ministerio de Educaci\u00f3n y Ciencia, Direcci\u00f3n General de Patrimonio Art\u00edstico y Cultural, 1975], CEB, Calatayud, 2002, Centro de Estudios Bilbilitanos, 73 bis, XVI p.+272 p., 85 il., 3 map., 17&#215;24 cm. ISBN: 84-7820-665-5.<\/p>\n<p>Ed. facs\u00edmil del original de 1975, obra emblem\u00e1tica de la colecci\u00f3n de Gu\u00edas de Ciudades Monumentales de Espa\u00f1a la Direcci\u00f3n General del Patrimonio Art\u00edstico y Cultural de esos a\u00f1os. Se trata de un estudio cl\u00e1sico que mantiene plena vigencia.<\/p>\n<div class=\"item\">\n<div class=\"nom\"><strong><span class=\"ficha_txt1\">EDICI\u00d3N:<\/span><\/strong><\/div>\n<div class=\"items_block\">\n<ul>\n<li class=\"items_block_nom\"><span class=\"ficha_txt2\">Editado por:\u00a0<\/span><span class=\"normal\">IFC-CEB<\/span><\/li>\n<li class=\"items_block_nom\"><span class=\"ficha_txt2\">Edici\u00f3n:\u00a0<\/span><span class=\"normal\">Ed. facs\u00edmil. 288 p., 65 il., 17&#215;24 cm, ISBN 84-7820-665-5<\/span><\/li>\n<li class=\"items_block_nom\"><span class=\"ficha_txt2\">A\u00f1o edici\u00f3n:\u00a0<\/span><span class=\"normal\">2002<\/span><\/li>\n<\/ul>\n<\/div>\n<\/div>\n<div class=\"item\">\n<div class=\"nom\"><strong><span class=\"ficha_txt1\">N\u00ba PUBLICACI\u00d3N:\u00a0<\/span><\/strong><span class=\"normal\">2319\u00a0 (IFC) &#8211; 73 bis\u00a0(CEB)<\/span><\/div>\n<div class=\"nom\"><\/div>\n<\/div>\n<div class=\"item\">\n<div class=\"nom\"><span class=\"ficha_txt1\"><strong>PRECIO:<\/strong>\u00a0<\/span><span class=\"normal\">10,00 \u20ac<\/span><\/div>\n<div class=\"nom\"><\/div>\n<\/div>\n<div class=\"item\">\n<div class=\"nom\"><strong><span class=\"ficha_txt1\">MATERIAS:<\/span><\/strong><\/div>\n<div class=\"dat\">\n<div class=\"options2\">ARTE &gt; Arte. Generalidades<\/div>\n<div class=\"options2\">ESTUDIOS LOCALES Y COMARCALES &gt; Calatayud<\/div>\n<\/div>\n<\/div>\n","protected":false},"excerpt":{"rendered":"<p>BORR\u00c1S GUALIS, Gonzalo M.; L\u00d3PEZ SAMPEDRO, Germ\u00e1n, Gu\u00eda de la ciudad monumental de Calatayud, presentaci\u00f3n de Agust\u00edn Sanmiguel Mateo; pr\u00f3logo de Gonzalo M. Borr\u00e1s Gualis, ed. facs\u00edmil de la edici\u00f3n original [Madrid: Ministerio de Educaci\u00f3n y Ciencia, Direcci\u00f3n General de &hellip; <a href=\"http:\/\/cebilbilitanos.com\/?page_id=414\">Sigue leyendo <span class=\"meta-nav\">&rarr;<\/span><\/a><\/p>\n","protected":false},"author":1,"featured_media":0,"parent":193,"menu_order":0,"comment_status":"open","ping_status":"open","template":"","meta":[],"_links":{"self":[{"href":"http:\/\/cebilbilitanos.com\/index.php?rest_route=\/wp\/v2\/pages\/414"}],"collection":[{"href":"http:\/\/cebilbilitanos.com\/index.php?rest_route=\/wp\/v2\/pages"}],"about":[{"href":"http:\/\/cebilbilitanos.com\/index.php?rest_route=\/wp\/v2\/types\/page"}],"author":[{"embeddable":true,"href":"http:\/\/cebilbilitanos.com\/index.php?rest_route=\/wp\/v2\/users\/1"}],"replies":[{"embeddable":true,"href":"http:\/\/cebilbilitanos.com\/index.php?rest_route=%2Fwp%2Fv2%2Fcomments&post=414"}],"version-history":[{"count":2,"href":"http:\/\/cebilbilitanos.com\/index.php?rest_route=\/wp\/v2\/pages\/414\/revisions"}],"predecessor-version":[{"id":641,"href":"http:\/\/cebilbilitanos.com\/index.php?rest_route=\/wp\/v2\/pages\/414\/revisions\/641"}],"up":[{"embeddable":true,"href":"http:\/\/cebilbilitanos.com\/index.php?rest_route=\/wp\/v2\/pages\/193"}],"wp:attachment":[{"href":"http:\/\/cebilbilitanos.com\/index.php?rest_route=%2Fwp%2Fv2%2Fmedia&parent=414"}],"curies":[{"name":"wp","href":"https:\/\/api.w.org\/{rel}","templated":true}]}}