{"id":408,"date":"2015-09-13T07:44:42","date_gmt":"2015-09-13T07:44:42","guid":{"rendered":"http:\/\/cebilbilitanos.com\/?page_id=408"},"modified":"2015-09-13T16:51:48","modified_gmt":"2015-09-13T16:51:48","slug":"calatayud-aljez-y-luz","status":"publish","type":"page","link":"http:\/\/cebilbilitanos.com\/?page_id=408","title":{"rendered":"Calatayud, aljez y luz"},"content":{"rendered":"<p><a style=\"clear: left; float: left; margin-bottom: 1em; margin-right: 1em;\" href=\"https:\/\/lh3.googleusercontent.com\/-xJL-T76cGHE\/TXLp8h22eMI\/AAAAAAAAAFs\/sVf0uPw7z3U\/s1600\/_image_th1.jpg\"><img decoding=\"async\" src=\"http:\/\/lh3.googleusercontent.com\/-xJL-T76cGHE\/TXLp8h22eMI\/AAAAAAAAAFs\/sVf0uPw7z3U\/s1600\/_image_th1.jpg\" alt=\"\" border=\"0\" \/><\/a><b>SANMIGUEL MATEO, Agust\u00edn<\/b>, textos de Jos\u00e9 Ver\u00f3n Gormaz, <i>Calatayud, aljez y luz<\/i>, CEB, Calatayud, 2001, Centro de Estudios Bilbilitanos, 71, 80 p., 33 il. (32 en color), 21&#215;30 cm (Calatayud en la fotograf\u00eda). ISBN: 84-7820-626-4.<\/p>\n<p>En esta obra re\u00fane Sanmiguel Mateo algunas de sus mejores fotograf\u00edas de Calatayud, que conforman su visi\u00f3n de su paisaje natural, de su paisaje urbano y de su paisanaje. Luz y brumas, color, vida que transcurre en las calles.<\/p>\n<div class=\"item\">\n<div class=\"nom\"><\/div>\n<div class=\"nom\"><\/div>\n<div class=\"nom\"><strong><span class=\"ficha_txt1\">EDICI\u00d3N:<\/span><\/strong><\/div>\n<div class=\"items_block\">\n<ul>\n<li class=\"items_block_nom\"><span class=\"ficha_txt2\">Editado por:\u00a0<\/span><span class=\"normal\">IFC-CEB<\/span><\/li>\n<li class=\"items_block_nom\"><span class=\"ficha_txt2\">Edici\u00f3n:\u00a0<\/span><span class=\"normal\">80 p., principalmente fotograf\u00edas en color, 21&#215;30 cm, ISBN 84-7820-626-4<\/span><\/li>\n<li class=\"items_block_nom\"><span class=\"ficha_txt2\">A\u00f1o edici\u00f3n:\u00a0<\/span><span class=\"normal\">2002<\/span><\/li>\n<\/ul>\n<\/div>\n<\/div>\n<div class=\"item\">\n<div class=\"nom\"><strong><span class=\"ficha_txt1\">COLECCI\u00d3N:\u00a0<\/span><\/strong><span class=\"normal\">Centro de Estudios Bilbilitanos<\/span><\/div>\n<div class=\"nom\"><\/div>\n<\/div>\n<div class=\"item\">\n<div class=\"nom\"><span class=\"ficha_txt1\"><strong>N\u00ba PUBLICACI\u00d3N:<\/strong>\u00a0<\/span><span class=\"normal\">2213 (IFC) &#8211; 71\u00a0(CEB)<\/span><\/div>\n<div class=\"nom\"><\/div>\n<\/div>\n<div class=\"item\">\n<div class=\"nom\"><span class=\"ficha_txt1\"><strong>PRECIO:<\/strong>\u00a0<\/span><span class=\"normal\">No venal<\/span><\/div>\n<div class=\"nom\"><\/div>\n<\/div>\n<div class=\"item\">\n<div class=\"nom\"><strong><span class=\"ficha_txt1\">MATERIAS:<\/span><\/strong><\/div>\n<div class=\"dat\">\n<div class=\"options2\">ESTUDIOS LOCALES Y COMARCALES &gt; Calatayud<\/div>\n<div class=\"options2\">VARIOS. MISCEL\u00c1NEAS<\/div>\n<div class=\"options2\">FOTOGRAF\u00cdA<\/div>\n<\/div>\n<\/div>\n","protected":false},"excerpt":{"rendered":"<p>SANMIGUEL MATEO, Agust\u00edn, textos de Jos\u00e9 Ver\u00f3n Gormaz, Calatayud, aljez y luz, CEB, Calatayud, 2001, Centro de Estudios Bilbilitanos, 71, 80 p., 33 il. (32 en color), 21&#215;30 cm (Calatayud en la fotograf\u00eda). ISBN: 84-7820-626-4. En esta obra re\u00fane Sanmiguel &hellip; <a href=\"http:\/\/cebilbilitanos.com\/?page_id=408\">Sigue leyendo <span class=\"meta-nav\">&rarr;<\/span><\/a><\/p>\n","protected":false},"author":1,"featured_media":0,"parent":193,"menu_order":0,"comment_status":"open","ping_status":"open","template":"","meta":[],"_links":{"self":[{"href":"http:\/\/cebilbilitanos.com\/index.php?rest_route=\/wp\/v2\/pages\/408"}],"collection":[{"href":"http:\/\/cebilbilitanos.com\/index.php?rest_route=\/wp\/v2\/pages"}],"about":[{"href":"http:\/\/cebilbilitanos.com\/index.php?rest_route=\/wp\/v2\/types\/page"}],"author":[{"embeddable":true,"href":"http:\/\/cebilbilitanos.com\/index.php?rest_route=\/wp\/v2\/users\/1"}],"replies":[{"embeddable":true,"href":"http:\/\/cebilbilitanos.com\/index.php?rest_route=%2Fwp%2Fv2%2Fcomments&post=408"}],"version-history":[{"count":2,"href":"http:\/\/cebilbilitanos.com\/index.php?rest_route=\/wp\/v2\/pages\/408\/revisions"}],"predecessor-version":[{"id":595,"href":"http:\/\/cebilbilitanos.com\/index.php?rest_route=\/wp\/v2\/pages\/408\/revisions\/595"}],"up":[{"embeddable":true,"href":"http:\/\/cebilbilitanos.com\/index.php?rest_route=\/wp\/v2\/pages\/193"}],"wp:attachment":[{"href":"http:\/\/cebilbilitanos.com\/index.php?rest_route=%2Fwp%2Fv2%2Fmedia&parent=408"}],"curies":[{"name":"wp","href":"https:\/\/api.w.org\/{rel}","templated":true}]}}