{"id":406,"date":"2015-09-13T07:42:14","date_gmt":"2015-09-13T07:42:14","guid":{"rendered":"http:\/\/cebilbilitanos.com\/?page_id=406"},"modified":"2015-09-13T16:50:56","modified_gmt":"2015-09-13T16:50:56","slug":"calatayud-a-finales-del-siglo-xvi-y-principios-del-xvii-1570-1610-la-configuracion-de-una-sociedad-barroca","status":"publish","type":"page","link":"http:\/\/cebilbilitanos.com\/?page_id=406","title":{"rendered":"Calatayud a finales del siglo XVI y principios del XVII (1570-1610). La configuraci\u00f3n de una sociedad barroca"},"content":{"rendered":"<p><a style=\"clear: left; float: left; margin-bottom: 1em; margin-right: 1em;\" href=\"https:\/\/lh5.googleusercontent.com\/-MkR63qvv9Dk\/TXLpLokkP0I\/AAAAAAAAAFo\/VHdjWqEaoi8\/s1600\/_image_th1.jpg\"><img decoding=\"async\" src=\"http:\/\/lh5.googleusercontent.com\/-MkR63qvv9Dk\/TXLpLokkP0I\/AAAAAAAAAFo\/VHdjWqEaoi8\/s1600\/_image_th1.jpg\" alt=\"\" border=\"0\" \/><\/a><b>URZAY BARRIOS, Jos\u00e9 \u00c1ngel; SANG\u00dcESA GARC\u00c9S, Antonio y IBARRA CASTELLANO, Isabel<\/b>, <i>Calatayud a finales del siglo XVI y principios del XVII (1570-1610). La configuraci\u00f3n de una sociedad barroca<\/i> , CEB, Calatayud, 2001, Centro de Estudios Bilbilitanos, 70, 384 p., 28 il., 1 map., 17&#215;24 cm. ISBN: 84-7820-617-5.<\/p>\n<p>A finales del XVI Calatayud es una ciudad pujante, que aumenta sin cesar su poblaci\u00f3n, renovada en su estructura urbana y en sus edificios m\u00e1s significativos, situada en el centro de importantes acontecimientos hist\u00f3ricos. Hay ciudades que casi no experimentan cambios durante siglos, pero que en apenas unas d\u00e9cadas se ven transformadas. \u00c9ste fue el caso de Calatayud en este periodo hist\u00f3rico. La prosperidad econ\u00f3mica renov\u00f3 la ciudad, y Trento transform\u00f3 la religiosidad, con la llegada de los jesuitas y los descalzos, que contribuyeron a configurar la sociedad barroca espa\u00f1ola del momento. Adem\u00e1s, la ciudad sali\u00f3 airosa del fugaz paso de Antonio P\u00e9rez, reforzada con la visita del rey Felipe III y dignificada con el patronazgo de San \u00cd\u00f1igo. La expulsi\u00f3n de los moriscos en 1610 y la integraci\u00f3n de las familias conversas y de la gente venida del norte peninsular homogeneizar\u00e1n la sociedad de Calatayud en el XVII.<\/p>\n<div class=\"item\">\n<div class=\"nom\"><strong><span class=\"ficha_txt1\">EDICI\u00d3N:\u00a0<\/span><\/strong><\/div>\n<div class=\"items_block\">\n<ul>\n<li class=\"items_block_nom\"><span class=\"ficha_txt2\">Editado por:\u00a0<\/span><span class=\"normal\">IFC-CEB<\/span><\/li>\n<li class=\"items_block_nom\"><span class=\"ficha_txt2\">Edici\u00f3n:\u00a0<\/span><span class=\"normal\">386 p., 28 il., 1 mapa, 17&#215;24 cm, ISBN 84-7820-617-5<\/span><\/li>\n<li class=\"items_block_nom\"><span class=\"ficha_txt2\">A\u00f1o edici\u00f3n:\u00a0<\/span><span class=\"normal\">2001<\/span><\/li>\n<\/ul>\n<\/div>\n<\/div>\n<div class=\"item\">\n<div class=\"nom\"><strong><span class=\"ficha_txt1\">COLECCI\u00d3N:\u00a0<\/span><\/strong><span class=\"normal\">Centro de Estudios Bilbilitanos<\/span><\/div>\n<div class=\"nom\"><\/div>\n<\/div>\n<div class=\"item\">\n<div class=\"nom\"><span class=\"ficha_txt1\"><strong>N\u00ba PUBLICACI\u00d3N:<\/strong>\u00a0<\/span><span class=\"normal\">2198 (IFC) &#8211; 70\u00a0(CEB)<\/span><\/div>\n<div class=\"nom\"><\/div>\n<\/div>\n<div class=\"item\">\n<div class=\"nom\"><span class=\"ficha_txt1\"><strong>PRECIO:<\/strong>\u00a0<\/span><span class=\"normal\">12,00 \u20ac<\/span><\/div>\n<div class=\"nom\"><\/div>\n<\/div>\n<div class=\"item\">\n<div class=\"nom\"><strong><span class=\"ficha_txt1\">MATERIAS:<\/span><\/strong><\/div>\n<div class=\"dat\">\n<div class=\"options2\">HISTORIA &gt; Historia moderna<\/div>\n<div class=\"options2\">ESTUDIOS LOCALES Y COMARCALES &gt; Calatayud<\/div>\n<\/div>\n<\/div>\n","protected":false},"excerpt":{"rendered":"<p>URZAY BARRIOS, Jos\u00e9 \u00c1ngel; SANG\u00dcESA GARC\u00c9S, Antonio y IBARRA CASTELLANO, Isabel, Calatayud a finales del siglo XVI y principios del XVII (1570-1610). La configuraci\u00f3n de una sociedad barroca , CEB, Calatayud, 2001, Centro de Estudios Bilbilitanos, 70, 384 p., 28 &hellip; <a href=\"http:\/\/cebilbilitanos.com\/?page_id=406\">Sigue leyendo <span class=\"meta-nav\">&rarr;<\/span><\/a><\/p>\n","protected":false},"author":1,"featured_media":0,"parent":193,"menu_order":0,"comment_status":"open","ping_status":"open","template":"","meta":[],"_links":{"self":[{"href":"http:\/\/cebilbilitanos.com\/index.php?rest_route=\/wp\/v2\/pages\/406"}],"collection":[{"href":"http:\/\/cebilbilitanos.com\/index.php?rest_route=\/wp\/v2\/pages"}],"about":[{"href":"http:\/\/cebilbilitanos.com\/index.php?rest_route=\/wp\/v2\/types\/page"}],"author":[{"embeddable":true,"href":"http:\/\/cebilbilitanos.com\/index.php?rest_route=\/wp\/v2\/users\/1"}],"replies":[{"embeddable":true,"href":"http:\/\/cebilbilitanos.com\/index.php?rest_route=%2Fwp%2Fv2%2Fcomments&post=406"}],"version-history":[{"count":2,"href":"http:\/\/cebilbilitanos.com\/index.php?rest_route=\/wp\/v2\/pages\/406\/revisions"}],"predecessor-version":[{"id":593,"href":"http:\/\/cebilbilitanos.com\/index.php?rest_route=\/wp\/v2\/pages\/406\/revisions\/593"}],"up":[{"embeddable":true,"href":"http:\/\/cebilbilitanos.com\/index.php?rest_route=\/wp\/v2\/pages\/193"}],"wp:attachment":[{"href":"http:\/\/cebilbilitanos.com\/index.php?rest_route=%2Fwp%2Fv2%2Fmedia&parent=406"}],"curies":[{"name":"wp","href":"https:\/\/api.w.org\/{rel}","templated":true}]}}