{"id":397,"date":"2015-09-13T07:28:16","date_gmt":"2015-09-13T07:28:16","guid":{"rendered":"http:\/\/cebilbilitanos.com\/?page_id=397"},"modified":"2015-09-13T17:40:24","modified_gmt":"2015-09-13T17:40:24","slug":"la-pasion-en-la-colegiata-del-santo-sepulcro-de-calatayud","status":"publish","type":"page","link":"http:\/\/cebilbilitanos.com\/?page_id=397","title":{"rendered":"La Pasi\u00f3n en la colegiata del Santo Sepulcro de Calatayud"},"content":{"rendered":"<p><a style=\"clear: left; float: left; margin-bottom: 1em; margin-right: 1em;\" href=\"https:\/\/lh5.googleusercontent.com\/-u-k0ylx_ZM4\/TXLjBeWV4qI\/AAAAAAAAAFc\/pgxHFWK95oc\/s1600\/cat_66a.jpg\"><img decoding=\"async\" src=\"http:\/\/lh5.googleusercontent.com\/-u-k0ylx_ZM4\/TXLjBeWV4qI\/AAAAAAAAAFc\/pgxHFWK95oc\/s1600\/cat_66a.jpg\" alt=\"\" border=\"0\" \/><\/a><i>La Pasi\u00f3n en la colegiata del Santo Sepulcro de Calatayud<\/i>, Calatayud, 2000, Centro de Estudios Bilbilitanos, 66, 1 v\u00eddeo de 34 minutos de duraci\u00f3n.<\/p>\n<p><b>Sin\u00f3psis<\/b>: Un recorrido art\u00edstico de La Pasi\u00f3n de Jesucristo, a trav\u00e9s de los retablos, del siglo XVII, obra de los escultores Francisco del Condado, Juan de Velasco y Bernab\u00e9 de J\u00e1uregui, que se conservan en la colegiata del Santo Sepulcro de Calatayud. El v\u00eddeo es una adaptaci\u00f3n del reportaje fotogr\u00e1fico realizado en 1995 y proyectado como audiovisual. Fue precedido de otro similar hecho en 1982 por el mismo autor.<\/p>\n<div class=\"item\">\n<div class=\"nom\"><strong><span class=\"ficha_txt1\">EDICI\u00d3N:<\/span><\/strong><\/div>\n<div class=\"items_block\">\n<ul>\n<li class=\"items_block_nom\"><span class=\"ficha_txt2\">Editado por:\u00a0<\/span><span class=\"normal\">IFC-CEB<\/span><\/li>\n<li class=\"items_block_nom\"><span class=\"ficha_txt2\">Edici\u00f3n:\u00a0<\/span><span class=\"normal\">1 v\u00eddeo de 34 minutos.<\/span><\/li>\n<li class=\"items_block_nom\"><span class=\"ficha_txt2\">A\u00f1o edici\u00f3n:\u00a0<\/span><span class=\"normal\">2000<\/span><\/li>\n<\/ul>\n<div class=\"items_block_nom\"><strong><span class=\"ficha_txt1\">COLECCI\u00d3N:\u00a0<\/span><\/strong><span class=\"normal\">Centro de Estudios Bilbilitanos<\/span><\/div>\n<\/div>\n<\/div>\n<div class=\"item\"><\/div>\n<div class=\"item\">\n<div class=\"nom\"><span class=\"ficha_txt1\"><strong>N\u00ba PUBLICACI\u00d3N:<\/strong>\u00a0<\/span><span class=\"normal\">2120 (IFC) &#8211; 66\u00a0(CEB)<\/span><\/div>\n<div class=\"nom\"><\/div>\n<\/div>\n<div class=\"item\">\n<div class=\"nom\"><strong><span class=\"ficha_txt1\">PRECIO:\u00a0<\/span><\/strong><span class=\"normal\">Agotado<\/span><\/div>\n<div class=\"nom\"><\/div>\n<\/div>\n<div class=\"item\">\n<div class=\"nom\"><strong><span class=\"ficha_txt1\">MATERIAS:<\/span><\/strong><\/div>\n<div class=\"dat\">\n<div class=\"options2\">ETNOLOG\u00cdA y ANTROPOLOG\u00cdA. FILOSOF\u00cdA. RELIGI\u00d3N &gt; Religi\u00f3n<\/div>\n<div class=\"options2\">ESTUDIOS LOCALES Y COMARCALES &gt; Calatayud<\/div>\n<\/div>\n<\/div>\n","protected":false},"excerpt":{"rendered":"<p>La Pasi\u00f3n en la colegiata del Santo Sepulcro de Calatayud, Calatayud, 2000, Centro de Estudios Bilbilitanos, 66, 1 v\u00eddeo de 34 minutos de duraci\u00f3n. Sin\u00f3psis: Un recorrido art\u00edstico de La Pasi\u00f3n de Jesucristo, a trav\u00e9s de los retablos, del siglo &hellip; <a href=\"http:\/\/cebilbilitanos.com\/?page_id=397\">Sigue leyendo <span class=\"meta-nav\">&rarr;<\/span><\/a><\/p>\n","protected":false},"author":1,"featured_media":0,"parent":193,"menu_order":0,"comment_status":"open","ping_status":"open","template":"","meta":[],"_links":{"self":[{"href":"http:\/\/cebilbilitanos.com\/index.php?rest_route=\/wp\/v2\/pages\/397"}],"collection":[{"href":"http:\/\/cebilbilitanos.com\/index.php?rest_route=\/wp\/v2\/pages"}],"about":[{"href":"http:\/\/cebilbilitanos.com\/index.php?rest_route=\/wp\/v2\/types\/page"}],"author":[{"embeddable":true,"href":"http:\/\/cebilbilitanos.com\/index.php?rest_route=\/wp\/v2\/users\/1"}],"replies":[{"embeddable":true,"href":"http:\/\/cebilbilitanos.com\/index.php?rest_route=%2Fwp%2Fv2%2Fcomments&post=397"}],"version-history":[{"count":2,"href":"http:\/\/cebilbilitanos.com\/index.php?rest_route=\/wp\/v2\/pages\/397\/revisions"}],"predecessor-version":[{"id":659,"href":"http:\/\/cebilbilitanos.com\/index.php?rest_route=\/wp\/v2\/pages\/397\/revisions\/659"}],"up":[{"embeddable":true,"href":"http:\/\/cebilbilitanos.com\/index.php?rest_route=\/wp\/v2\/pages\/193"}],"wp:attachment":[{"href":"http:\/\/cebilbilitanos.com\/index.php?rest_route=%2Fwp%2Fv2%2Fmedia&parent=397"}],"curies":[{"name":"wp","href":"https:\/\/api.w.org\/{rel}","templated":true}]}}