{"id":392,"date":"2015-09-13T07:18:25","date_gmt":"2015-09-13T07:18:25","guid":{"rendered":"http:\/\/cebilbilitanos.com\/?page_id=392"},"modified":"2015-09-13T17:50:51","modified_gmt":"2015-09-13T17:50:51","slug":"paisajes-urbanos-de-calatayud-1-a-reimpresion","status":"publish","type":"page","link":"http:\/\/cebilbilitanos.com\/?page_id=392","title":{"rendered":"Paisajes urbanos de Calatayud (1.\u00aa reimpresi\u00f3n)"},"content":{"rendered":"<p><a style=\"clear: left; float: left; margin-bottom: 1em; margin-right: 1em;\" href=\"https:\/\/lh6.googleusercontent.com\/-9to4ym_n5oI\/TXLgg2b49jI\/AAAAAAAAAFU\/xv_PhWcOgek\/s1600\/cat_22.jpg\"><img decoding=\"async\" src=\"http:\/\/lh6.googleusercontent.com\/-9to4ym_n5oI\/TXLgg2b49jI\/AAAAAAAAAFU\/xv_PhWcOgek\/s1600\/cat_22.jpg\" alt=\"\" border=\"0\" \/><\/a><b>MELERO MATEO, Juan Cruz<\/b>, <i>Paisajes urbanos de Calatayud<\/i> (1.\u00aa reimpresi\u00f3n), pr\u00f3logo de Ildefonso-Manuel Gil, ilustraciones de Juan Melero Mateo, CEB, Calatayud, 1999, Centro de Estudios Bilbilitanos, 64, 19 p., 15 il., 20&#215;36 cm. ISBN: 84-00-06248-5.<\/p>\n<p><b>Presentaci\u00f3n<\/b>:<\/p>\n<p>Esta es la suma de las quince contemplaciones de Calatayud que Juan Cruz Melero ha perennizado en su gran arte, riguroso en el trazo y rico de entra\u00f1ados temblores emotivos. Arte tan profundo y sutil, que puede pintar tiempos, silencios y melancol\u00edas haci\u00e9ndolos tan visibles com las piedras, los ladrillos o los metales, y tan insignificantes como esos \u00e1rboles que en armon\u00eda y contrasta contemplan o subrayan la belleza de algunos de estos hermosos parajes urbanos&#8230;\u00bb<\/p>\n<div class=\"item\">\n<div class=\"nom\"><strong><span class=\"ficha_txt1\">NOTAS:<\/span><\/strong><\/div>\n<div class=\"dat\"><span class=\"normal\">15 l\u00e1minas de de Juan Cruz Melero Mateo. Pr\u00f3logo de Ildefonso-Manuel Gil.<\/span><\/div>\n<div class=\"dat\"><\/div>\n<\/div>\n<div class=\"item\">\n<div class=\"nom\"><strong><span class=\"ficha_txt1\">EDICI\u00d3N:<\/span><\/strong><\/div>\n<div class=\"items_block\">\n<ul>\n<li class=\"items_block_nom\"><span class=\"ficha_txt2\">Editado por:\u00a0<\/span><span class=\"normal\">IFC-CEB<\/span><\/li>\n<li class=\"items_block_nom\"><span class=\"ficha_txt2\">Edici\u00f3n:\u00a0<\/span><span class=\"normal\">1\u00aa reimpresi\u00f3n; 19 p., 15 il., 20&#215;36 cm.<\/span><\/li>\n<li class=\"items_block_nom\"><span class=\"ficha_txt2\">A\u00f1o edici\u00f3n:\u00a0<\/span><span class=\"normal\">1999<\/span><\/li>\n<\/ul>\n<\/div>\n<\/div>\n<div class=\"item\">\n<div class=\"nom\"><strong><span class=\"ficha_txt1\">COLECCI\u00d3N:\u00a0<\/span><\/strong><span class=\"normal\">Centro de Estudios Bilbilitanos<\/span><\/div>\n<div class=\"nom\"><\/div>\n<\/div>\n<div class=\"item\">\n<div class=\"nom\"><span class=\"ficha_txt1\"><strong>N\u00ba PUBLICACI\u00d3N:<\/strong>\u00a0<\/span><span class=\"normal\">2046 (IFC) &#8211; 64\u00a0(CEB)<\/span><\/div>\n<div class=\"nom\"><\/div>\n<\/div>\n<div class=\"item\">\n<div class=\"nom\"><span class=\"ficha_txt1\"><strong>PRECIO:<\/strong>\u00a0<\/span><span class=\"normal\">No venal<\/span><\/div>\n<div class=\"dat\"><\/div>\n<\/div>\n<div class=\"item\">\n<div class=\"nom\"><strong><span class=\"ficha_txt1\">MATERIAS:<\/span><\/strong><\/div>\n<div class=\"dat\">\n<div class=\"options2\">ARQUITECTURA y URBANISMO &gt; Urbanismo<\/div>\n<div class=\"options2\">FOTOGRAF\u00cdA E ILUSTRACIONES<\/div>\n<div class=\"options2\">ESTUDIOS LOCALES Y COMARCALES &gt; Calatayud<\/div>\n<\/div>\n<\/div>\n","protected":false},"excerpt":{"rendered":"<p>MELERO MATEO, Juan Cruz, Paisajes urbanos de Calatayud (1.\u00aa reimpresi\u00f3n), pr\u00f3logo de Ildefonso-Manuel Gil, ilustraciones de Juan Melero Mateo, CEB, Calatayud, 1999, Centro de Estudios Bilbilitanos, 64, 19 p., 15 il., 20&#215;36 cm. ISBN: 84-00-06248-5. Presentaci\u00f3n: Esta es la suma &hellip; <a href=\"http:\/\/cebilbilitanos.com\/?page_id=392\">Sigue leyendo <span class=\"meta-nav\">&rarr;<\/span><\/a><\/p>\n","protected":false},"author":1,"featured_media":0,"parent":193,"menu_order":0,"comment_status":"open","ping_status":"open","template":"","meta":[],"_links":{"self":[{"href":"http:\/\/cebilbilitanos.com\/index.php?rest_route=\/wp\/v2\/pages\/392"}],"collection":[{"href":"http:\/\/cebilbilitanos.com\/index.php?rest_route=\/wp\/v2\/pages"}],"about":[{"href":"http:\/\/cebilbilitanos.com\/index.php?rest_route=\/wp\/v2\/types\/page"}],"author":[{"embeddable":true,"href":"http:\/\/cebilbilitanos.com\/index.php?rest_route=\/wp\/v2\/users\/1"}],"replies":[{"embeddable":true,"href":"http:\/\/cebilbilitanos.com\/index.php?rest_route=%2Fwp%2Fv2%2Fcomments&post=392"}],"version-history":[{"count":2,"href":"http:\/\/cebilbilitanos.com\/index.php?rest_route=\/wp\/v2\/pages\/392\/revisions"}],"predecessor-version":[{"id":681,"href":"http:\/\/cebilbilitanos.com\/index.php?rest_route=\/wp\/v2\/pages\/392\/revisions\/681"}],"up":[{"embeddable":true,"href":"http:\/\/cebilbilitanos.com\/index.php?rest_route=\/wp\/v2\/pages\/193"}],"wp:attachment":[{"href":"http:\/\/cebilbilitanos.com\/index.php?rest_route=%2Fwp%2Fv2%2Fmedia&parent=392"}],"curies":[{"name":"wp","href":"https:\/\/api.w.org\/{rel}","templated":true}]}}