{"id":376,"date":"2015-09-13T06:59:27","date_gmt":"2015-09-13T06:59:27","guid":{"rendered":"http:\/\/cebilbilitanos.com\/?page_id=376"},"modified":"2015-09-13T18:05:16","modified_gmt":"2015-09-13T18:05:16","slug":"torres-de-ascendencia-islamica-en-las-comarcas-de-calatayud-y-daroca","status":"publish","type":"page","link":"http:\/\/cebilbilitanos.com\/?page_id=376","title":{"rendered":"Torres de ascendencia isl\u00e1mica en las comarcas de Calatayud y Daroca"},"content":{"rendered":"<div class=\"separator\" style=\"clear: both; text-align: center;\"><a style=\"clear: left; float: left; margin-bottom: 1em; margin-right: 1em;\" href=\"https:\/\/lh5.googleusercontent.com\/-j8Wmb13-ErQ\/TXLZ7PbitJI\/AAAAAAAAAFA\/y8k54alMvPc\/s1600\/_image_th1.jpg\"><img decoding=\"async\" src=\"http:\/\/lh5.googleusercontent.com\/-j8Wmb13-ErQ\/TXLZ7PbitJI\/AAAAAAAAAFA\/y8k54alMvPc\/s1600\/_image_th1.jpg\" alt=\"\" border=\"0\" \/><\/a><\/div>\n<p><b>SANMIGUEL MATEO, Agust\u00edn<\/b>:<i> Torres de ascendencia isl\u00e1mica en las comarcas de Calatayud y Daroca<\/i>, CEB, Calatayud, 1998, Centro de Estudios Bilbilitanos, 57, 540 p., 356 il., 6 map., 17&#215;24 cm. ISBN: 84-7820-391-5.<\/p>\n<p><b>Sinopsis<\/b>: Las torres mud\u00e9jares, herencia art\u00edstica del Islam, son, tal vez por su singularidad, lo m\u00e1s emblem\u00e1tico del patrimonio arquitect\u00f3nico aragon\u00e9s. En las comarcas de Calatayud y de Daroca, adem\u00e1s de concentrarse buena parte de estas torres, es donde se hallan la mayor diversidad estructural y decorativa, y tambi\u00e9n los ejemplos m\u00e1s antiguos. Se propone aqu\u00ed que quiz\u00e1 algunas de estas torres fueron edificadas como alminares, y que posiblemente parte de sus caracter\u00edsticas se deban a influencia oriental.<\/p>\n<p><b>Abstrat<\/b>: In the West of the Autonomous Community of Aragon (Spain), in the areas of Calatayud and Daroca, there are left numerous and important constructions, mainly castles and churches, which are legacy of the long presence of Muslim people in this land, not only from Islamic times (VIIIth to XIIth centuries), but also from Christian times (XIIth to XVIIth centuries).<\/p>\n<p>Only towers are studied here, specially those with a religious function, presently all of them church bell towers.<\/p>\n<p>Firstly, their characteristics, such as materials, structure and decoration are treated at large, secondly, they are analyzed individually, classified in several groups. Several towers not mentioned in generalist works are\u00a0 introduced, considering, also, the possibility that some of them be, partly at least, re-utilized minarets: in other words, that is before 1120, date in which the Christian conquest took place.<\/p>\n<p>In that case, against the commonly accepted idea, it would be very likely that many of the singular characteristic of Islamic ascent&#8217;s art in Aragon, which is known as \u00abAragonese mud\u00e9jar art\u00bb, be not a result of North African influence, from Almohade epoch (XIIth and XIIIth centuries), but rather Oriental, from Irani area, and from Abbasid, Buyid and, specially, Seldjucid epoch (IXth to XIIth centuries). Later artistic influence ot the Arab kingdom of Zaragoza in al-Magrib, is sufficiently proven, both for Almoravid and Almohade times.<\/p>\n<p>In any way -and though so far it is not possible to fix with absolute accuracy its chronolgy, which will in the future be determined with new methods- there is no doubt about the historical and artistic interest of these towers, emblematic testimony of the Islamic past of Aragon.<\/p>\n<div class=\"item\">\n<div class=\"nom\"><strong><span class=\"ficha_txt1\">EDICI\u00d3N:<\/span><\/strong><\/div>\n<div class=\"items_block\">\n<ul>\n<li class=\"items_block_nom\"><span class=\"ficha_txt2\">Editado por:\u00a0<\/span><span class=\"normal\">IFC-CEB<\/span><\/li>\n<li class=\"items_block_nom\"><span class=\"ficha_txt2\">Edici\u00f3n:\u00a0<\/span><span class=\"normal\">540 p., 356 il., 6 mapas, 17&#215;24 cm, ISBN 84-7820-391-5<\/span><\/li>\n<li class=\"items_block_nom\"><span class=\"ficha_txt2\">A\u00f1o edici\u00f3n:\u00a0<\/span><span class=\"normal\">1998<\/span><\/li>\n<\/ul>\n<\/div>\n<\/div>\n<div class=\"item\">\n<div class=\"nom\"><span class=\"ficha_txt1\"><strong>COLECCI\u00d3N:<\/strong>\u00a0<\/span><span class=\"normal\">Centro de Estudios Bilbilitanos<\/span><\/div>\n<div class=\"nom\"><\/div>\n<\/div>\n<div class=\"item\">\n<div class=\"nom\"><strong><span class=\"ficha_txt1\">N\u00ba PUBLICACI\u00d3N:\u00a0<\/span><\/strong><span class=\"normal\">1878\u00a0 (IFC) &#8211; 57\u00a0(CEB)<\/span><\/div>\n<div class=\"nom\"><\/div>\n<\/div>\n<div class=\"item\">\n<div class=\"nom\"><span class=\"ficha_txt1\"><strong>PRECIO:<\/strong>\u00a0<\/span><span class=\"normal\">18,00 \u20ac<\/span><\/div>\n<div class=\"nom\"><\/div>\n<\/div>\n<div class=\"item\">\n<div class=\"nom\"><strong><span class=\"ficha_txt1\">MATERIAS:<\/span><\/strong><\/div>\n<div class=\"dat\">\n<div class=\"options2\">ARTE &gt; Arte mud\u00e9jar<\/div>\n<div class=\"options2\">ESTUDIOS LOCALES Y COMARCALES &gt; Calatayud<\/div>\n<div class=\"options2\">ESTUDIOS LOCALES Y COMARCALES &gt; Daroca<\/div>\n<\/div>\n<\/div>\n","protected":false},"excerpt":{"rendered":"<p>SANMIGUEL MATEO, Agust\u00edn: Torres de ascendencia isl\u00e1mica en las comarcas de Calatayud y Daroca, CEB, Calatayud, 1998, Centro de Estudios Bilbilitanos, 57, 540 p., 356 il., 6 map., 17&#215;24 cm. ISBN: 84-7820-391-5. Sinopsis: Las torres mud\u00e9jares, herencia art\u00edstica del Islam, &hellip; <a href=\"http:\/\/cebilbilitanos.com\/?page_id=376\">Sigue leyendo <span class=\"meta-nav\">&rarr;<\/span><\/a><\/p>\n","protected":false},"author":1,"featured_media":0,"parent":193,"menu_order":0,"comment_status":"open","ping_status":"open","template":"","meta":[],"_links":{"self":[{"href":"http:\/\/cebilbilitanos.com\/index.php?rest_route=\/wp\/v2\/pages\/376"}],"collection":[{"href":"http:\/\/cebilbilitanos.com\/index.php?rest_route=\/wp\/v2\/pages"}],"about":[{"href":"http:\/\/cebilbilitanos.com\/index.php?rest_route=\/wp\/v2\/types\/page"}],"author":[{"embeddable":true,"href":"http:\/\/cebilbilitanos.com\/index.php?rest_route=\/wp\/v2\/users\/1"}],"replies":[{"embeddable":true,"href":"http:\/\/cebilbilitanos.com\/index.php?rest_route=%2Fwp%2Fv2%2Fcomments&post=376"}],"version-history":[{"count":2,"href":"http:\/\/cebilbilitanos.com\/index.php?rest_route=\/wp\/v2\/pages\/376\/revisions"}],"predecessor-version":[{"id":704,"href":"http:\/\/cebilbilitanos.com\/index.php?rest_route=\/wp\/v2\/pages\/376\/revisions\/704"}],"up":[{"embeddable":true,"href":"http:\/\/cebilbilitanos.com\/index.php?rest_route=\/wp\/v2\/pages\/193"}],"wp:attachment":[{"href":"http:\/\/cebilbilitanos.com\/index.php?rest_route=%2Fwp%2Fv2%2Fmedia&parent=376"}],"curies":[{"name":"wp","href":"https:\/\/api.w.org\/{rel}","templated":true}]}}