{"id":357,"date":"2015-09-12T18:22:10","date_gmt":"2015-09-12T18:22:10","guid":{"rendered":"http:\/\/cebilbilitanos.com\/?page_id=357"},"modified":"2015-09-13T17:41:36","modified_gmt":"2015-09-13T17:41:36","slug":"la-real-hermandad-de-la-piedad-500-anos-de-historia","status":"publish","type":"page","link":"http:\/\/cebilbilitanos.com\/?page_id=357","title":{"rendered":"La Real Hermandad de la Piedad. 500 a\u00f1os de historia"},"content":{"rendered":"<p><a href=\"http:\/\/cebilbilitanos.com\/wp-content\/uploads\/2015\/09\/image_th1-7.jpg\"><img decoding=\"async\" loading=\"lazy\" class=\"aligncenter size-full wp-image-358\" src=\"http:\/\/cebilbilitanos.com\/wp-content\/uploads\/2015\/09\/image_th1-7.jpg\" alt=\"_image_th1 (7)\" width=\"178\" height=\"250\" \/><\/a><\/p>\n<p><b>L\u00d3PEZ GRACIA, Jos\u00e9 Mar\u00eda<\/b>,<i> La Real Hermandad de la Piedad. 500 a\u00f1os de historia<\/i>, CEB, Calatayud, 1996, Centro de Estudios Bilbilitanos, 52, 40 p., 8 il., 21&#215;30 cm. ISBN: 84-7820-315-X.<\/p>\n<p><b>Pr\u00f3logo<\/b>: \u00ab&#8230; En este estudio se nos habla de la Hermandad de la Piedad, la noble y caritativa instituci\u00f3n de simientes cristianas, marcada tambi\u00e9n con fuertes perfiles sociales. Son 500 a\u00f1os de rodaje silencioso y eficaz los que han ido dejando atr\u00e1s en beneficio de los bilbilitanos m\u00e1s pobres, con mayor soledad y m\u00e1s necesitados de samaritanos compasivos&#8230;\u00bb<\/p>\n<div class=\"item\">\n<div class=\"nom\"><strong><span class=\"ficha_txt1\">EDICI\u00d3N:<\/span><\/strong><\/div>\n<div class=\"items_block\">\n<ul>\n<li class=\"items_block_nom\"><span class=\"ficha_txt2\">Editado por:\u00a0<\/span><span class=\"normal\">IFC-CEB<\/span><\/li>\n<li class=\"items_block_nom\"><span class=\"ficha_txt2\">Edici\u00f3n:\u00a0<\/span><span class=\"normal\">40 p., 8 il., 21&#215;30 cm, ISBN 84-7820-315-X<\/span><\/li>\n<li class=\"items_block_nom\"><span class=\"ficha_txt2\">A\u00f1o edici\u00f3n:\u00a0<\/span><span class=\"normal\">1996<\/span><\/li>\n<\/ul>\n<\/div>\n<\/div>\n<div class=\"item\">\n<div class=\"nom\"><strong><span class=\"ficha_txt1\">COLECCI\u00d3N:\u00a0<\/span><\/strong><span class=\"normal\">Centro de Estudios Bilbilitanos<\/span><\/div>\n<div class=\"nom\"><\/div>\n<\/div>\n<div class=\"item\">\n<div class=\"nom\"><span class=\"ficha_txt1\"><strong>N\u00ba PUBLICACI\u00d3N:<\/strong>\u00a0<\/span><span class=\"normal\">1781 (IFC) &#8211; 52 (CEB)<\/span><\/div>\n<div class=\"nom\"><\/div>\n<\/div>\n<div class=\"item\">\n<div class=\"nom\"><strong><span class=\"ficha_txt1\">PRECIO:\u00a0<\/span><\/strong><span class=\"normal\">No venal<\/span><\/div>\n<div class=\"nom\"><\/div>\n<\/div>\n<div class=\"item\">\n<div class=\"nom\"><strong><span class=\"ficha_txt1\">MATERIAS:<\/span><\/strong><\/div>\n<div class=\"dat\">\n<div class=\"options2\">ETNOLOG\u00cdA y ANTROPOLOG\u00cdA. FILOSOF\u00cdA. RELIGI\u00d3N &gt; Religi\u00f3n<\/div>\n<div class=\"options2\">ESTUDIOS LOCALES Y COMARCALES &gt; Calatayud<\/div>\n<\/div>\n<\/div>\n","protected":false},"excerpt":{"rendered":"<p>L\u00d3PEZ GRACIA, Jos\u00e9 Mar\u00eda, La Real Hermandad de la Piedad. 500 a\u00f1os de historia, CEB, Calatayud, 1996, Centro de Estudios Bilbilitanos, 52, 40 p., 8 il., 21&#215;30 cm. ISBN: 84-7820-315-X. Pr\u00f3logo: \u00ab&#8230; En este estudio se nos habla de la &hellip; <a href=\"http:\/\/cebilbilitanos.com\/?page_id=357\">Sigue leyendo <span class=\"meta-nav\">&rarr;<\/span><\/a><\/p>\n","protected":false},"author":1,"featured_media":0,"parent":193,"menu_order":0,"comment_status":"open","ping_status":"open","template":"","meta":[],"_links":{"self":[{"href":"http:\/\/cebilbilitanos.com\/index.php?rest_route=\/wp\/v2\/pages\/357"}],"collection":[{"href":"http:\/\/cebilbilitanos.com\/index.php?rest_route=\/wp\/v2\/pages"}],"about":[{"href":"http:\/\/cebilbilitanos.com\/index.php?rest_route=\/wp\/v2\/types\/page"}],"author":[{"embeddable":true,"href":"http:\/\/cebilbilitanos.com\/index.php?rest_route=\/wp\/v2\/users\/1"}],"replies":[{"embeddable":true,"href":"http:\/\/cebilbilitanos.com\/index.php?rest_route=%2Fwp%2Fv2%2Fcomments&post=357"}],"version-history":[{"count":2,"href":"http:\/\/cebilbilitanos.com\/index.php?rest_route=\/wp\/v2\/pages\/357\/revisions"}],"predecessor-version":[{"id":662,"href":"http:\/\/cebilbilitanos.com\/index.php?rest_route=\/wp\/v2\/pages\/357\/revisions\/662"}],"up":[{"embeddable":true,"href":"http:\/\/cebilbilitanos.com\/index.php?rest_route=\/wp\/v2\/pages\/193"}],"wp:attachment":[{"href":"http:\/\/cebilbilitanos.com\/index.php?rest_route=%2Fwp%2Fv2%2Fmedia&parent=357"}],"curies":[{"name":"wp","href":"https:\/\/api.w.org\/{rel}","templated":true}]}}