{"id":345,"date":"2015-09-12T18:10:14","date_gmt":"2015-09-12T18:10:14","guid":{"rendered":"http:\/\/cebilbilitanos.com\/?page_id=345"},"modified":"2015-09-13T17:42:54","modified_gmt":"2015-09-13T17:42:54","slug":"la-semana-santa-bilbilitana-pasion-ramos-procesion-del-santo-entierro","status":"publish","type":"page","link":"http:\/\/cebilbilitanos.com\/?page_id=345","title":{"rendered":"La Semana Santa bilbilitana. Pasi\u00f3n. Ramos. Procesi\u00f3n del Santo Entierro"},"content":{"rendered":"<p><a href=\"http:\/\/cebilbilitanos.com\/wp-content\/uploads\/2015\/09\/image_th1-3.jpg\"><img decoding=\"async\" loading=\"lazy\" class=\"aligncenter size-full wp-image-346\" src=\"http:\/\/cebilbilitanos.com\/wp-content\/uploads\/2015\/09\/image_th1-3.jpg\" alt=\"_image_th1 (3)\" width=\"178\" height=\"250\" \/><\/a><\/p>\n<p><b>RUBIO VERGARA, Mariano<\/b>, <i>La Semana Santa bilbilitana. Pasi\u00f3n. Ramos. Procesi\u00f3n del Santo Entierro<\/i>, facs\u00edmile, CEB, Calatayud, 1995, Centro de Estudios Bilbilitanos, 48, 40 p, 21&#215;29 cm. ISBN: 84-7820-233-1.<\/p>\n<p><b>Presentaci\u00f3n<\/b>: \u00ab&#8230; En este op\u00fasculo &#8230;, Don Mariano combina sus conocimientos art\u00edsticos, su amor a la historia y a las tradiciones, y su profunda religiosidad. M\u00e1s de la mitad de la obra est\u00e1 dedicada a la descripci\u00f3n de lo m\u00e1s singular de la Semana Santa de Calatayud: la Procesi\u00f3n del Santo Entierro. Ilustran la publicaci\u00f3n dos l\u00e1minas con nueve y ocho peque\u00f1as fotograf\u00edas, y cuatro dibujos en l\u00ednea, hechos por su hijo, Mariano Rubio Mart\u00ednez, hoy grabador de prestigio internacional&#8230;\u00bb<\/p>\n<div class=\"item\">\n<div class=\"nom\"><strong><span class=\"ficha_txt1\">EDICI\u00d3N:<\/span><\/strong><\/div>\n<div class=\"items_block\">\n<ul>\n<li class=\"items_block_nom\"><span class=\"ficha_txt2\">Editado por:\u00a0<\/span><span class=\"normal\">IFC-CEB<\/span><\/li>\n<li class=\"items_block_nom\"><span class=\"ficha_txt2\">Edici\u00f3n:\u00a0<\/span><span class=\"normal\">Edici\u00f3n facs\u00edmile. 40 p., 21&#215;29 cm, ISBN 84-7820-233-1<\/span><\/li>\n<li class=\"items_block_nom\"><span class=\"ficha_txt2\">A\u00f1o edici\u00f3n:\u00a0<\/span><span class=\"normal\">1995<\/span><\/li>\n<\/ul>\n<\/div>\n<\/div>\n<div class=\"item\">\n<div class=\"nom\"><strong><span class=\"ficha_txt1\">COLECCI\u00d3N:\u00a0<\/span><\/strong><span class=\"normal\">Centro de Estudios Bilbilitanos<\/span><\/div>\n<div class=\"nom\"><\/div>\n<\/div>\n<div class=\"item\">\n<div class=\"nom\"><span class=\"ficha_txt1\"><strong>N\u00ba PUBLICACI\u00d3N:<\/strong>\u00a0<\/span><span class=\"normal\">1681 (IFC) &#8211; 48 (CEB)<\/span><\/div>\n<div class=\"nom\"><\/div>\n<\/div>\n<div class=\"item\">\n<div class=\"nom\"><span class=\"ficha_txt1\"><strong>PRECIO:<\/strong>\u00a0<\/span><span class=\"normal\">No venal<\/span><\/div>\n<div class=\"nom\"><\/div>\n<\/div>\n<div class=\"item\">\n<div class=\"nom\"><strong><span class=\"ficha_txt1\">MATERIAS:<\/span><\/strong><\/div>\n<div class=\"dat\">\n<div class=\"options2\">ETNOLOG\u00cdA y ANTROPOLOG\u00cdA. FILOSOF\u00cdA. RELIGI\u00d3N &gt; Religi\u00f3n<\/div>\n<div class=\"options2\">ESTUDIOS LOCALES Y COMARCALES &gt; Calatayud<\/div>\n<\/div>\n<\/div>\n","protected":false},"excerpt":{"rendered":"<p>RUBIO VERGARA, Mariano, La Semana Santa bilbilitana. Pasi\u00f3n. Ramos. Procesi\u00f3n del Santo Entierro, facs\u00edmile, CEB, Calatayud, 1995, Centro de Estudios Bilbilitanos, 48, 40 p, 21&#215;29 cm. ISBN: 84-7820-233-1. Presentaci\u00f3n: \u00ab&#8230; En este op\u00fasculo &#8230;, Don Mariano combina sus conocimientos art\u00edsticos, &hellip; <a href=\"http:\/\/cebilbilitanos.com\/?page_id=345\">Sigue leyendo <span class=\"meta-nav\">&rarr;<\/span><\/a><\/p>\n","protected":false},"author":1,"featured_media":0,"parent":193,"menu_order":0,"comment_status":"open","ping_status":"open","template":"","meta":[],"_links":{"self":[{"href":"http:\/\/cebilbilitanos.com\/index.php?rest_route=\/wp\/v2\/pages\/345"}],"collection":[{"href":"http:\/\/cebilbilitanos.com\/index.php?rest_route=\/wp\/v2\/pages"}],"about":[{"href":"http:\/\/cebilbilitanos.com\/index.php?rest_route=\/wp\/v2\/types\/page"}],"author":[{"embeddable":true,"href":"http:\/\/cebilbilitanos.com\/index.php?rest_route=\/wp\/v2\/users\/1"}],"replies":[{"embeddable":true,"href":"http:\/\/cebilbilitanos.com\/index.php?rest_route=%2Fwp%2Fv2%2Fcomments&post=345"}],"version-history":[{"count":2,"href":"http:\/\/cebilbilitanos.com\/index.php?rest_route=\/wp\/v2\/pages\/345\/revisions"}],"predecessor-version":[{"id":665,"href":"http:\/\/cebilbilitanos.com\/index.php?rest_route=\/wp\/v2\/pages\/345\/revisions\/665"}],"up":[{"embeddable":true,"href":"http:\/\/cebilbilitanos.com\/index.php?rest_route=\/wp\/v2\/pages\/193"}],"wp:attachment":[{"href":"http:\/\/cebilbilitanos.com\/index.php?rest_route=%2Fwp%2Fv2%2Fmedia&parent=345"}],"curies":[{"name":"wp","href":"https:\/\/api.w.org\/{rel}","templated":true}]}}