{"id":342,"date":"2015-09-12T18:07:16","date_gmt":"2015-09-12T18:07:16","guid":{"rendered":"http:\/\/cebilbilitanos.com\/?page_id=342"},"modified":"2015-09-13T17:40:04","modified_gmt":"2015-09-13T17:40:04","slug":"la-pasion-cercenada","status":"publish","type":"page","link":"http:\/\/cebilbilitanos.com\/?page_id=342","title":{"rendered":"La pasi\u00f3n cercenada"},"content":{"rendered":"<p><a href=\"http:\/\/cebilbilitanos.com\/wp-content\/uploads\/2015\/09\/pasion-cercenada-be077beb-b53b-4468-95c9-609fdd3ce4cc.jpeg\"><img decoding=\"async\" loading=\"lazy\" class=\"aligncenter size-full wp-image-343\" src=\"http:\/\/cebilbilitanos.com\/wp-content\/uploads\/2015\/09\/pasion-cercenada-be077beb-b53b-4468-95c9-609fdd3ce4cc.jpeg\" alt=\"pasion-cercenada-be077beb-b53b-4468-95c9-609fdd3ce4cc\" width=\"301\" height=\"470\" srcset=\"http:\/\/cebilbilitanos.com\/wp-content\/uploads\/2015\/09\/pasion-cercenada-be077beb-b53b-4468-95c9-609fdd3ce4cc.jpeg 301w, http:\/\/cebilbilitanos.com\/wp-content\/uploads\/2015\/09\/pasion-cercenada-be077beb-b53b-4468-95c9-609fdd3ce4cc-192x300.jpeg 192w\" sizes=\"(max-width: 301px) 100vw, 301px\" \/><\/a><\/p>\n<p><b>FERN\u00c1NDEZ MOROS, Ra\u00fal Wenceslao<\/b>, <i>La pasi\u00f3n cercenada<\/i>, CEB, Calatayud, 1994, Centro de Estudios Bilbilitanos, 47, 68 p., 15&#215;21 cm. ISBN: 84-7820-203-X.<\/p>\n<div class=\"item\">\n<div class=\"nom\"><strong><span class=\"ficha_txt1\">EDICI\u00d3N:<\/span><\/strong><\/div>\n<div class=\"items_block\">\n<ul>\n<li class=\"items_block_nom\"><span class=\"ficha_txt2\">Editado por:\u00a0<\/span><span class=\"normal\">IFC-CEB<\/span><\/li>\n<li class=\"items_block_nom\"><span class=\"ficha_txt2\">Edici\u00f3n:\u00a0<\/span><span class=\"normal\">68 p., 15&#215;21 cm, ISBN 84-7820-203-X<\/span><\/li>\n<li class=\"items_block_nom\"><span class=\"ficha_txt2\">A\u00f1o edici\u00f3n:\u00a0<\/span><span class=\"normal\">1994<\/span><\/li>\n<\/ul>\n<div class=\"items_block_nom\"><\/div>\n<\/div>\n<\/div>\n<div class=\"item\">\n<div class=\"nom\"><span class=\"ficha_txt1\"><strong>COLECCI\u00d3N:<\/strong>\u00a0<\/span><span class=\"normal\">Centro de Estudios Bilbilitanos<\/span><\/div>\n<div class=\"nom\"><\/div>\n<\/div>\n<div class=\"item\">\n<div class=\"nom\"><span class=\"ficha_txt1\"><strong>N\u00ba PUBLICACI\u00d3N:<\/strong>\u00a0<\/span><span class=\"normal\">1634 (IFC) &#8211; 47 (CEB)<\/span><\/div>\n<div class=\"nom\"><\/div>\n<\/div>\n<div class=\"item\">\n<div class=\"nom\"><span class=\"ficha_txt1\"><strong>PRECIO:<\/strong>\u00a0<\/span><span class=\"normal\">No venal<\/span><\/div>\n<div class=\"nom\"><\/div>\n<\/div>\n<div class=\"item\">\n<div class=\"nom\"><strong><span class=\"ficha_txt1\">MATERIAS:<\/span><\/strong><\/div>\n<div class=\"dat\">\n<div class=\"options2\">NARRATIVA, POES\u00cdA y TEATRO &gt; Poes\u00eda<\/div>\n<\/div>\n<\/div>\n","protected":false},"excerpt":{"rendered":"<p>FERN\u00c1NDEZ MOROS, Ra\u00fal Wenceslao, La pasi\u00f3n cercenada, CEB, Calatayud, 1994, Centro de Estudios Bilbilitanos, 47, 68 p., 15&#215;21 cm. ISBN: 84-7820-203-X. EDICI\u00d3N: Editado por:\u00a0IFC-CEB Edici\u00f3n:\u00a068 p., 15&#215;21 cm, ISBN 84-7820-203-X A\u00f1o edici\u00f3n:\u00a01994 COLECCI\u00d3N:\u00a0Centro de Estudios Bilbilitanos N\u00ba PUBLICACI\u00d3N:\u00a01634 (IFC) &#8211; &hellip; <a href=\"http:\/\/cebilbilitanos.com\/?page_id=342\">Sigue leyendo <span class=\"meta-nav\">&rarr;<\/span><\/a><\/p>\n","protected":false},"author":1,"featured_media":0,"parent":193,"menu_order":0,"comment_status":"open","ping_status":"open","template":"","meta":[],"_links":{"self":[{"href":"http:\/\/cebilbilitanos.com\/index.php?rest_route=\/wp\/v2\/pages\/342"}],"collection":[{"href":"http:\/\/cebilbilitanos.com\/index.php?rest_route=\/wp\/v2\/pages"}],"about":[{"href":"http:\/\/cebilbilitanos.com\/index.php?rest_route=\/wp\/v2\/types\/page"}],"author":[{"embeddable":true,"href":"http:\/\/cebilbilitanos.com\/index.php?rest_route=\/wp\/v2\/users\/1"}],"replies":[{"embeddable":true,"href":"http:\/\/cebilbilitanos.com\/index.php?rest_route=%2Fwp%2Fv2%2Fcomments&post=342"}],"version-history":[{"count":2,"href":"http:\/\/cebilbilitanos.com\/index.php?rest_route=\/wp\/v2\/pages\/342\/revisions"}],"predecessor-version":[{"id":658,"href":"http:\/\/cebilbilitanos.com\/index.php?rest_route=\/wp\/v2\/pages\/342\/revisions\/658"}],"up":[{"embeddable":true,"href":"http:\/\/cebilbilitanos.com\/index.php?rest_route=\/wp\/v2\/pages\/193"}],"wp:attachment":[{"href":"http:\/\/cebilbilitanos.com\/index.php?rest_route=%2Fwp%2Fv2%2Fmedia&parent=342"}],"curies":[{"name":"wp","href":"https:\/\/api.w.org\/{rel}","templated":true}]}}