{"id":323,"date":"2015-09-12T16:51:12","date_gmt":"2015-09-12T16:51:12","guid":{"rendered":"http:\/\/cebilbilitanos.com\/?page_id=323"},"modified":"2015-09-13T16:49:57","modified_gmt":"2015-09-13T16:49:57","slug":"bibliografia-sobre-calatayud-y-sus-gentes","status":"publish","type":"page","link":"http:\/\/cebilbilitanos.com\/?page_id=323","title":{"rendered":"Bibliograf\u00eda sobre Calatayud y sus gentes"},"content":{"rendered":"<p><a style=\"clear: left; float: left; margin-bottom: 1em; margin-right: 1em;\" href=\"https:\/\/lh3.googleusercontent.com\/-kuHlIFPWIfc\/TXKKNyadC2I\/AAAAAAAAAEA\/dfViEX0n7Ts\/s1600\/cat_37.jpg\"><img decoding=\"async\" src=\"http:\/\/lh3.googleusercontent.com\/-kuHlIFPWIfc\/TXKKNyadC2I\/AAAAAAAAAEA\/dfViEX0n7Ts\/s1600\/cat_37.jpg\" alt=\"\" border=\"0\" \/><\/a><b>UTRERA F\u00daNEZ, Antonio<\/b>: <i>Bibliograf\u00eda sobre Calatayud y sus gentes<\/i>, Zaragoza, 1992, Centro de Estudios Bilbilitanos, 37, 200 p., 21&#215;30 cm. ISBN: 84-7820-120-3.<\/p>\n<p><b>Introducci\u00f3n<\/b>: \u00bb &#8230; El cat\u00e1logo &#8230; recoge la parte relativa a Calatayud y sus gentes&#8230; Con un criterio meramente descriptivo, exento de toda cr\u00edtica, que sirva no solo al especialista o al investigador, obligado a consultar un n\u00famero importante de publicaciones cada vez que desea conocer la Artistas calatayub\u00ed en un determinado aspecto, sino tambi\u00e9n al estudiante o al simple curioso, se han ido recogiendo, junto a estudios importantes, un buen n\u00famero de obras menores, agrupados en un trabajo que pretende ser exhaustivo sin que se consiga del todo, pues cada d\u00eda se descubren nuevos datos que incorporar a los ya recopilados&#8230;\u00bb<\/p>\n<div class=\"item\">\n<div class=\"nom\"><strong><span class=\"ficha_txt1\">EDICI\u00d3N:<\/span><\/strong><\/div>\n<div class=\"items_block\">\n<div class=\"items_block_nom\"><span class=\"ficha_txt2\">Editado por:\u00a0<\/span><span class=\"normal\">IFC-CEB<\/span><\/div>\n<div class=\"items_block_nom\"><span class=\"ficha_txt2\">Edici\u00f3n:\u00a0<\/span><span class=\"normal\">200 p., 21&#215;30 cm, ISBN 84-7820-120-3<\/span><\/div>\n<div class=\"items_block_nom\"><span class=\"ficha_txt2\">A\u00f1o edici\u00f3n:\u00a0<\/span><span class=\"normal\">1992<\/span><\/div>\n<div class=\"items_block_nom\"><\/div>\n<\/div>\n<\/div>\n<div class=\"item\">\n<div class=\"nom\"><strong><span class=\"ficha_txt1\">COLECCI\u00d3N:\u00a0<\/span><\/strong><span class=\"normal\">Centro de Estudios Bilbilitanos<\/span><\/div>\n<div class=\"nom\"><\/div>\n<\/div>\n<div class=\"item\">\n<div class=\"nom\"><span class=\"ficha_txt1\"><strong>N\u00ba PUBLICACI\u00d3N:<\/strong>\u00a0<\/span><span class=\"normal\">1299\u00a0 (IFC) &#8211; 37\u00a0(CEB)<\/span><\/div>\n<div class=\"nom\"><\/div>\n<\/div>\n<div class=\"item\">\n<div class=\"nom\"><strong><span class=\"ficha_txt1\">PRECIO:\u00a0<\/span><\/strong><span class=\"normal\">Agotado<\/span><\/div>\n<div class=\"nom\"><\/div>\n<\/div>\n<div class=\"item\">\n<div class=\"nom\"><strong><span class=\"ficha_txt1\">MATERIAS:<\/span><\/strong><\/div>\n<div class=\"nom\">ESTUDIOS LOCALES Y COMARCALES &gt; Calatayud<\/div>\n<div class=\"dat\">\n<div class=\"options2\">BIBLOTECONOM\u00cdA &gt; Bibliograf\u00eda<\/div>\n<\/div>\n<\/div>\n","protected":false},"excerpt":{"rendered":"<p>UTRERA F\u00daNEZ, Antonio: Bibliograf\u00eda sobre Calatayud y sus gentes, Zaragoza, 1992, Centro de Estudios Bilbilitanos, 37, 200 p., 21&#215;30 cm. ISBN: 84-7820-120-3. Introducci\u00f3n: \u00bb &#8230; El cat\u00e1logo &#8230; recoge la parte relativa a Calatayud y sus gentes&#8230; Con un criterio &hellip; <a href=\"http:\/\/cebilbilitanos.com\/?page_id=323\">Sigue leyendo <span class=\"meta-nav\">&rarr;<\/span><\/a><\/p>\n","protected":false},"author":1,"featured_media":0,"parent":193,"menu_order":0,"comment_status":"open","ping_status":"open","template":"","meta":[],"_links":{"self":[{"href":"http:\/\/cebilbilitanos.com\/index.php?rest_route=\/wp\/v2\/pages\/323"}],"collection":[{"href":"http:\/\/cebilbilitanos.com\/index.php?rest_route=\/wp\/v2\/pages"}],"about":[{"href":"http:\/\/cebilbilitanos.com\/index.php?rest_route=\/wp\/v2\/types\/page"}],"author":[{"embeddable":true,"href":"http:\/\/cebilbilitanos.com\/index.php?rest_route=\/wp\/v2\/users\/1"}],"replies":[{"embeddable":true,"href":"http:\/\/cebilbilitanos.com\/index.php?rest_route=%2Fwp%2Fv2%2Fcomments&post=323"}],"version-history":[{"count":2,"href":"http:\/\/cebilbilitanos.com\/index.php?rest_route=\/wp\/v2\/pages\/323\/revisions"}],"predecessor-version":[{"id":591,"href":"http:\/\/cebilbilitanos.com\/index.php?rest_route=\/wp\/v2\/pages\/323\/revisions\/591"}],"up":[{"embeddable":true,"href":"http:\/\/cebilbilitanos.com\/index.php?rest_route=\/wp\/v2\/pages\/193"}],"wp:attachment":[{"href":"http:\/\/cebilbilitanos.com\/index.php?rest_route=%2Fwp%2Fv2%2Fmedia&parent=323"}],"curies":[{"name":"wp","href":"https:\/\/api.w.org\/{rel}","templated":true}]}}