{"id":311,"date":"2015-09-12T16:31:14","date_gmt":"2015-09-12T16:31:14","guid":{"rendered":"http:\/\/cebilbilitanos.com\/?page_id=311"},"modified":"2015-09-13T17:01:40","modified_gmt":"2015-09-13T17:01:40","slug":"ciudad-que-ya-no-es-mia","status":"publish","type":"page","link":"http:\/\/cebilbilitanos.com\/?page_id=311","title":{"rendered":"Ciudad que ya no es m\u00eda"},"content":{"rendered":"<p><a style=\"clear: left; float: left; margin-bottom: 1em; margin-right: 1em;\" href=\"https:\/\/lh3.googleusercontent.com\/-xa8ANolsqOQ\/TXKGFYEPJsI\/AAAAAAAAADs\/uUFG0G_DzAk\/s1600\/cat_35.jpg\"><img decoding=\"async\" src=\"http:\/\/lh3.googleusercontent.com\/-xa8ANolsqOQ\/TXKGFYEPJsI\/AAAAAAAAADs\/uUFG0G_DzAk\/s1600\/cat_35.jpg\" alt=\"\" border=\"0\" \/><\/a><b>JIM\u00c9NEZ SALCEDO, Gregorio F<\/b>.: <i>Ciudad que ya no es m\u00eda<\/i>, Zaragoza, 1989, Centro de Estudios Bilbilitanos, 35, 76 p., 15&#215;21 cm. ISBN: 84-7820-044-4<span style=\"font-size: small;\"><span style=\"font-family: Georgia,Times New Roman,Times,serif;\">.<\/span><\/span><\/p>\n<p><span style=\"font-size: small;\"><span style=\"font-family: Georgia,Times New Roman,Times,serif;\"><b>Sinopsis<\/b>: El libro que aqu\u00ed se ofrece es un conjunto de poemas \u00edntimos que pretenden ser el testimonio apasionado de su amor insobornable a Calatayud expresado en la original forma del asoneto laud\u00ccrico, intento atrevido de una b\u00fasqueda personal en el campo de la poes\u00eda, que es, quiz\u00e1s, su m\u00e1s firme vocaci\u00f3n.\u00a0<\/span><\/span><\/p>\n<div class=\"item\">\n<div class=\"nom\"><strong><span class=\"ficha_txt1\">EDICI\u00d3N:<\/span><\/strong><\/div>\n<div class=\"items_block\">\n<ul>\n<li class=\"items_block_nom\"><span class=\"ficha_txt2\">Editado por:\u00a0<\/span><span class=\"normal\">IFC-CEB<\/span><\/li>\n<li class=\"items_block_nom\"><span class=\"ficha_txt2\">Edici\u00f3n:\u00a0<\/span><span class=\"normal\">76 p., 15&#215;21 cm, ISBN 84-7820-044-4<\/span><\/li>\n<li class=\"items_block_nom\"><span class=\"ficha_txt2\">A\u00f1o edici\u00f3n:\u00a0<\/span><span class=\"normal\">1989<\/span><\/li>\n<\/ul>\n<\/div>\n<\/div>\n<div class=\"item\">\n<div class=\"nom\"><span class=\"ficha_txt1\"><strong>COLECCI\u00d3N:<\/strong>\u00a0<\/span><span class=\"normal\">Centro de Estudios Bilbilitanos<\/span><\/div>\n<div class=\"nom\"><\/div>\n<\/div>\n<div class=\"item\">\n<div class=\"nom\"><span class=\"ficha_txt1\"><strong>N\u00ba PUBLICACI\u00d3N:<\/strong>\u00a0<\/span><span class=\"normal\">1206 (IFC) &#8211; 35\u00a0(CEB)<\/span><\/div>\n<div class=\"nom\"><\/div>\n<\/div>\n<div class=\"item\">\n<div class=\"nom\"><span class=\"ficha_txt1\"><strong>PRECIO:<\/strong>\u00a0<\/span><span class=\"normal\">Agotado<\/span><\/div>\n<div class=\"nom\"><\/div>\n<\/div>\n<div class=\"item\">\n<div class=\"nom\"><strong><span class=\"ficha_txt1\">MATERIAS:<\/span><\/strong><\/div>\n<div class=\"dat\">\n<div class=\"options2\">NARRATIVA, POES\u00cdA y TEATRO &gt; Poes\u00eda<\/div>\n<\/div>\n<\/div>\n","protected":false},"excerpt":{"rendered":"<p>JIM\u00c9NEZ SALCEDO, Gregorio F.: Ciudad que ya no es m\u00eda, Zaragoza, 1989, Centro de Estudios Bilbilitanos, 35, 76 p., 15&#215;21 cm. ISBN: 84-7820-044-4. Sinopsis: El libro que aqu\u00ed se ofrece es un conjunto de poemas \u00edntimos que pretenden ser el &hellip; <a href=\"http:\/\/cebilbilitanos.com\/?page_id=311\">Sigue leyendo <span class=\"meta-nav\">&rarr;<\/span><\/a><\/p>\n","protected":false},"author":1,"featured_media":0,"parent":193,"menu_order":0,"comment_status":"open","ping_status":"open","template":"","meta":[],"_links":{"self":[{"href":"http:\/\/cebilbilitanos.com\/index.php?rest_route=\/wp\/v2\/pages\/311"}],"collection":[{"href":"http:\/\/cebilbilitanos.com\/index.php?rest_route=\/wp\/v2\/pages"}],"about":[{"href":"http:\/\/cebilbilitanos.com\/index.php?rest_route=\/wp\/v2\/types\/page"}],"author":[{"embeddable":true,"href":"http:\/\/cebilbilitanos.com\/index.php?rest_route=\/wp\/v2\/users\/1"}],"replies":[{"embeddable":true,"href":"http:\/\/cebilbilitanos.com\/index.php?rest_route=%2Fwp%2Fv2%2Fcomments&post=311"}],"version-history":[{"count":2,"href":"http:\/\/cebilbilitanos.com\/index.php?rest_route=\/wp\/v2\/pages\/311\/revisions"}],"predecessor-version":[{"id":608,"href":"http:\/\/cebilbilitanos.com\/index.php?rest_route=\/wp\/v2\/pages\/311\/revisions\/608"}],"up":[{"embeddable":true,"href":"http:\/\/cebilbilitanos.com\/index.php?rest_route=\/wp\/v2\/pages\/193"}],"wp:attachment":[{"href":"http:\/\/cebilbilitanos.com\/index.php?rest_route=%2Fwp%2Fv2%2Fmedia&parent=311"}],"curies":[{"name":"wp","href":"https:\/\/api.w.org\/{rel}","templated":true}]}}