{"id":306,"date":"2015-09-12T12:47:46","date_gmt":"2015-09-12T12:47:46","guid":{"rendered":"http:\/\/cebilbilitanos.com\/?page_id=306"},"modified":"2015-09-13T17:56:39","modified_gmt":"2015-09-13T17:56:39","slug":"segundo-encuentro-de-estudios-bilbilitanos-actas-i","status":"publish","type":"page","link":"http:\/\/cebilbilitanos.com\/?page_id=306","title":{"rendered":"Segundo Encuentro de Estudios Bilbilitanos. Actas I"},"content":{"rendered":"<p><a style=\"clear: left; float: left; margin-bottom: 1em; margin-right: 1em;\" href=\"https:\/\/lh3.googleusercontent.com\/-bvvGa4q-MY4\/TXJ9Pj6K0VI\/AAAAAAAAADg\/QMz9iLrueVY\/s1600\/cat_32.jpg\"><img decoding=\"async\" src=\"http:\/\/lh3.googleusercontent.com\/-bvvGa4q-MY4\/TXJ9Pj6K0VI\/AAAAAAAAADg\/QMz9iLrueVY\/s1600\/cat_32.jpg\" alt=\"\" border=\"0\" \/><\/a><i>Segundo Encuentro de Estudios Bilbilitanos. Actas I<\/i>, Zaragoza, 1989, Centro de Estudios Bilbilitanos, 32, 456 p., 17&#215;24 cm. ISBN (o.c.): 84-7820-031-2 \/ vol. I: 84-7820-032-0.<\/p>\n<p><b>Contenido. Tomo I:<\/b><\/p>\n<ul>\n<li><b>MART\u00cdN BUENO, Manuel<\/b>, <i>Arqueolog\u00eda de la comarca bilbilitana, actualizaci\u00f3n<\/i>, 10 p.<\/li>\n<li><b>AZOR\u00cdN PONS, Jos\u00e9 Antonio; MILL\u00c1N GIL, Juli\u00e1n \u00c1ngel<\/b>, <i>Materiales l\u00edticos de superficie de la cuenca del Jiloca<\/i>, 6 p.<\/li>\n<li><b>D\u00cdAZ SANZ, Mar\u00eda Antonia<\/b>, <i>Sacrificios humanos en la Celtiberia oriental, las \u00abCabezas cortadas\u00bb<\/i>, 10 p.<\/li>\n<li><b>TORRALBA MART\u00cdN, Javier<\/b>, <i>El yacimiento celtib\u00e9rico del Cerro de los Moros de Ani\u00f1\u00f3n (Zaragoza). II. Materiales de \u00e9poca celtib\u00e9rica<\/i>, 12 p.<\/li>\n<li><b>TORRALBA MART\u00cdN, Javier<\/b>, <i>El yacimiento celtib\u00e9rico del Cerro de los Moros de Ani\u00f1\u00f3n (Zaragoza). III. Conclusiones<\/i>, 6 p.<\/li>\n<li><b>CISNEROS CUNCHILLOS, M<\/b>., <i>Algunos materiales p\u00e9treos utilizados en B\u00edlbilis (Calatayud, Zaragoza)<\/i>, 4 p.<\/li>\n<li><b>JIMENO, A.; GALINDO ORTIZ DE LAND\u00c1ZURI, Mar\u00eda Pilar<\/b>, <i>Aproximaci\u00f3n al Bronce Antiguo del Jal\u00f3n Medio<\/i>, 10 p.<\/li>\n<li><b>MART\u00cdN BUENO, Manuel; N\u00da\u00d1EZ MARC\u00c9N, Julio<\/b>, <i>El teatro romano de B\u00edlbilis y la influencia religiosa en la arquitectura teatral<\/i>, 8 p.<\/li>\n<li><b>MART\u00cdN BUENO, Manuel; LIZ GUIRAL, Jes\u00fas<\/b>, <i>Preliminares al estudio de las termas del Municipium Augusta B\u00edlbilis<\/i>, 16 p.<\/li>\n<li><b>AMAR\u00c9 TAFALLA, Mar\u00eda Teresa; MART\u00cdN BUENO, Manuel<\/b>, <i>La cer\u00e1mica vidriada romana procedente de B\u00edlbilis<\/i>, 12 p.<\/li>\n<li><b>AMAR\u00c9 TAFALLA, Mar\u00eda Teresa<\/b>, <i>Lucernas romanas de B\u00edlbilis, II<\/i>, 8 p.<\/li>\n<li><b>RAM\u00cdREZ S\u00c1DABA, J. L.<\/b>, <i>La calidad de vida en B\u00edlbilis durante el siglo I d. C. \u00bfT\u00f3pico o realidad?<\/i>, 10 p.<\/li>\n<li><b>MEDRANO MARQU\u00c9S, Manuel Mar\u00eda<\/b>, <i>Una ocultaci\u00f3n de moneda romana bajo imperial hallada en Torralba de Ribota (Calatayud, Zaragoza)<\/i>, 16 p.<\/li>\n<li><b>VALERO SU\u00c1REZ, Jos\u00e9 Mar\u00eda<\/b>, <i>Restauraci\u00f3n de la D. P. Z. en el Valle del Jiloca<\/i>, 4 p.<\/li>\n<li><b>SANMIGUEL MATEO, Agust\u00edn<\/b>, <i>El posible emplazamiento del n\u00facleo originario de Calatayud<\/i>, 14 p.<\/li>\n<li><b>L\u00d3PEZ SAMPEDRO, Germ\u00e1n<\/b>, <i>La avanzada de Masil\u00f3n<\/i>, 8 p.<\/li>\n<li><b>L\u00d3PEZ ASENSIO, \u00c1lvaro<\/b>,<i> Sistema t\u00e1cticodefensivo musulm\u00e1n en la ribera del Jiloca<\/i>, 10 p.<\/li>\n<li><b>L\u00d3PEZ ASENSIO, \u00c1lvaro<\/b>, <i>Caracteres de construcci\u00f3n en las fortalezas musulmanas de la zona de Calatayud<\/i>, 10 p.<\/li>\n<li><b>ESTABL\u00c9S ELDUQUE, J. M.<\/b>, <i>Noticia de una ciudad amurallada y una mezquita en la comarca de Calatayud<\/i>, 8 p.<\/li>\n<li><b>ESTABL\u00c9S ELDUQUE, J. M.<\/b>, <i>Planimetr\u00eda del Mud\u00e9jar calatayub\u00ed<\/i>, 22 p.<\/li>\n<li><b>L\u00d3PEZ SAMPEDRO, Germ\u00e1n<\/b>, <i>Dos ventanas destruidas en el castillo de Ayub<\/i>, 6 p.<\/li>\n<li><b>BORR\u00c1S GUALIS, Gonzalo M.<\/b>, <i>\u00daltimos estudios sobre el arte de Calatayud y su comarca, 1982-1986<\/i>, 12 p.<\/li>\n<li><b>ESTABL\u00c9S ELDUQUE, J. M.<\/b>, <i>Un grupo de edificios anteriores al a\u00f1o mil en la comarca de Calatayud<\/i>, 14 p.<\/li>\n<li><b>L\u00d3PEZ SAMPEDRO, Germ\u00e1n<\/b>, <i>Reflexiones sobre el baptisterio de San Andr\u00e9s<\/i>, 4 p.<\/li>\n<li><b>L\u00d3PEZ SAMPEDRO, Germ\u00e1n<\/b>, <i>Medallones mud\u00e9jares desconocidos en Calatayud<\/i>, 14 p.<\/li>\n<li><b>SANMIGUEL MATEO, Agust\u00edn<\/b>, <i>Restos de un posible alminar en Villalba de Perejil<\/i>, 8 p.<\/li>\n<li><b>SANMIGUEL MATEO, Agust\u00edn<\/b>, <i>San Andr\u00e9s de Calatayud, una iglesia con estructura de mezquita<\/i>, 12 p.<\/li>\n<li><b>SANMIGUEL MATEO, Agust\u00edn<\/b>, <i>Un raro tema oriental antiguo en el Calatayud del siglo XVII<\/i>, 20 p.<\/li>\n<li><b>PE\u00d1A GONZALVO, Francisco Javier<\/b>, <i>Santa Mar\u00eda de Maluenda. Evoluci\u00f3n tipol\u00f3gica y constructiva<\/i>, 6 p.<\/li>\n<li><b>ISIEGAS MU\u00d1OZ, Valent\u00edn; SANCHO NAVARRO, Luc\u00eda<\/b>, <i>Estructura mud\u00e9jar de la iglesia de San Juan Bautista, en Illueca<\/i>, 6 p.<\/li>\n<li><b>MA\u00d1AS BALLEST\u00cdN, Fabi\u00e1n<\/b>, <i>El retablo relicario del monasterio de Piedra<\/i>, 30 p.<\/li>\n<li><b>MA\u00d1AS BALLEST\u00cdN, Fabi\u00e1n<\/b>, <i>El retablo de San Lamberto, de Atea, pintado por Juan de Bruselas<\/i>, 6 p.<\/li>\n<li><b>P\u00c9REZ GONZ\u00c1LEZ, Mar\u00eda Dolores<\/b>, <i>Construcci\u00f3n de una capilla g\u00f3tica en la antigua y desaparecida iglesia de Acered<\/i>, 6 p.<\/li>\n<li><b>P\u00c9TRIZ ASO, Ana Isabel<\/b>, <i>Aportaciones materiales a la fabricaci\u00f3n de cer\u00e1mica en Calatayud<\/i>, 6 p.<\/li>\n<li><b>P\u00c9TRIZ ASO, Ana Isabel<\/b>, <i>Un horno de cer\u00e1mica en Calatayud<\/i>, 10 p.<\/li>\n<li><b>BRU\u00d1\u00c9N IB\u00c1\u00d1EZ, Ana Isabel; CALVO COM\u00cdN, Mar\u00eda Luisa; SENAC RUBIO, Mar\u00eda Bego\u00f1a<\/b>, <i>El arquitecto Juan de Marca y su actividad en la comunidad de Calatayud, siglo XVII<\/i>, 6 p.<\/li>\n<li><b>MI\u00d1ANA RODRIGO, Mar\u00eda Luisa; SARRI\u00c1 ABAD\u00cdA, Fernando; SERRANO GRACIA, Raquel; CALVO ESTEBAN, R.; HERNANSANZ MERLO, \u00c1ngel<\/b>, <i>Aportaci\u00f3n al estudio de la obra de Esteban de Obra en Calatayud<\/i>, 10 p.<\/li>\n<li><b>MORTE GARC\u00cdA, Carmen<\/b>, <i>Dos obras no reconocidas de los pintores Jer\u00f3nimo Cosida y Felices de C\u00e1ceres<\/i>, 14 p.<\/li>\n<li><b>RINC\u00d3N GARC\u00cdA, Wifredo<\/b>, <i>El escultor carmelita fray Ignacio de Jes\u00fas y Mar\u00eda y su obra en la Calatayud del siglo XIX<\/i>, 8 p.<\/li>\n<li><b>LORENTE LORENTE, Jes\u00fas Pedro<\/b>, <i>El bilbilitano Juan Garc\u00eda Mart\u00ednez (Calatayud, 1828-Madrid, 1895) como pintor de historia de tema aragon\u00e9s<\/i>, 8 p.<\/li>\n<li><b>ANS\u00d3N NAVARRO, Arturo; BOLOQUI LARRAYA, Bel\u00e9n<\/b>, <i>La renovaci\u00f3n art\u00edstica de la iglesia de los jesuitas de Calatayud, hoy San Juan el Real (1748-1767)<\/i>, 22 p.\u00a0<i><\/i><\/li>\n<\/ul>\n<div class=\"item\">\n<div class=\"nom\"><strong><span class=\"ficha_txt1\">EDICI\u00d3N:<\/span><\/strong><\/div>\n<div class=\"items_block\">\n<ul>\n<li class=\"items_block_nom\"><span class=\"ficha_txt2\">Editado por:\u00a0<\/span><span class=\"normal\">IFC-CEB<\/span><\/li>\n<li class=\"items_block_nom\"><span class=\"ficha_txt2\">Edici\u00f3n:\u00a0<\/span><span class=\"normal\">456 p., 17&#215;24 cm, ISBN 84-7820-031-2 (o.c.) \/ 84-7820-032-0<\/span><\/li>\n<li class=\"items_block_nom\"><span class=\"ficha_txt2\">A\u00f1o edici\u00f3n:\u00a0<\/span><span class=\"normal\">1989<\/span><\/li>\n<\/ul>\n<\/div>\n<\/div>\n<div class=\"item\">\n<div class=\"nom\"><strong><span class=\"ficha_txt1\">COLECCI\u00d3N:\u00a0<\/span><\/strong><span class=\"normal\">Centro de Estudios Bilbilitanos<\/span><\/div>\n<div class=\"nom\"><\/div>\n<\/div>\n<div class=\"item\">\n<div class=\"nom\"><span class=\"ficha_txt1\"><strong>N\u00ba PUBLICACI\u00d3N:<\/strong>\u00a0<\/span><span class=\"normal\">1194 (IFC) &#8211; 32\u00a0(CEB)<\/span><\/div>\n<div class=\"nom\"><\/div>\n<\/div>\n<div class=\"item\">\n<div class=\"nom\"><span class=\"ficha_txt1\"><strong>PRECIO:<\/strong>\u00a0<\/span><span class=\"normal\">0,00 \u20ac<\/span><\/div>\n<div class=\"nom\"><\/div>\n<\/div>\n<div class=\"item\">\n<div class=\"nom\"><strong><span class=\"ficha_txt1\">MATERIAS:<\/span><\/strong><\/div>\n<div class=\"dat\">\n<div class=\"options2\">ESTUDIOS LOCALES Y COMARCALES &gt; Calatayud<\/div>\n<div class=\"options2\">HISTORIA: Prehistoria, Arqueolog\u00eda, Arte<\/div>\n<\/div>\n<\/div>\n","protected":false},"excerpt":{"rendered":"<p>Segundo Encuentro de Estudios Bilbilitanos. Actas I, Zaragoza, 1989, Centro de Estudios Bilbilitanos, 32, 456 p., 17&#215;24 cm. ISBN (o.c.): 84-7820-031-2 \/ vol. I: 84-7820-032-0. Contenido. Tomo I: MART\u00cdN BUENO, Manuel, Arqueolog\u00eda de la comarca bilbilitana, actualizaci\u00f3n, 10 p. AZOR\u00cdN &hellip; <a href=\"http:\/\/cebilbilitanos.com\/?page_id=306\">Sigue leyendo <span class=\"meta-nav\">&rarr;<\/span><\/a><\/p>\n","protected":false},"author":1,"featured_media":0,"parent":193,"menu_order":0,"comment_status":"open","ping_status":"open","template":"","meta":[],"_links":{"self":[{"href":"http:\/\/cebilbilitanos.com\/index.php?rest_route=\/wp\/v2\/pages\/306"}],"collection":[{"href":"http:\/\/cebilbilitanos.com\/index.php?rest_route=\/wp\/v2\/pages"}],"about":[{"href":"http:\/\/cebilbilitanos.com\/index.php?rest_route=\/wp\/v2\/types\/page"}],"author":[{"embeddable":true,"href":"http:\/\/cebilbilitanos.com\/index.php?rest_route=\/wp\/v2\/users\/1"}],"replies":[{"embeddable":true,"href":"http:\/\/cebilbilitanos.com\/index.php?rest_route=%2Fwp%2Fv2%2Fcomments&post=306"}],"version-history":[{"count":2,"href":"http:\/\/cebilbilitanos.com\/index.php?rest_route=\/wp\/v2\/pages\/306\/revisions"}],"predecessor-version":[{"id":693,"href":"http:\/\/cebilbilitanos.com\/index.php?rest_route=\/wp\/v2\/pages\/306\/revisions\/693"}],"up":[{"embeddable":true,"href":"http:\/\/cebilbilitanos.com\/index.php?rest_route=\/wp\/v2\/pages\/193"}],"wp:attachment":[{"href":"http:\/\/cebilbilitanos.com\/index.php?rest_route=%2Fwp%2Fv2%2Fmedia&parent=306"}],"curies":[{"name":"wp","href":"https:\/\/api.w.org\/{rel}","templated":true}]}}