{"id":301,"date":"2015-09-12T12:38:12","date_gmt":"2015-09-12T12:38:12","guid":{"rendered":"http:\/\/cebilbilitanos.com\/?page_id=301"},"modified":"2015-09-13T17:25:07","modified_gmt":"2015-09-13T17:25:07","slug":"glorias-de-calatayud-y-su-antiguo-partido","status":"publish","type":"page","link":"http:\/\/cebilbilitanos.com\/?page_id=301","title":{"rendered":"Glorias de Calatayud y su antiguo partido"},"content":{"rendered":"<p><a href=\"http:\/\/cebilbilitanos.com\/wp-content\/uploads\/2015\/09\/624122.jpg\"><img decoding=\"async\" loading=\"lazy\" class=\"aligncenter size-full wp-image-302\" src=\"http:\/\/cebilbilitanos.com\/wp-content\/uploads\/2015\/09\/624122.jpg\" alt=\"624122\" width=\"294\" height=\"401\" srcset=\"http:\/\/cebilbilitanos.com\/wp-content\/uploads\/2015\/09\/624122.jpg 294w, http:\/\/cebilbilitanos.com\/wp-content\/uploads\/2015\/09\/624122-220x300.jpg 220w\" sizes=\"(max-width: 294px) 100vw, 294px\" \/><\/a><\/p>\n<p><b>COS, Mariano del<\/b>; <b>EYARALAR, Felipe<\/b>: <i>Glorias de Calatayud y su antiguo partido<\/i>(edici\u00f3n facs\u00edmile), Zaragoza, 1988, Centro de Estudios Bilbilitanos, 30, XXVII p. + 246 p. facs\u00edmile, 5 il., 14&#215;19 cm. ISBN: 84-00-06824-6.<\/p>\n<p><b>Presentaci\u00f3n<\/b>: \u00ab&#8230; El libro tuvo su antecedente en un informe solicitado por el por el Ayuntamiento a estos autores y que con el t\u00edtulo Monumentos Hist\u00f3ricos y Art\u00edsticos de la Ciudad de Calatayud se redact\u00f3 en 1845 y desde entonces permanece in\u00e9dito, conserv\u00e1ndose el manuscrito original. Casi todo lo contenido en este Informe m\u00e1s una serie de tradiciones piadosas de los pueblos de la Comarca, vidas de santos de estas tierras y cat\u00e1logo de escritores bilbilitanos, formaron al a\u00f1o siguiente las \u00abGlorias\u00bb. Si bien en el aspecto hist\u00f3rico carece del rigor cient\u00edfico que hoy se exigir\u00eda, son de especial inter\u00e9s por un lado la recopilaci\u00f3n de leyendas y milagros locales y por otros la descripci\u00f3n de monumentos art\u00edsticos hoy desaparecidos&#8230; \u00bb<\/p>\n<div class=\"item\">\n<div class=\"nom\"><strong><span class=\"ficha_txt1\">EDICI\u00d3N:<\/span><\/strong><\/div>\n<div class=\"items_block\">\n<ul>\n<li class=\"items_block_nom\"><span class=\"ficha_txt2\">Editado por:\u00a0<\/span><span class=\"normal\">IFC-CEB<\/span><\/li>\n<li class=\"items_block_nom\"><span class=\"ficha_txt2\">Edici\u00f3n:\u00a0<\/span><span class=\"normal\">Edici\u00f3n facs\u00edmile, 27 p., 246 p. facs\u00edmile, 5 il., 14&#215;19 cm.<\/span><\/li>\n<li class=\"items_block_nom\"><span class=\"ficha_txt2\">A\u00f1o edici\u00f3n:\u00a0<\/span><span class=\"normal\">1988<\/span><\/li>\n<\/ul>\n<\/div>\n<\/div>\n<div class=\"item\">\n<div class=\"nom\"><span class=\"ficha_txt1\"><strong>COLECCI\u00d3N:<\/strong>\u00a0<\/span><span class=\"normal\">Centro de Estudios Bilbilitanos<\/span><\/div>\n<div class=\"nom\"><\/div>\n<\/div>\n<div class=\"item\">\n<div class=\"nom\"><span class=\"ficha_txt1\"><strong>N\u00ba PUBLICACI\u00d3N:<\/strong>\u00a0<\/span><span class=\"normal\">1110\u00a0 (IFC) &#8211; 30\u00a0(CEB)<\/span><\/div>\n<div class=\"nom\"><\/div>\n<\/div>\n<div class=\"item\">\n<div class=\"nom\"><span class=\"ficha_txt1\"><strong>PRECIO:<\/strong>\u00a0<\/span><span class=\"normal\">Agotado<\/span><\/div>\n<div class=\"nom\"><\/div>\n<\/div>\n<div class=\"item\">\n<div class=\"nom\"><strong><span class=\"ficha_txt1\">MATERIAS:<\/span><\/strong><\/div>\n<div class=\"dat\">\n<div class=\"options2\">ESTUDIOS LOCALES Y COMARCALES &gt; Calatayud<\/div>\n<div class=\"options2\">ETNOGRAF\u00cdA &gt; Religi\u00f3n<\/div>\n<div class=\"options2\">HISTORIA &gt; Arte<\/div>\n<\/div>\n<\/div>\n","protected":false},"excerpt":{"rendered":"<p>COS, Mariano del; EYARALAR, Felipe: Glorias de Calatayud y su antiguo partido(edici\u00f3n facs\u00edmile), Zaragoza, 1988, Centro de Estudios Bilbilitanos, 30, XXVII p. + 246 p. facs\u00edmile, 5 il., 14&#215;19 cm. ISBN: 84-00-06824-6. Presentaci\u00f3n: \u00ab&#8230; El libro tuvo su antecedente en &hellip; <a href=\"http:\/\/cebilbilitanos.com\/?page_id=301\">Sigue leyendo <span class=\"meta-nav\">&rarr;<\/span><\/a><\/p>\n","protected":false},"author":1,"featured_media":0,"parent":193,"menu_order":0,"comment_status":"open","ping_status":"open","template":"","meta":[],"_links":{"self":[{"href":"http:\/\/cebilbilitanos.com\/index.php?rest_route=\/wp\/v2\/pages\/301"}],"collection":[{"href":"http:\/\/cebilbilitanos.com\/index.php?rest_route=\/wp\/v2\/pages"}],"about":[{"href":"http:\/\/cebilbilitanos.com\/index.php?rest_route=\/wp\/v2\/types\/page"}],"author":[{"embeddable":true,"href":"http:\/\/cebilbilitanos.com\/index.php?rest_route=\/wp\/v2\/users\/1"}],"replies":[{"embeddable":true,"href":"http:\/\/cebilbilitanos.com\/index.php?rest_route=%2Fwp%2Fv2%2Fcomments&post=301"}],"version-history":[{"count":2,"href":"http:\/\/cebilbilitanos.com\/index.php?rest_route=\/wp\/v2\/pages\/301\/revisions"}],"predecessor-version":[{"id":639,"href":"http:\/\/cebilbilitanos.com\/index.php?rest_route=\/wp\/v2\/pages\/301\/revisions\/639"}],"up":[{"embeddable":true,"href":"http:\/\/cebilbilitanos.com\/index.php?rest_route=\/wp\/v2\/pages\/193"}],"wp:attachment":[{"href":"http:\/\/cebilbilitanos.com\/index.php?rest_route=%2Fwp%2Fv2%2Fmedia&parent=301"}],"curies":[{"name":"wp","href":"https:\/\/api.w.org\/{rel}","templated":true}]}}