{"id":280,"date":"2015-09-12T12:08:10","date_gmt":"2015-09-12T12:08:10","guid":{"rendered":"http:\/\/cebilbilitanos.com\/?page_id=280"},"modified":"2015-09-13T17:50:23","modified_gmt":"2015-09-13T17:50:23","slug":"paisajes-urbanos-de-calatayud","status":"publish","type":"page","link":"http:\/\/cebilbilitanos.com\/?page_id=280","title":{"rendered":"Paisajes urbanos de Calatayud"},"content":{"rendered":"<p><a style=\"clear: left; float: left; margin-bottom: 1em; margin-right: 1em;\" href=\"https:\/\/lh5.googleusercontent.com\/-9jtMv7WSiBQ\/TWwBhZBv54I\/AAAAAAAAACw\/dmv6n7JtbAc\/s1600\/cat_22.jpg\"><img decoding=\"async\" src=\"http:\/\/lh5.googleusercontent.com\/-9jtMv7WSiBQ\/TWwBhZBv54I\/AAAAAAAAACw\/dmv6n7JtbAc\/s1600\/cat_22.jpg\" alt=\"\" border=\"0\" \/><\/a><b>MELERO MATEO, Juan Cruz<\/b>: <i>Paisajes urbanos de Calatayud<\/i>, pr\u00f3logo de Ildefonso-Manuel Gil, ilustraci\u00f3n de Juan Cruz Melero Mateo, Zaragoza, 1986, Centro de Estudios Bilbilitanos, 22, 19 p., 15 il., 20&#215;36 cm. ISBN: 84-00-06248-5.<\/p>\n<p><b>Presentaci\u00f3n<\/b>:<\/p>\n<p>Esta es la suma de las quince contemplaciones de Calatayud que Juan Cruz Melero ha perennizado en su gran arte, riguroso en el trazo y rico de entra\u00f1ados temblores emotivos. Arte tan profundo y sutil, que puede pintar tiempos, silencios y melancol\u00edas haci\u00e9ndolos tan visibles com las piedras, los ladrillos o los metales, y tan insignificantes como esos \u00e1rboles que en armon\u00eda y contrasta contemplan o subrayan la belleza de algunos de estos hermosos parajes urbanos&#8230;\u00bb<\/p>\n<div class=\"item\">\n<div class=\"nom\"><span class=\"ficha_txt1\"><strong>NOTAS:<\/strong>\u00a0<\/span><span class=\"normal\">Pr\u00f3logo de Ildefonso-Manuel Gil; ilustraci\u00f3n de Juan Cruz Melero Mateo.<\/span><\/div>\n<div class=\"nom\"><\/div>\n<\/div>\n<div class=\"item\">\n<div class=\"nom\"><strong><span class=\"ficha_txt1\">EDICI\u00d3N:<\/span><\/strong><\/div>\n<div class=\"items_block\">\n<ul>\n<li class=\"items_block_nom\"><span class=\"ficha_txt2\">Editado por:\u00a0<\/span><span class=\"normal\">IFC-CEB<\/span><\/li>\n<li class=\"items_block_nom\"><span class=\"ficha_txt2\">Edici\u00f3n:\u00a0<\/span><span class=\"normal\">19 p., 15 il., 20&#215;36 cm.<\/span><\/li>\n<li class=\"items_block_nom\"><span class=\"ficha_txt2\">A\u00f1o edici\u00f3n:\u00a0<\/span><span class=\"normal\">1986<\/span><\/li>\n<\/ul>\n<div class=\"items_block_nom\"><\/div>\n<\/div>\n<\/div>\n<div class=\"item\">\n<div class=\"nom\"><span class=\"ficha_txt1\"><strong>COLECCI\u00d3N:<\/strong>\u00a0<\/span><span class=\"normal\">Centro de Estudios Bilbilitanos<\/span><\/div>\n<div class=\"nom\"><\/div>\n<\/div>\n<div class=\"item\">\n<div class=\"nom\"><span class=\"ficha_txt1\"><strong>N\u00ba PUBLICACI\u00d3N:<\/strong>\u00a0<\/span><span class=\"normal\">1057 (IFC) &#8211; 22\u00a0(CEB)<\/span><\/div>\n<div class=\"nom\"><\/div>\n<\/div>\n<div class=\"item\">\n<div class=\"nom\"><strong><span class=\"ficha_txt1\">PRECIO:\u00a0<\/span><\/strong><span class=\"normal\">Agotado<\/span><\/div>\n<div class=\"nom\"><\/div>\n<\/div>\n<div class=\"item\">\n<div class=\"nom\"><strong><span class=\"ficha_txt1\">MATERIAS:<\/span><\/strong><\/div>\n<div class=\"dat\">\n<div class=\"options2\">ESTUDIOS LOCALES Y COMARCALES &gt; Calatayud<\/div>\n<div class=\"options2\">DIBUJOS<\/div>\n<\/div>\n<\/div>\n","protected":false},"excerpt":{"rendered":"<p>MELERO MATEO, Juan Cruz: Paisajes urbanos de Calatayud, pr\u00f3logo de Ildefonso-Manuel Gil, ilustraci\u00f3n de Juan Cruz Melero Mateo, Zaragoza, 1986, Centro de Estudios Bilbilitanos, 22, 19 p., 15 il., 20&#215;36 cm. ISBN: 84-00-06248-5. Presentaci\u00f3n: Esta es la suma de las &hellip; <a href=\"http:\/\/cebilbilitanos.com\/?page_id=280\">Sigue leyendo <span class=\"meta-nav\">&rarr;<\/span><\/a><\/p>\n","protected":false},"author":1,"featured_media":0,"parent":193,"menu_order":0,"comment_status":"open","ping_status":"open","template":"","meta":[],"_links":{"self":[{"href":"http:\/\/cebilbilitanos.com\/index.php?rest_route=\/wp\/v2\/pages\/280"}],"collection":[{"href":"http:\/\/cebilbilitanos.com\/index.php?rest_route=\/wp\/v2\/pages"}],"about":[{"href":"http:\/\/cebilbilitanos.com\/index.php?rest_route=\/wp\/v2\/types\/page"}],"author":[{"embeddable":true,"href":"http:\/\/cebilbilitanos.com\/index.php?rest_route=\/wp\/v2\/users\/1"}],"replies":[{"embeddable":true,"href":"http:\/\/cebilbilitanos.com\/index.php?rest_route=%2Fwp%2Fv2%2Fcomments&post=280"}],"version-history":[{"count":2,"href":"http:\/\/cebilbilitanos.com\/index.php?rest_route=\/wp\/v2\/pages\/280\/revisions"}],"predecessor-version":[{"id":680,"href":"http:\/\/cebilbilitanos.com\/index.php?rest_route=\/wp\/v2\/pages\/280\/revisions\/680"}],"up":[{"embeddable":true,"href":"http:\/\/cebilbilitanos.com\/index.php?rest_route=\/wp\/v2\/pages\/193"}],"wp:attachment":[{"href":"http:\/\/cebilbilitanos.com\/index.php?rest_route=%2Fwp%2Fv2%2Fmedia&parent=280"}],"curies":[{"name":"wp","href":"https:\/\/api.w.org\/{rel}","templated":true}]}}