{"id":275,"date":"2015-09-12T12:01:09","date_gmt":"2015-09-12T12:01:09","guid":{"rendered":"http:\/\/cebilbilitanos.com\/?page_id=275"},"modified":"2015-09-13T17:39:37","modified_gmt":"2015-09-13T17:39:37","slug":"la-leyenda-del-jesus-del-monte","status":"publish","type":"page","link":"http:\/\/cebilbilitanos.com\/?page_id=275","title":{"rendered":"La leyenda del Jes\u00fas del Monte"},"content":{"rendered":"<p><a style=\"clear: left; float: left; margin-bottom: 1em; margin-right: 1em;\" href=\"https:\/\/lh4.googleusercontent.com\/-6QDf8cNVbq8\/TWv0gvCeH2I\/AAAAAAAAACo\/D0vNk0nPC88\/s1600\/cat_20.jpg\"><img decoding=\"async\" src=\"http:\/\/lh4.googleusercontent.com\/-6QDf8cNVbq8\/TWv0gvCeH2I\/AAAAAAAAACo\/D0vNk0nPC88\/s1600\/cat_20.jpg\" alt=\"\" border=\"0\" \/><\/a><b>LARREA ANDR\u00c9S, Eduardo<\/b>: <i>La leyenda del Jes\u00fas del Monte<\/i>, Zaragoza, 1985, Centro de Estudios Bilbilitanos, 20, 126 p., 15&#215;22 cm (Mor de Fuentes, 8). ISBN: 84-00-05976-X.<\/p>\n<p><b>Sinopsis<\/b>: En el libro se cuenta la ins\u00f3lita historia de una bruja enamorada que mantiene, a trav\u00e9s de los tiempos, el odio que engendr\u00f3 el desprecio a su amor, llevando a cabo, siglos despu\u00e9s, la venganza que no puedo consumar en vida.<\/p>\n<p>Novela costumbrista de ambiente aragon\u00e9s, donde se refleja la vida dentro de una casa solariega en el Calatayud de finales del siglo XVIII. Todos los lugares donde la acci\u00f3n se desarrolla son reales, as\u00ed como los personajes que, de alguna manera, se han cruzado e influido en la vida del autor en el transcurso de su existencia, meti\u00e9ndolos ahora, al transportarlos a una \u00e9poca pret\u00e9rita a su paso por el mundo, en una aventura que es toda pura fantas\u00eda.<\/p>\n<div class=\"item\">\n<div class=\"nom\"><strong><span class=\"ficha_txt1\">EDICI\u00d3N:<\/span><\/strong><\/div>\n<div class=\"items_block\">\n<ul>\n<li class=\"items_block_nom\"><span class=\"ficha_txt2\">Editado por:\u00a0<\/span><span class=\"normal\">IFC-CEB<\/span><\/li>\n<li class=\"items_block_nom\"><span class=\"ficha_txt2\">Edici\u00f3n:\u00a0<\/span><span class=\"normal\">126 p., 15&#215;22 cm, ISBN 84-00-05976-X<\/span><\/li>\n<li class=\"items_block_nom\"><span class=\"ficha_txt2\">A\u00f1o edici\u00f3n:\u00a0<\/span><span class=\"normal\">1985<\/span><\/li>\n<\/ul>\n<\/div>\n<\/div>\n<div class=\"item\">\n<div class=\"nom\"><strong><span class=\"ficha_txt1\">COLECCI\u00d3N:\u00a0<\/span><\/strong><span class=\"normal\">Centro de Estudios Bilbilitanos<\/span><\/div>\n<div class=\"nom\"><\/div>\n<\/div>\n<div class=\"item\">\n<div class=\"nom\"><span class=\"ficha_txt1\"><strong>N\u00ba PUBLICACI\u00d3N:<\/strong>\u00a0<\/span><span class=\"normal\">1014 (IFC) &#8211; 20\u00a0(CEB)<\/span><\/div>\n<div class=\"nom\"><\/div>\n<\/div>\n<div class=\"item\">\n<div class=\"nom\"><strong><span class=\"ficha_txt1\">PRECIO:\u00a0<\/span><\/strong><span class=\"normal\">Agotado<\/span><\/div>\n<div class=\"nom\"><strong>\u00a0<\/strong><\/div>\n<\/div>\n<div class=\"item\">\n<div class=\"nom\"><strong><span class=\"ficha_txt1\">MATERIAS:<\/span><\/strong><\/div>\n<div class=\"nom\">ESTUDIOS LOCALES Y COMARCALES &gt; Calatayud<\/div>\n<div class=\"dat\">\n<div class=\"options2\">LITERATURA<\/div>\n<div class=\"options2\">ETNOGRAF\u00cdA &gt; Religi\u00f3n<\/div>\n<\/div>\n<\/div>\n","protected":false},"excerpt":{"rendered":"<p>LARREA ANDR\u00c9S, Eduardo: La leyenda del Jes\u00fas del Monte, Zaragoza, 1985, Centro de Estudios Bilbilitanos, 20, 126 p., 15&#215;22 cm (Mor de Fuentes, 8). ISBN: 84-00-05976-X. Sinopsis: En el libro se cuenta la ins\u00f3lita historia de una bruja enamorada que &hellip; <a href=\"http:\/\/cebilbilitanos.com\/?page_id=275\">Sigue leyendo <span class=\"meta-nav\">&rarr;<\/span><\/a><\/p>\n","protected":false},"author":1,"featured_media":0,"parent":193,"menu_order":0,"comment_status":"open","ping_status":"open","template":"","meta":[],"_links":{"self":[{"href":"http:\/\/cebilbilitanos.com\/index.php?rest_route=\/wp\/v2\/pages\/275"}],"collection":[{"href":"http:\/\/cebilbilitanos.com\/index.php?rest_route=\/wp\/v2\/pages"}],"about":[{"href":"http:\/\/cebilbilitanos.com\/index.php?rest_route=\/wp\/v2\/types\/page"}],"author":[{"embeddable":true,"href":"http:\/\/cebilbilitanos.com\/index.php?rest_route=\/wp\/v2\/users\/1"}],"replies":[{"embeddable":true,"href":"http:\/\/cebilbilitanos.com\/index.php?rest_route=%2Fwp%2Fv2%2Fcomments&post=275"}],"version-history":[{"count":2,"href":"http:\/\/cebilbilitanos.com\/index.php?rest_route=\/wp\/v2\/pages\/275\/revisions"}],"predecessor-version":[{"id":657,"href":"http:\/\/cebilbilitanos.com\/index.php?rest_route=\/wp\/v2\/pages\/275\/revisions\/657"}],"up":[{"embeddable":true,"href":"http:\/\/cebilbilitanos.com\/index.php?rest_route=\/wp\/v2\/pages\/193"}],"wp:attachment":[{"href":"http:\/\/cebilbilitanos.com\/index.php?rest_route=%2Fwp%2Fv2%2Fmedia&parent=275"}],"curies":[{"name":"wp","href":"https:\/\/api.w.org\/{rel}","templated":true}]}}