{"id":2677,"date":"2020-05-21T17:03:52","date_gmt":"2020-05-21T17:03:52","guid":{"rendered":"http:\/\/cebilbilitanos.com\/?page_id=2677"},"modified":"2021-01-30T10:56:29","modified_gmt":"2021-01-30T10:56:29","slug":"historia-postal-de-calatayud-y-comarca-estudio-y-catalogacion-siglos-xix-xxi","status":"publish","type":"page","link":"http:\/\/cebilbilitanos.com\/?page_id=2677","title":{"rendered":"Historia postal de Calatayud y Comarca. Estudio y catalogaci\u00f3n (siglos XIX-XXI)"},"content":{"rendered":"\n<figure class=\"wp-block-image\"><img decoding=\"async\" src=\"https:\/\/ifc.dpz.es\/recursos\/publicaciones\/38\/36\/_image_th1.jpg\" alt=\"Portada de la publicaci\u00f3n\"\/><\/figure>\n\n\n\n<p>Autor:Utrera F\u00fanez, Antonio; P\u00e9rez Guti\u00e9rrez, LuisEdici\u00f3n:<\/p>\n\n\n\n<ul><li><strong>Editado por:<\/strong>&nbsp;IFC &#8211; Centro de Estudios Bilbilitanos<\/li><li><strong>Edici\u00f3n:<\/strong>&nbsp;293 p., il., 17,5 x 25 cm, ISBN 978-84-9911-597-9<\/li><li><strong>A\u00f1o edici\u00f3n:<\/strong>&nbsp;2020<\/li><li>Colecci\u00f3n:Centro de Estudios Bilbilitanos<\/li><li>N\u00ba Publicaci\u00f3n3759<\/li><li>Precio:19,00 \u20ac<\/li><li>Materias:<a href=\"https:\/\/ifc.dpz.es\/publicaciones\/listado\/categoria\/47\">HISTORIA<\/a><a href=\"https:\/\/ifc.dpz.es\/publicaciones\/listado\/categoria\/91\">ESTUDIOS LOCALES Y COMARCALES<\/a>&nbsp;&gt;&nbsp;<a href=\"https:\/\/ifc.dpz.es\/publicaciones\/listado\/categoria\/95\">Calatayud &gt;<\/a><a href=\"https:\/\/ifc.dpz.es\/publicaciones\/listado\/categoria\/112\">VARIOS. MISCEL\u00c1NEAS<\/a><\/li><\/ul>\n\n\n\n<p>Los autores de este estudio y catalogaci\u00f3n pretenden rellenar una laguna existente en el conocimiento de la historia postal de Calatayud y su comarca, zona que, por su ubicaci\u00f3n geogr\u00e1fica, era lugar de paso para todo el correo que, por carretera o ferrocarril, se dirig\u00eda hacia Arag\u00f3n y Europa por Catalu\u00f1a, o proced\u00eda de all\u00ed. Se catalogan para ello todo tipo de sellos, matasellos y fechadores, etiquetas franqueadoras y auxiliares, y se describe con todo lujo de detalles el uso de los mismos, explicando las vicisitudes de su uso entre los siglos XIX y XXI.<\/p>\n\n\n\n<div class=\"wp-block-image\"><figure class=\"aligncenter\"><img decoding=\"async\" loading=\"lazy\" width=\"300\" height=\"91\" src=\"http:\/\/cebilbilitanos.com\/wp-content\/uploads\/2015\/09\/bibilioteca-virtual-300x91.jpg\" alt=\"\" class=\"wp-image-1966\"\/><\/figure><\/div>\n\n\n\n<p><em><strong><a href=\"http:\/\/cebilbilitanos.com\/wp-content\/uploads\/2021\/01\/157.-Historia-postal-Calatayud.pdf\">Historia postal de Calatayud y Comarca. Estudio y catalogaci\u00f3n (siglos XIX-XXI)<\/a><\/strong><\/em><\/p>\n\n\n\n<div class=\"wp-block-file\"><a href=\"http:\/\/cebilbilitanos.com\/wp-content\/uploads\/2021\/01\/157.-Historia-postal-Calatayud.pdf\">Descarga en PDF<\/a><a href=\"http:\/\/cebilbilitanos.com\/wp-content\/uploads\/2021\/01\/157.-Historia-postal-Calatayud.pdf\" class=\"wp-block-file__button\" download>Descargar<\/a><\/div>\n\n\n\n<p><\/p>\n","protected":false},"excerpt":{"rendered":"<p>Autor:Utrera F\u00fanez, Antonio; P\u00e9rez Guti\u00e9rrez, LuisEdici\u00f3n: Editado por:&nbsp;IFC &#8211; Centro de Estudios Bilbilitanos Edici\u00f3n:&nbsp;293 p., il., 17,5 x 25 cm, ISBN 978-84-9911-597-9 A\u00f1o edici\u00f3n:&nbsp;2020 Colecci\u00f3n:Centro de Estudios Bilbilitanos N\u00ba Publicaci\u00f3n3759 Precio:19,00 \u20ac Materias:HISTORIAESTUDIOS LOCALES Y COMARCALES&nbsp;&gt;&nbsp;Calatayud &gt;VARIOS. MISCEL\u00c1NEAS Los autores &hellip; <a href=\"http:\/\/cebilbilitanos.com\/?page_id=2677\">Sigue leyendo <span class=\"meta-nav\">&rarr;<\/span><\/a><\/p>\n","protected":false},"author":1,"featured_media":0,"parent":193,"menu_order":0,"comment_status":"closed","ping_status":"closed","template":"","meta":[],"_links":{"self":[{"href":"http:\/\/cebilbilitanos.com\/index.php?rest_route=\/wp\/v2\/pages\/2677"}],"collection":[{"href":"http:\/\/cebilbilitanos.com\/index.php?rest_route=\/wp\/v2\/pages"}],"about":[{"href":"http:\/\/cebilbilitanos.com\/index.php?rest_route=\/wp\/v2\/types\/page"}],"author":[{"embeddable":true,"href":"http:\/\/cebilbilitanos.com\/index.php?rest_route=\/wp\/v2\/users\/1"}],"replies":[{"embeddable":true,"href":"http:\/\/cebilbilitanos.com\/index.php?rest_route=%2Fwp%2Fv2%2Fcomments&post=2677"}],"version-history":[{"count":3,"href":"http:\/\/cebilbilitanos.com\/index.php?rest_route=\/wp\/v2\/pages\/2677\/revisions"}],"predecessor-version":[{"id":2812,"href":"http:\/\/cebilbilitanos.com\/index.php?rest_route=\/wp\/v2\/pages\/2677\/revisions\/2812"}],"up":[{"embeddable":true,"href":"http:\/\/cebilbilitanos.com\/index.php?rest_route=\/wp\/v2\/pages\/193"}],"wp:attachment":[{"href":"http:\/\/cebilbilitanos.com\/index.php?rest_route=%2Fwp%2Fv2%2Fmedia&parent=2677"}],"curies":[{"name":"wp","href":"https:\/\/api.w.org\/{rel}","templated":true}]}}