{"id":2662,"date":"2020-05-17T20:26:03","date_gmt":"2020-05-17T20:26:03","guid":{"rendered":"http:\/\/cebilbilitanos.com\/?page_id=2662"},"modified":"2020-05-17T20:26:03","modified_gmt":"2020-05-17T20:26:03","slug":"caminando-por-tierras-de-calatayud-aproximacion-a-la-camineria-historica-de-la-comarca-bilbilitana","status":"publish","type":"page","link":"http:\/\/cebilbilitanos.com\/?page_id=2662","title":{"rendered":"Caminando por tierras de Calatayud. Aproximaci\u00f3n a la caminer\u00eda hist\u00f3rica de la comarca bilbilitana"},"content":{"rendered":"\n<figure class=\"wp-block-image\"><img decoding=\"async\" src=\"https:\/\/ifc.dpz.es\/recursos\/publicaciones\/38\/16\/_image_th1.jpg\" alt=\"Portada de la publicaci\u00f3n\"\/><\/figure>\n\n\n\n<p>Autor:Alejandre Alcalde, VicenteEdici\u00f3n:<\/p>\n\n\n\n<ul><li><strong>Editado por:<\/strong>\u00a0IFC &#8211; Centro de Estudios Bilbilitanos<\/li><li><strong>Edici\u00f3n:<\/strong>\u00a0320 p., il., 17 x 24 cm, ISBN 978-84-9911-584-9<\/li><li><strong>A\u00f1o edici\u00f3n:<\/strong>\u00a02019<\/li><li>Colecci\u00f3n:Centro de Estudios Bilbilitanos<\/li><li>N\u00ba Publicaci\u00f3n3738<\/li><li>Precio:21,00 \u20ac<\/li><li>Materias:<a href=\"https:\/\/ifc.dpz.es\/publicaciones\/listado\/categoria\/23\">CIENCIAS DE LA TIERRA. GEOGRAF\u00cdA. ECONOM\u00cdA<\/a>\u00a0>\u00a0<a href=\"https:\/\/ifc.dpz.es\/publicaciones\/listado\/categoria\/25\">Geograf\u00eda local y comarcal<\/a><a href=\"https:\/\/ifc.dpz.es\/publicaciones\/listado\/categoria\/47\">HISTORIA<\/a>\u00a0>\u00a0<a href=\"https:\/\/ifc.dpz.es\/publicaciones\/listado\/categoria\/48\">Historia. Generalidades <\/a>><a href=\"https:\/\/ifc.dpz.es\/publicaciones\/listado\/categoria\/91\">ESTUDIOS LOCALES Y COMARCALES<\/a>\u00a0>\u00a0<a href=\"https:\/\/ifc.dpz.es\/publicaciones\/listado\/categoria\/95\">Calatayud<\/a><\/li><\/ul>\n\n\n\n<p>Esta publicaci\u00f3n es una continuaci\u00f3n de libro&nbsp;<em>La N-II y sus precedentes camineros. Itinerarios hist\u00f3ricos y v\u00edas de comunicaci\u00f3n entre Madrid-Toledo y Zaragoza<\/em>, del mismo autor. Esta nueva entrega se centra en toda la caminer\u00eda hist\u00f3rica de la comarca bilbilitana, analizando las diferentes v\u00edas de comunicaci\u00f3n desde la Antig\u00fcedad hasta nuestros d\u00edas, caminos que han puesto en contacto zonas geogr\u00e1ficas distantes de la comarca.<\/p>\n","protected":false},"excerpt":{"rendered":"<p>Autor:Alejandre Alcalde, VicenteEdici\u00f3n: Editado por:\u00a0IFC &#8211; Centro de Estudios Bilbilitanos Edici\u00f3n:\u00a0320 p., il., 17 x 24 cm, ISBN 978-84-9911-584-9 A\u00f1o edici\u00f3n:\u00a02019 Colecci\u00f3n:Centro de Estudios Bilbilitanos N\u00ba Publicaci\u00f3n3738 Precio:21,00 \u20ac Materias:CIENCIAS DE LA TIERRA. GEOGRAF\u00cdA. ECONOM\u00cdA\u00a0>\u00a0Geograf\u00eda local y comarcalHISTORIA\u00a0>\u00a0Historia. Generalidades >ESTUDIOS &hellip; <a href=\"http:\/\/cebilbilitanos.com\/?page_id=2662\">Sigue leyendo <span class=\"meta-nav\">&rarr;<\/span><\/a><\/p>\n","protected":false},"author":1,"featured_media":0,"parent":0,"menu_order":0,"comment_status":"closed","ping_status":"closed","template":"","meta":[],"_links":{"self":[{"href":"http:\/\/cebilbilitanos.com\/index.php?rest_route=\/wp\/v2\/pages\/2662"}],"collection":[{"href":"http:\/\/cebilbilitanos.com\/index.php?rest_route=\/wp\/v2\/pages"}],"about":[{"href":"http:\/\/cebilbilitanos.com\/index.php?rest_route=\/wp\/v2\/types\/page"}],"author":[{"embeddable":true,"href":"http:\/\/cebilbilitanos.com\/index.php?rest_route=\/wp\/v2\/users\/1"}],"replies":[{"embeddable":true,"href":"http:\/\/cebilbilitanos.com\/index.php?rest_route=%2Fwp%2Fv2%2Fcomments&post=2662"}],"version-history":[{"count":1,"href":"http:\/\/cebilbilitanos.com\/index.php?rest_route=\/wp\/v2\/pages\/2662\/revisions"}],"predecessor-version":[{"id":2664,"href":"http:\/\/cebilbilitanos.com\/index.php?rest_route=\/wp\/v2\/pages\/2662\/revisions\/2664"}],"wp:attachment":[{"href":"http:\/\/cebilbilitanos.com\/index.php?rest_route=%2Fwp%2Fv2%2Fmedia&parent=2662"}],"curies":[{"name":"wp","href":"https:\/\/api.w.org\/{rel}","templated":true}]}}