{"id":251,"date":"2015-09-12T11:28:19","date_gmt":"2015-09-12T11:28:19","guid":{"rendered":"http:\/\/cebilbilitanos.com\/?page_id=251"},"modified":"2015-09-13T17:51:43","modified_gmt":"2015-09-13T17:51:43","slug":"papeles-bilbilitanos-ii","status":"publish","type":"page","link":"http:\/\/cebilbilitanos.com\/?page_id=251","title":{"rendered":"Papeles bilbilitanos II"},"content":{"rendered":"<p><a style=\"clear: left; float: left; margin-bottom: 1em; margin-right: 1em;\" href=\"https:\/\/lh5.googleusercontent.com\/-f1obaHYivSI\/TWvpo4PmW4I\/AAAAAAAAACE\/L0-KwByT3dU\/s1600\/cat_10.jpg\"><img decoding=\"async\" src=\"http:\/\/lh5.googleusercontent.com\/-f1obaHYivSI\/TWvpo4PmW4I\/AAAAAAAAACE\/L0-KwByT3dU\/s1600\/cat_10.jpg\" alt=\"\" border=\"0\" \/><\/a><i>Papeles bilbilitanos<\/i>. 1981, Zaragoza, 1981, Centro de Estudios Bilbilitanos, 10, 160 p., 30 il., 17&#215;24 cm.<\/p>\n<p><b>\u00cdndice<\/b>: <b>MART\u00cdN BUENO, Manuel<\/b>, <i>Presentaci\u00f3n<\/i>, 2 p. <b>UTRILLA MIRANDA, Pilar<\/b>; <b>GIMENO, Jos\u00e9 Mar\u00eda<\/b>, <i>Yacimientos l\u00edticos de superficie de la cuenca del r\u00edo Jal\u00f3n<\/i>, 16 p., 10 il. <b>CANCELA RAM\u00cdREZ DE ARELLANO, Mar\u00eda Luisa<\/b>, <i>Dos piezas cer\u00e1micas del Museo Municipal de Calatayud<\/i>, 4 p., 3 il. <b>MART\u00cdN BUENO, Manuel<\/b>, <i>Apuntes monumentales en el Municipium Augusta B\u00edlbilis<\/i>, 10 p.<b> LIZ GUIRAL, Jes\u00fas<\/b>, <i>Cabeza de dedusa en cer\u00e1mica vidriada procedente de B\u00edlbilis<\/i>, 8 p., 1 il. <b>CABALLERO ZOREDA, Luis<\/b>, <i>La f\u00edbula aquiliforme visigoda considerada de Calatayud (Zaragoza), pero procedente de Espinosa de Henares (Guadalajara)<\/i>. Museo Arqueol\u00f3gico Nacional de Madrid, 4 p. <b>\u00c1LVARO ZAMORA, Mar\u00eda Isabel; MART\u00cdN BUENO, Manuel<\/b>, <i>Prospecciones arqueol\u00f3gicas en San Pedro M\u00e1rtir y otros puntos urbanos de Calatayud<\/i>, 6 p. <b>GUITART APARICIO, Crist\u00f3bal<\/b>, <i>El conjunto fortificado de Calatayud<\/i>, 20 p., 4 il., <b>REDONDO VEINTEMILLAS, Guillermo<\/b>, <i>Las Ordenanzas de la Comunidad de Calatayud de 1751<\/i>, 68 p., 63 p. facs\u00edmile. <b>P\u00c9REZ BOND\u00cdA, Jes\u00fas<\/b>, <i>Catalogaci\u00f3n cr\u00edtica de la obra pict\u00f3rica de la Casa de Cultura de Calatayud<\/i>, 6 p., 12 il.<\/p>\n<div class=\"item\">\n<div class=\"nom\"><strong><span class=\"ficha_txt1\">EDICI\u00d3N:<\/span><\/strong><\/div>\n<div class=\"items_block\">\n<ul>\n<li class=\"items_block_nom\"><span class=\"ficha_txt2\">Editado por:\u00a0<\/span><span class=\"normal\">IFC-CEB<\/span><\/li>\n<li class=\"items_block_nom\"><span class=\"ficha_txt2\">Edici\u00f3n:\u00a0<\/span><span class=\"normal\">160 p., 30 il., 17&#215;24 cm.<\/span><\/li>\n<li class=\"items_block_nom\"><span class=\"ficha_txt2\">A\u00f1o edici\u00f3n:\u00a0<\/span><span class=\"normal\">1981<\/span><\/li>\n<\/ul>\n<\/div>\n<\/div>\n<div class=\"item\">\n<div class=\"nom\"><span class=\"ficha_txt1\"><strong>COLECCI\u00d3N<\/strong>:\u00a0<\/span><span class=\"normal\">Centro de Estudios Bilbilitanos<\/span><\/div>\n<div class=\"nom\"><\/div>\n<\/div>\n<div class=\"item\">\n<div class=\"nom\"><span class=\"ficha_txt1\"><strong>N\u00ba PUBLICACI\u00d3N:<\/strong>\u00a0<\/span><span class=\"normal\">888\u00a0 (IFC) &#8211; 10 (CEB)<\/span><\/div>\n<div class=\"nom\"><\/div>\n<\/div>\n<div class=\"item\">\n<div class=\"nom\"><span class=\"ficha_txt1\"><strong>PRECIO:<\/strong>\u00a0<\/span><span class=\"normal\">Agotado<\/span><\/div>\n<div class=\"nom\"><\/div>\n<\/div>\n<div class=\"item\">\n<div class=\"nom\"><strong><span class=\"ficha_txt1\">MATERIAS:<\/span><\/strong><\/div>\n<div class=\"dat\">\n<div class=\"options2\">ESTUDIOS LOCALES Y COMARCALES &gt; Calatayud<\/div>\n<div class=\"options2\">HISTORIA: Prehistoria, Arqueolog\u00eda, Arte<\/div>\n<div class=\"options2\">DERECHO<\/div>\n<\/div>\n<\/div>\n","protected":false},"excerpt":{"rendered":"<p>Papeles bilbilitanos. 1981, Zaragoza, 1981, Centro de Estudios Bilbilitanos, 10, 160 p., 30 il., 17&#215;24 cm. \u00cdndice: MART\u00cdN BUENO, Manuel, Presentaci\u00f3n, 2 p. UTRILLA MIRANDA, Pilar; GIMENO, Jos\u00e9 Mar\u00eda, Yacimientos l\u00edticos de superficie de la cuenca del r\u00edo Jal\u00f3n, 16 &hellip; <a href=\"http:\/\/cebilbilitanos.com\/?page_id=251\">Sigue leyendo <span class=\"meta-nav\">&rarr;<\/span><\/a><\/p>\n","protected":false},"author":1,"featured_media":0,"parent":193,"menu_order":0,"comment_status":"open","ping_status":"open","template":"","meta":[],"_links":{"self":[{"href":"http:\/\/cebilbilitanos.com\/index.php?rest_route=\/wp\/v2\/pages\/251"}],"collection":[{"href":"http:\/\/cebilbilitanos.com\/index.php?rest_route=\/wp\/v2\/pages"}],"about":[{"href":"http:\/\/cebilbilitanos.com\/index.php?rest_route=\/wp\/v2\/types\/page"}],"author":[{"embeddable":true,"href":"http:\/\/cebilbilitanos.com\/index.php?rest_route=\/wp\/v2\/users\/1"}],"replies":[{"embeddable":true,"href":"http:\/\/cebilbilitanos.com\/index.php?rest_route=%2Fwp%2Fv2%2Fcomments&post=251"}],"version-history":[{"count":2,"href":"http:\/\/cebilbilitanos.com\/index.php?rest_route=\/wp\/v2\/pages\/251\/revisions"}],"predecessor-version":[{"id":683,"href":"http:\/\/cebilbilitanos.com\/index.php?rest_route=\/wp\/v2\/pages\/251\/revisions\/683"}],"up":[{"embeddable":true,"href":"http:\/\/cebilbilitanos.com\/index.php?rest_route=\/wp\/v2\/pages\/193"}],"wp:attachment":[{"href":"http:\/\/cebilbilitanos.com\/index.php?rest_route=%2Fwp%2Fv2%2Fmedia&parent=251"}],"curies":[{"name":"wp","href":"https:\/\/api.w.org\/{rel}","templated":true}]}}