{"id":242,"date":"2015-09-12T11:13:37","date_gmt":"2015-09-12T11:13:37","guid":{"rendered":"http:\/\/cebilbilitanos.com\/?page_id=242"},"modified":"2015-09-13T17:51:24","modified_gmt":"2015-09-13T17:51:24","slug":"papeles-bilbilitanos","status":"publish","type":"page","link":"http:\/\/cebilbilitanos.com\/?page_id=242","title":{"rendered":"Papeles Bilbilitanos"},"content":{"rendered":"<p><a style=\"clear: left; float: left; margin-bottom: 1em; margin-right: 1em;\" href=\"https:\/\/lh3.googleusercontent.com\/-2gkly22xdHo\/TWvkm7DEKPI\/AAAAAAAAAB4\/9CE3lNZRshI\/s1600\/cat_07.jpg\"><img decoding=\"async\" src=\"http:\/\/lh3.googleusercontent.com\/-2gkly22xdHo\/TWvkm7DEKPI\/AAAAAAAAAB4\/9CE3lNZRshI\/s1600\/cat_07.jpg\" alt=\"\" border=\"0\" \/><\/a><i>Papeles Bilbilitanos<\/i>. Calatayud, 1980, Zaragoza, 1980, Centro de Estudios Bilbilitanos, 7, 80 p., 50 il., 17&#215;24 cm.<\/p>\n<p><b>\u00cdndice<\/b>: <b>MART\u00cdN BUENO, Manuel<\/b>, <i>A modo de justificaci\u00f3n<\/i>, 2 p. <b>MART\u00cdN BUENO, Manuel<\/b>,<i> Los castillos de Almantes<\/i> (Calatayud, Zaragoza), 10 p., 3 il.<b> CANCELA RAM\u00cdREZ DE ARELLANO, Mar\u00eda Luisa<\/b>, <i>Peque\u00f1os objetos de bronce de B\u00edlbilis<\/i> (Calatayud), 14 p., 7 il.<b> GUITART APARICIO, Crist\u00f3bal<\/b>, <i>El castillo-palacio de Illueca<\/i>, 10 p., 3 il. <b>ORERA ORERA, Luisa<\/b>, <i>Constituciones de la iglesia del Santo Sepulcro de Calatayud<\/i> (1553), 40 p., 37 il.<\/p>\n<div class=\"item\">\n<div class=\"nom\"><strong><span class=\"ficha_txt1\">EDICI\u00d3N:<\/span><\/strong><\/div>\n<div class=\"items_block\">\n<ul>\n<li class=\"items_block_nom\"><span class=\"ficha_txt2\">Editado por:\u00a0<\/span><span class=\"normal\">IFC-CEB<\/span><\/li>\n<li class=\"items_block_nom\"><span class=\"ficha_txt2\">Edici\u00f3n:\u00a0<\/span><span class=\"normal\">80 p., 50 il., 17&#215;24 cm.<\/span><\/li>\n<li class=\"items_block_nom\"><span class=\"ficha_txt2\">A\u00f1o edici\u00f3n:\u00a0<\/span><span class=\"normal\">1980<\/span><\/li>\n<\/ul>\n<div class=\"items_block_nom\"><\/div>\n<\/div>\n<\/div>\n<div class=\"item\">\n<div class=\"nom\"><span class=\"ficha_txt1\"><strong>COLECCI\u00d3N:<\/strong>\u00a0<\/span><span class=\"normal\">Centro de Estudios Bilbilitanos<\/span><\/div>\n<div class=\"nom\"><\/div>\n<\/div>\n<div class=\"item\">\n<div class=\"nom\"><span class=\"ficha_txt1\"><strong>N\u00ba PUBLICACI\u00d3N:<\/strong>\u00a0<\/span><span class=\"normal\">796 (IFC) &#8211; 7\u00a0(CEB)<\/span><\/div>\n<div class=\"nom\"><\/div>\n<\/div>\n<div class=\"item\">\n<div class=\"nom\"><span class=\"ficha_txt1\"><strong>PRECIO:<\/strong>\u00a0<\/span><span class=\"normal\">0,00 \u20ac<\/span><\/div>\n<div class=\"nom\"><\/div>\n<\/div>\n<div class=\"item\">\n<div class=\"nom\"><strong><span class=\"ficha_txt1\">MATERIAS:<\/span><\/strong><\/div>\n<div class=\"dat\">\n<div class=\"options2\">ESTUDIOS LOCALES Y COMARCALES &gt; Calatayud<\/div>\n<div class=\"options2\">HISTORIA&gt; Arte, arqueolog\u00eda<\/div>\n<div class=\"options2\">GEOGRAF\u00cdA<\/div>\n<\/div>\n<\/div>\n","protected":false},"excerpt":{"rendered":"<p>Papeles Bilbilitanos. Calatayud, 1980, Zaragoza, 1980, Centro de Estudios Bilbilitanos, 7, 80 p., 50 il., 17&#215;24 cm. \u00cdndice: MART\u00cdN BUENO, Manuel, A modo de justificaci\u00f3n, 2 p. MART\u00cdN BUENO, Manuel, Los castillos de Almantes (Calatayud, Zaragoza), 10 p., 3 il. &hellip; <a href=\"http:\/\/cebilbilitanos.com\/?page_id=242\">Sigue leyendo <span class=\"meta-nav\">&rarr;<\/span><\/a><\/p>\n","protected":false},"author":1,"featured_media":0,"parent":193,"menu_order":0,"comment_status":"open","ping_status":"open","template":"","meta":[],"_links":{"self":[{"href":"http:\/\/cebilbilitanos.com\/index.php?rest_route=\/wp\/v2\/pages\/242"}],"collection":[{"href":"http:\/\/cebilbilitanos.com\/index.php?rest_route=\/wp\/v2\/pages"}],"about":[{"href":"http:\/\/cebilbilitanos.com\/index.php?rest_route=\/wp\/v2\/types\/page"}],"author":[{"embeddable":true,"href":"http:\/\/cebilbilitanos.com\/index.php?rest_route=\/wp\/v2\/users\/1"}],"replies":[{"embeddable":true,"href":"http:\/\/cebilbilitanos.com\/index.php?rest_route=%2Fwp%2Fv2%2Fcomments&post=242"}],"version-history":[{"count":2,"href":"http:\/\/cebilbilitanos.com\/index.php?rest_route=\/wp\/v2\/pages\/242\/revisions"}],"predecessor-version":[{"id":682,"href":"http:\/\/cebilbilitanos.com\/index.php?rest_route=\/wp\/v2\/pages\/242\/revisions\/682"}],"up":[{"embeddable":true,"href":"http:\/\/cebilbilitanos.com\/index.php?rest_route=\/wp\/v2\/pages\/193"}],"wp:attachment":[{"href":"http:\/\/cebilbilitanos.com\/index.php?rest_route=%2Fwp%2Fv2%2Fmedia&parent=242"}],"curies":[{"name":"wp","href":"https:\/\/api.w.org\/{rel}","templated":true}]}}